{"id":11336,"date":"2023-12-28T11:22:32","date_gmt":"2023-12-28T10:22:32","guid":{"rendered":"https:\/\/www.insolitbcn.com\/producto\/focus-line-double-ip-65\/"},"modified":"2025-03-07T12:12:36","modified_gmt":"2025-03-07T11:12:36","slug":"focus-line-double-ip-65","status":"publish","type":"product","link":"https:\/\/www.insolitbcn.com\/en\/product\/focus-line-double-ip-65\/","title":{"rendered":"Focus Line Double IP 65"},"content":{"rendered":"","protected":false},"excerpt":{"rendered":"<p>Projecteur design Up&#038;Down pour mur con\u00e7u pour \u00eatre utilis\u00e9 avec une ampoule LED GU10 replaceable pour la changer chaque fois que n\u00e9cessaire sans avoir \u00e0 changer l&#8217;ensemble du produit. Cela conf\u00e8re une longue dur\u00e9e de vie au produit et permet de proposer un nombre infinite d&#8217;ampoules sur le march\u00e9 avec diff\u00e9rentes color temperatures, puissances et angles d&#8217;ouverture. Body in aluminum used, anodis\u00e9 black mat or laqu\u00e9 blanc or champagne, with bague avant and capot arri\u00e8re anodis\u00e9s noir mat.<\/p>\n","protected":false},"featured_media":22620,"template":"","meta":{"_acf_changed":false},"product_brand":[],"product_cat":[372],"product_tag":[1036],"disenador":[591],"class_list":{"0":"post-11336","1":"product","2":"type-product","3":"status-publish","4":"has-post-thumbnail","6":"product_cat-focus-line-en","7":"product_tag-focus-line","8":"disenador-jean-michel-wilmotte-en","10":"first","11":"instock","12":"taxable","13":"shipping-taxable","14":"purchasable","15":"product-type-variable"},"acf":[],"yoast_head":"<!-- This site is optimized with the Yoast SEO plugin v27.5 - https:\/\/yoast.com\/product\/yoast-seo-wordpress\/ -->\n<title>Designer lamp Focus Line Double IP 65 by Insolit Barcelona Lighting<\/title>\n<meta name=\"robots\" content=\"index, follow, max-snippet:-1, max-image-preview:large, max-video-preview:-1\" \/>\n<link rel=\"canonical\" href=\"https:\/\/www.insolitbcn.com\/en\/product\/focus-line-double-ip-65\/\" \/>\n<meta property=\"og:locale\" content=\"en_US\" \/>\n<meta property=\"og:type\" content=\"article\" \/>\n<meta property=\"og:title\" content=\"Designer lamp Focus Line Double IP 65 by Insolit Barcelona Lighting\" \/>\n<meta property=\"og:description\" content=\"Projecteur design Up&amp;Down pour mur con\u00e7u pour \u00eatre utilis\u00e9 avec une ampoule LED GU10 replaceable pour la changer chaque fois que n\u00e9cessaire sans avoir \u00e0 changer l&#039;ensemble du produit. Cela conf\u00e8re une longue dur\u00e9e de vie au produit et permet de proposer un nombre infinite d&#039;ampoules sur le march\u00e9 avec diff\u00e9rentes color temperatures, puissances et angles d&#039;ouverture. Body in aluminum used, anodis\u00e9 black mat or laqu\u00e9 blanc or champagne, with bague avant and capot arri\u00e8re anodis\u00e9s noir mat.\" \/>\n<meta property=\"og:url\" content=\"https:\/\/www.insolitbcn.com\/en\/product\/focus-line-double-ip-65\/\" \/>\n<meta property=\"og:site_name\" content=\"Insolit Barcelona Lighting\" \/>\n<meta property=\"article:publisher\" content=\"https:\/\/www.facebook.com\/insolitbcnlighting\/?locale=es_ES\" \/>\n<meta property=\"article:modified_time\" content=\"2025-03-07T11:12:36+00:00\" \/>\n<meta property=\"og:image\" content=\"https:\/\/www.insolitbcn.com\/wp-content\/uploads\/2023\/12\/focus-line-double-ip65-4.jpg\" \/>\n\t<meta property=\"og:image:width\" content=\"401\" \/>\n\t<meta property=\"og:image:height\" content=\"677\" \/>\n\t<meta property=\"og:image:type\" content=\"image\/jpeg\" \/>\n<meta name=\"twitter:card\" content=\"summary_large_image\" \/>\n<script type=\"application\/ld+json\" class=\"yoast-schema-graph\">{\"@context\":\"https:\\\/\\\/schema.org\",\"@graph\":[{\"@type\":\"WebPage\",\"@id\":\"https:\\\/\\\/www.insolitbcn.com\\\/en\\\/product\\\/focus-line-double-ip-65\\\/\",\"url\":\"https:\\\/\\\/www.insolitbcn.com\\\/en\\\/product\\\/focus-line-double-ip-65\\\/\",\"name\":\"Designer lamp Focus Line Double IP 65 by Insolit Barcelona Lighting\",\"isPartOf\":{\"@id\":\"https:\\\/\\\/www.insolitbcn.com\\\/en\\\/#website\"},\"primaryImageOfPage\":{\"@id\":\"https:\\\/\\\/www.insolitbcn.com\\\/en\\\/product\\\/focus-line-double-ip-65\\\/#primaryimage\"},\"image\":{\"@id\":\"https:\\\/\\\/www.insolitbcn.com\\\/en\\\/product\\\/focus-line-double-ip-65\\\/#primaryimage\"},\"thumbnailUrl\":\"https:\\\/\\\/www.insolitbcn.com\\\/wp-content\\\/uploads\\\/2023\\\/12\\\/focus-line-double-ip65-4.jpg\",\"datePublished\":\"2023-12-28T10:22:32+00:00\",\"dateModified\":\"2025-03-07T11:12:36+00:00\",\"breadcrumb\":{\"@id\":\"https:\\\/\\\/www.insolitbcn.com\\\/en\\\/product\\\/focus-line-double-ip-65\\\/#breadcrumb\"},\"inLanguage\":\"en-US\",\"potentialAction\":[{\"@type\":\"ReadAction\",\"target\":[\"https:\\\/\\\/www.insolitbcn.com\\\/en\\\/product\\\/focus-line-double-ip-65\\\/\"]}]},{\"@type\":\"ImageObject\",\"inLanguage\":\"en-US\",\"@id\":\"https:\\\/\\\/www.insolitbcn.com\\\/en\\\/product\\\/focus-line-double-ip-65\\\/#primaryimage\",\"url\":\"https:\\\/\\\/www.insolitbcn.com\\\/wp-content\\\/uploads\\\/2023\\\/12\\\/focus-line-double-ip65-4.jpg\",\"contentUrl\":\"https:\\\/\\\/www.insolitbcn.com\\\/wp-content\\\/uploads\\\/2023\\\/12\\\/focus-line-double-ip65-4.jpg\",\"width\":401,\"height\":677,\"caption\":\"Proyector exterior doble orientable dise\u00f1ado por Jean-Michel Wilmotte. Insolit Focus Line Double IP65\"},{\"@type\":\"BreadcrumbList\",\"@id\":\"https:\\\/\\\/www.insolitbcn.com\\\/en\\\/product\\\/focus-line-double-ip-65\\\/#breadcrumb\",\"itemListElement\":[{\"@type\":\"ListItem\",\"position\":1,\"name\":\"Portada\",\"item\":\"https:\\\/\\\/www.insolitbcn.com\\\/en\\\/\"},{\"@type\":\"ListItem\",\"position\":2,\"name\":\"Lamps\",\"item\":\"https:\\\/\\\/www.insolitbcn.com\\\/lamparas\\\/\"},{\"@type\":\"ListItem\",\"position\":3,\"name\":\"Focus Line Double IP 65\"}]},{\"@type\":\"WebSite\",\"@id\":\"https:\\\/\\\/www.insolitbcn.com\\\/en\\\/#website\",\"url\":\"https:\\\/\\\/www.insolitbcn.com\\\/en\\\/\",\"name\":\"Insolit\",\"description\":\"We craft lighting pieces that shape ambiance and reveal identity\",\"publisher\":{\"@id\":\"https:\\\/\\\/www.insolitbcn.com\\\/en\\\/#organization\"},\"alternateName\":\"L\u00e1mparas de Dise\u00f1o\",\"potentialAction\":[{\"@type\":\"SearchAction\",\"target\":{\"@type\":\"EntryPoint\",\"urlTemplate\":\"https:\\\/\\\/www.insolitbcn.com\\\/en\\\/?s={search_term_string}\"},\"query-input\":{\"@type\":\"PropertyValueSpecification\",\"valueRequired\":true,\"valueName\":\"search_term_string\"}}],\"inLanguage\":\"en-US\"},{\"@type\":\"Organization\",\"@id\":\"https:\\\/\\\/www.insolitbcn.com\\\/en\\\/#organization\",\"name\":\"Insolit\",\"alternateName\":\"L\u00e1mparas de Dise\u00f1o\",\"url\":\"https:\\\/\\\/www.insolitbcn.com\\\/en\\\/\",\"logo\":{\"@type\":\"ImageObject\",\"inLanguage\":\"en-US\",\"@id\":\"https:\\\/\\\/www.insolitbcn.com\\\/en\\\/#\\\/schema\\\/logo\\\/image\\\/\",\"url\":\"https:\\\/\\\/www.insolitbcn.com\\\/wp-content\\\/uploads\\\/2024\\\/02\\\/insolit-imagen-696.jpg\",\"contentUrl\":\"https:\\\/\\\/www.insolitbcn.com\\\/wp-content\\\/uploads\\\/2024\\\/02\\\/insolit-imagen-696.jpg\",\"width\":696,\"height\":696,\"caption\":\"Insolit\"},\"image\":{\"@id\":\"https:\\\/\\\/www.insolitbcn.com\\\/en\\\/#\\\/schema\\\/logo\\\/image\\\/\"},\"sameAs\":[\"https:\\\/\\\/www.facebook.com\\\/insolitbcnlighting\\\/?locale=es_ES\",\"https:\\\/\\\/www.instagram.com\\\/insolit_bcn_lighting\\\/?hl=es\",\"https:\\\/\\\/www.linkedin.com\\\/company\\\/insolit-bcn-lighting\\\/posts\\\/?feedView=all\",\"https:\\\/\\\/es.pinterest.com\\\/insolitbcn\\\/\",\"https:\\\/\\\/www.youtube.com\\\/watch?v=1jz99K0VUKA\"]}]}<\/script>\n<!-- \/ Yoast SEO plugin. -->","yoast_head_json":{"title":"Designer lamp Focus Line Double IP 65 by Insolit Barcelona Lighting","robots":{"index":"index","follow":"follow","max-snippet":"max-snippet:-1","max-image-preview":"max-image-preview:large","max-video-preview":"max-video-preview:-1"},"canonical":"https:\/\/www.insolitbcn.com\/en\/product\/focus-line-double-ip-65\/","og_locale":"en_US","og_type":"article","og_title":"Designer lamp Focus Line Double IP 65 by Insolit Barcelona Lighting","og_description":"Projecteur design Up&Down pour mur con\u00e7u pour \u00eatre utilis\u00e9 avec une ampoule LED GU10 replaceable pour la changer chaque fois que n\u00e9cessaire sans avoir \u00e0 changer l'ensemble du produit. Cela conf\u00e8re une longue dur\u00e9e de vie au produit et permet de proposer un nombre infinite d'ampoules sur le march\u00e9 avec diff\u00e9rentes color temperatures, puissances et angles d'ouverture. Body in aluminum used, anodis\u00e9 black mat or laqu\u00e9 blanc or champagne, with bague avant and capot arri\u00e8re anodis\u00e9s noir mat.","og_url":"https:\/\/www.insolitbcn.com\/en\/product\/focus-line-double-ip-65\/","og_site_name":"Insolit Barcelona Lighting","article_publisher":"https:\/\/www.facebook.com\/insolitbcnlighting\/?locale=es_ES","article_modified_time":"2025-03-07T11:12:36+00:00","og_image":[{"width":401,"height":677,"url":"https:\/\/www.insolitbcn.com\/wp-content\/uploads\/2023\/12\/focus-line-double-ip65-4.jpg","type":"image\/jpeg"}],"twitter_card":"summary_large_image","schema":{"@context":"https:\/\/schema.org","@graph":[{"@type":"WebPage","@id":"https:\/\/www.insolitbcn.com\/en\/product\/focus-line-double-ip-65\/","url":"https:\/\/www.insolitbcn.com\/en\/product\/focus-line-double-ip-65\/","name":"Designer lamp Focus Line Double IP 65 by Insolit Barcelona Lighting","isPartOf":{"@id":"https:\/\/www.insolitbcn.com\/en\/#website"},"primaryImageOfPage":{"@id":"https:\/\/www.insolitbcn.com\/en\/product\/focus-line-double-ip-65\/#primaryimage"},"image":{"@id":"https:\/\/www.insolitbcn.com\/en\/product\/focus-line-double-ip-65\/#primaryimage"},"thumbnailUrl":"https:\/\/www.insolitbcn.com\/wp-content\/uploads\/2023\/12\/focus-line-double-ip65-4.jpg","datePublished":"2023-12-28T10:22:32+00:00","dateModified":"2025-03-07T11:12:36+00:00","breadcrumb":{"@id":"https:\/\/www.insolitbcn.com\/en\/product\/focus-line-double-ip-65\/#breadcrumb"},"inLanguage":"en-US","potentialAction":[{"@type":"ReadAction","target":["https:\/\/www.insolitbcn.com\/en\/product\/focus-line-double-ip-65\/"]}]},{"@type":"ImageObject","inLanguage":"en-US","@id":"https:\/\/www.insolitbcn.com\/en\/product\/focus-line-double-ip-65\/#primaryimage","url":"https:\/\/www.insolitbcn.com\/wp-content\/uploads\/2023\/12\/focus-line-double-ip65-4.jpg","contentUrl":"https:\/\/www.insolitbcn.com\/wp-content\/uploads\/2023\/12\/focus-line-double-ip65-4.jpg","width":401,"height":677,"caption":"Proyector exterior doble orientable dise\u00f1ado por Jean-Michel Wilmotte. Insolit Focus Line Double IP65"},{"@type":"BreadcrumbList","@id":"https:\/\/www.insolitbcn.com\/en\/product\/focus-line-double-ip-65\/#breadcrumb","itemListElement":[{"@type":"ListItem","position":1,"name":"Portada","item":"https:\/\/www.insolitbcn.com\/en\/"},{"@type":"ListItem","position":2,"name":"Lamps","item":"https:\/\/www.insolitbcn.com\/lamparas\/"},{"@type":"ListItem","position":3,"name":"Focus Line Double IP 65"}]},{"@type":"WebSite","@id":"https:\/\/www.insolitbcn.com\/en\/#website","url":"https:\/\/www.insolitbcn.com\/en\/","name":"Insolit","description":"We craft lighting pieces that shape ambiance and reveal identity","publisher":{"@id":"https:\/\/www.insolitbcn.com\/en\/#organization"},"alternateName":"L\u00e1mparas de Dise\u00f1o","potentialAction":[{"@type":"SearchAction","target":{"@type":"EntryPoint","urlTemplate":"https:\/\/www.insolitbcn.com\/en\/?s={search_term_string}"},"query-input":{"@type":"PropertyValueSpecification","valueRequired":true,"valueName":"search_term_string"}}],"inLanguage":"en-US"},{"@type":"Organization","@id":"https:\/\/www.insolitbcn.com\/en\/#organization","name":"Insolit","alternateName":"L\u00e1mparas de Dise\u00f1o","url":"https:\/\/www.insolitbcn.com\/en\/","logo":{"@type":"ImageObject","inLanguage":"en-US","@id":"https:\/\/www.insolitbcn.com\/en\/#\/schema\/logo\/image\/","url":"https:\/\/www.insolitbcn.com\/wp-content\/uploads\/2024\/02\/insolit-imagen-696.jpg","contentUrl":"https:\/\/www.insolitbcn.com\/wp-content\/uploads\/2024\/02\/insolit-imagen-696.jpg","width":696,"height":696,"caption":"Insolit"},"image":{"@id":"https:\/\/www.insolitbcn.com\/en\/#\/schema\/logo\/image\/"},"sameAs":["https:\/\/www.facebook.com\/insolitbcnlighting\/?locale=es_ES","https:\/\/www.instagram.com\/insolit_bcn_lighting\/?hl=es","https:\/\/www.linkedin.com\/company\/insolit-bcn-lighting\/posts\/?feedView=all","https:\/\/es.pinterest.com\/insolitbcn\/","https:\/\/www.youtube.com\/watch?v=1jz99K0VUKA"]}]}},"_links":{"self":[{"href":"https:\/\/www.insolitbcn.com\/en\/wp-json\/wp\/v2\/product\/11336","targetHints":{"allow":["GET"]}}],"collection":[{"href":"https:\/\/www.insolitbcn.com\/en\/wp-json\/wp\/v2\/product"}],"about":[{"href":"https:\/\/www.insolitbcn.com\/en\/wp-json\/wp\/v2\/types\/product"}],"wp:featuredmedia":[{"embeddable":true,"href":"https:\/\/www.insolitbcn.com\/en\/wp-json\/wp\/v2\/media\/22620"}],"wp:attachment":[{"href":"https:\/\/www.insolitbcn.com\/en\/wp-json\/wp\/v2\/media?parent=11336"}],"wp:term":[{"taxonomy":"product_brand","embeddable":true,"href":"https:\/\/www.insolitbcn.com\/en\/wp-json\/wp\/v2\/product_brand?post=11336"},{"taxonomy":"product_cat","embeddable":true,"href":"https:\/\/www.insolitbcn.com\/en\/wp-json\/wp\/v2\/product_cat?post=11336"},{"taxonomy":"product_tag","embeddable":true,"href":"https:\/\/www.insolitbcn.com\/en\/wp-json\/wp\/v2\/product_tag?post=11336"},{"taxonomy":"disenador","embeddable":true,"href":"https:\/\/www.insolitbcn.com\/en\/wp-json\/wp\/v2\/disenador?post=11336"}],"curies":[{"name":"wp","href":"https:\/\/api.w.org\/{rel}","templated":true}]}}