{"id":12816,"date":"2023-12-26T11:38:56","date_gmt":"2023-12-26T10:38:56","guid":{"rendered":"https:\/\/www.insolitbcn.com\/producto\/tr-ceiling-up\/"},"modified":"2025-11-16T22:27:45","modified_gmt":"2025-11-16T21:27:45","slug":"tr-ceiling-up","status":"publish","type":"product","link":"https:\/\/www.insolitbcn.com\/en\/product\/tr-ceiling-up\/","title":{"rendered":"TR Ceiling Up"},"content":{"rendered":"","protected":false},"excerpt":{"rendered":"<p>Circular design ceiling luminaire with indirect light in extruded and curved aluminum profile. Gel polycarbonate diffuser. Flexible PCB LED designed by Insolit for the TR collection. Installation with stems at different heights that allow overlapping with other TR Ceiling luminaires. Separate circular canopy for surface installation. Fully customizable.<\/p>\n","protected":false},"featured_media":10971,"template":"","meta":{"_acf_changed":false},"product_brand":[],"product_cat":[986,411,409],"product_tag":[1027],"disenador":[596],"class_list":{"0":"post-12816","1":"product","2":"type-product","3":"status-publish","4":"has-post-thumbnail","6":"product_cat-roof","7":"product_cat-roof-tr","8":"product_cat-tr-en","9":"product_tag-tr","10":"disenador-josep-lluis-xucla-en","12":"first","13":"instock","14":"taxable","15":"shipping-taxable","16":"purchasable","17":"product-type-variable"},"acf":[],"yoast_head":"<!-- This site is optimized with the Yoast SEO plugin v27.5 - https:\/\/yoast.com\/product\/yoast-seo-wordpress\/ -->\n<title>Designer lamp TR Ceiling Up by Insolit Barcelona Lighting<\/title>\n<meta name=\"robots\" content=\"index, follow, max-snippet:-1, max-image-preview:large, max-video-preview:-1\" \/>\n<link rel=\"canonical\" href=\"https:\/\/www.insolitbcn.com\/en\/product\/tr-ceiling-up\/\" \/>\n<meta property=\"og:locale\" content=\"en_US\" \/>\n<meta property=\"og:type\" content=\"article\" \/>\n<meta property=\"og:title\" content=\"Designer lamp TR Ceiling Up by Insolit Barcelona Lighting\" \/>\n<meta property=\"og:description\" content=\"Circular design ceiling luminaire with indirect light in extruded and curved aluminum profile. Gel polycarbonate diffuser. Flexible PCB LED designed by Insolit for the TR collection. Installation with stems at different heights that allow overlapping with other TR Ceiling luminaires. Separate circular canopy for surface installation. Fully customizable.\" \/>\n<meta property=\"og:url\" content=\"https:\/\/www.insolitbcn.com\/en\/product\/tr-ceiling-up\/\" \/>\n<meta property=\"og:site_name\" content=\"Insolit Barcelona Lighting\" \/>\n<meta property=\"article:publisher\" content=\"https:\/\/www.facebook.com\/insolitbcnlighting\/?locale=es_ES\" \/>\n<meta property=\"article:modified_time\" content=\"2025-11-16T21:27:45+00:00\" \/>\n<meta property=\"og:image\" content=\"https:\/\/www.insolitbcn.com\/wp-content\/uploads\/2023\/12\/circular-lamp-indirect-light-insolit.jpg\" \/>\n\t<meta property=\"og:image:width\" content=\"400\" \/>\n\t<meta property=\"og:image:height\" content=\"677\" \/>\n\t<meta property=\"og:image:type\" content=\"image\/jpeg\" \/>\n<meta name=\"twitter:card\" content=\"summary_large_image\" \/>\n<script type=\"application\/ld+json\" class=\"yoast-schema-graph\">{\"@context\":\"https:\\\/\\\/schema.org\",\"@graph\":[{\"@type\":\"WebPage\",\"@id\":\"https:\\\/\\\/www.insolitbcn.com\\\/en\\\/product\\\/tr-ceiling-up\\\/\",\"url\":\"https:\\\/\\\/www.insolitbcn.com\\\/en\\\/product\\\/tr-ceiling-up\\\/\",\"name\":\"Designer lamp TR Ceiling Up by Insolit Barcelona Lighting\",\"isPartOf\":{\"@id\":\"https:\\\/\\\/www.insolitbcn.com\\\/en\\\/#website\"},\"primaryImageOfPage\":{\"@id\":\"https:\\\/\\\/www.insolitbcn.com\\\/en\\\/product\\\/tr-ceiling-up\\\/#primaryimage\"},\"image\":{\"@id\":\"https:\\\/\\\/www.insolitbcn.com\\\/en\\\/product\\\/tr-ceiling-up\\\/#primaryimage\"},\"thumbnailUrl\":\"https:\\\/\\\/www.insolitbcn.com\\\/wp-content\\\/uploads\\\/2023\\\/12\\\/circular-lamp-indirect-light-insolit.jpg\",\"datePublished\":\"2023-12-26T10:38:56+00:00\",\"dateModified\":\"2025-11-16T21:27:45+00:00\",\"breadcrumb\":{\"@id\":\"https:\\\/\\\/www.insolitbcn.com\\\/en\\\/product\\\/tr-ceiling-up\\\/#breadcrumb\"},\"inLanguage\":\"en-US\",\"potentialAction\":[{\"@type\":\"ReadAction\",\"target\":[\"https:\\\/\\\/www.insolitbcn.com\\\/en\\\/product\\\/tr-ceiling-up\\\/\"]}]},{\"@type\":\"ImageObject\",\"inLanguage\":\"en-US\",\"@id\":\"https:\\\/\\\/www.insolitbcn.com\\\/en\\\/product\\\/tr-ceiling-up\\\/#primaryimage\",\"url\":\"https:\\\/\\\/www.insolitbcn.com\\\/wp-content\\\/uploads\\\/2023\\\/12\\\/circular-lamp-indirect-light-insolit.jpg\",\"contentUrl\":\"https:\\\/\\\/www.insolitbcn.com\\\/wp-content\\\/uploads\\\/2023\\\/12\\\/circular-lamp-indirect-light-insolit.jpg\",\"width\":400,\"height\":677,\"caption\":\"Lampara de dise\u00f1o circular colgante a luz indirecta design by Josep Llu\u00eds Xucl\u00e0. Insolit TR Ceiling Up\"},{\"@type\":\"BreadcrumbList\",\"@id\":\"https:\\\/\\\/www.insolitbcn.com\\\/en\\\/product\\\/tr-ceiling-up\\\/#breadcrumb\",\"itemListElement\":[{\"@type\":\"ListItem\",\"position\":1,\"name\":\"Portada\",\"item\":\"https:\\\/\\\/www.insolitbcn.com\\\/en\\\/\"},{\"@type\":\"ListItem\",\"position\":2,\"name\":\"Lamps\",\"item\":\"https:\\\/\\\/www.insolitbcn.com\\\/lamparas\\\/\"},{\"@type\":\"ListItem\",\"position\":3,\"name\":\"TR Ceiling Up\"}]},{\"@type\":\"WebSite\",\"@id\":\"https:\\\/\\\/www.insolitbcn.com\\\/en\\\/#website\",\"url\":\"https:\\\/\\\/www.insolitbcn.com\\\/en\\\/\",\"name\":\"Insolit\",\"description\":\"We craft lighting pieces that shape ambiance and reveal identity\",\"publisher\":{\"@id\":\"https:\\\/\\\/www.insolitbcn.com\\\/en\\\/#organization\"},\"alternateName\":\"L\u00e1mparas de Dise\u00f1o\",\"potentialAction\":[{\"@type\":\"SearchAction\",\"target\":{\"@type\":\"EntryPoint\",\"urlTemplate\":\"https:\\\/\\\/www.insolitbcn.com\\\/en\\\/?s={search_term_string}\"},\"query-input\":{\"@type\":\"PropertyValueSpecification\",\"valueRequired\":true,\"valueName\":\"search_term_string\"}}],\"inLanguage\":\"en-US\"},{\"@type\":\"Organization\",\"@id\":\"https:\\\/\\\/www.insolitbcn.com\\\/en\\\/#organization\",\"name\":\"Insolit\",\"alternateName\":\"L\u00e1mparas de Dise\u00f1o\",\"url\":\"https:\\\/\\\/www.insolitbcn.com\\\/en\\\/\",\"logo\":{\"@type\":\"ImageObject\",\"inLanguage\":\"en-US\",\"@id\":\"https:\\\/\\\/www.insolitbcn.com\\\/en\\\/#\\\/schema\\\/logo\\\/image\\\/\",\"url\":\"https:\\\/\\\/www.insolitbcn.com\\\/wp-content\\\/uploads\\\/2024\\\/02\\\/insolit-imagen-696.jpg\",\"contentUrl\":\"https:\\\/\\\/www.insolitbcn.com\\\/wp-content\\\/uploads\\\/2024\\\/02\\\/insolit-imagen-696.jpg\",\"width\":696,\"height\":696,\"caption\":\"Insolit\"},\"image\":{\"@id\":\"https:\\\/\\\/www.insolitbcn.com\\\/en\\\/#\\\/schema\\\/logo\\\/image\\\/\"},\"sameAs\":[\"https:\\\/\\\/www.facebook.com\\\/insolitbcnlighting\\\/?locale=es_ES\",\"https:\\\/\\\/www.instagram.com\\\/insolit_bcn_lighting\\\/?hl=es\",\"https:\\\/\\\/www.linkedin.com\\\/company\\\/insolit-bcn-lighting\\\/posts\\\/?feedView=all\",\"https:\\\/\\\/es.pinterest.com\\\/insolitbcn\\\/\",\"https:\\\/\\\/www.youtube.com\\\/watch?v=1jz99K0VUKA\"]}]}<\/script>\n<!-- \/ Yoast SEO plugin. -->","yoast_head_json":{"title":"Designer lamp TR Ceiling Up by Insolit Barcelona Lighting","robots":{"index":"index","follow":"follow","max-snippet":"max-snippet:-1","max-image-preview":"max-image-preview:large","max-video-preview":"max-video-preview:-1"},"canonical":"https:\/\/www.insolitbcn.com\/en\/product\/tr-ceiling-up\/","og_locale":"en_US","og_type":"article","og_title":"Designer lamp TR Ceiling Up by Insolit Barcelona Lighting","og_description":"Circular design ceiling luminaire with indirect light in extruded and curved aluminum profile. Gel polycarbonate diffuser. Flexible PCB LED designed by Insolit for the TR collection. Installation with stems at different heights that allow overlapping with other TR Ceiling luminaires. Separate circular canopy for surface installation. Fully customizable.","og_url":"https:\/\/www.insolitbcn.com\/en\/product\/tr-ceiling-up\/","og_site_name":"Insolit Barcelona Lighting","article_publisher":"https:\/\/www.facebook.com\/insolitbcnlighting\/?locale=es_ES","article_modified_time":"2025-11-16T21:27:45+00:00","og_image":[{"width":400,"height":677,"url":"https:\/\/www.insolitbcn.com\/wp-content\/uploads\/2023\/12\/circular-lamp-indirect-light-insolit.jpg","type":"image\/jpeg"}],"twitter_card":"summary_large_image","schema":{"@context":"https:\/\/schema.org","@graph":[{"@type":"WebPage","@id":"https:\/\/www.insolitbcn.com\/en\/product\/tr-ceiling-up\/","url":"https:\/\/www.insolitbcn.com\/en\/product\/tr-ceiling-up\/","name":"Designer lamp TR Ceiling Up by Insolit Barcelona Lighting","isPartOf":{"@id":"https:\/\/www.insolitbcn.com\/en\/#website"},"primaryImageOfPage":{"@id":"https:\/\/www.insolitbcn.com\/en\/product\/tr-ceiling-up\/#primaryimage"},"image":{"@id":"https:\/\/www.insolitbcn.com\/en\/product\/tr-ceiling-up\/#primaryimage"},"thumbnailUrl":"https:\/\/www.insolitbcn.com\/wp-content\/uploads\/2023\/12\/circular-lamp-indirect-light-insolit.jpg","datePublished":"2023-12-26T10:38:56+00:00","dateModified":"2025-11-16T21:27:45+00:00","breadcrumb":{"@id":"https:\/\/www.insolitbcn.com\/en\/product\/tr-ceiling-up\/#breadcrumb"},"inLanguage":"en-US","potentialAction":[{"@type":"ReadAction","target":["https:\/\/www.insolitbcn.com\/en\/product\/tr-ceiling-up\/"]}]},{"@type":"ImageObject","inLanguage":"en-US","@id":"https:\/\/www.insolitbcn.com\/en\/product\/tr-ceiling-up\/#primaryimage","url":"https:\/\/www.insolitbcn.com\/wp-content\/uploads\/2023\/12\/circular-lamp-indirect-light-insolit.jpg","contentUrl":"https:\/\/www.insolitbcn.com\/wp-content\/uploads\/2023\/12\/circular-lamp-indirect-light-insolit.jpg","width":400,"height":677,"caption":"Lampara de dise\u00f1o circular colgante a luz indirecta design by Josep Llu\u00eds Xucl\u00e0. Insolit TR Ceiling Up"},{"@type":"BreadcrumbList","@id":"https:\/\/www.insolitbcn.com\/en\/product\/tr-ceiling-up\/#breadcrumb","itemListElement":[{"@type":"ListItem","position":1,"name":"Portada","item":"https:\/\/www.insolitbcn.com\/en\/"},{"@type":"ListItem","position":2,"name":"Lamps","item":"https:\/\/www.insolitbcn.com\/lamparas\/"},{"@type":"ListItem","position":3,"name":"TR Ceiling Up"}]},{"@type":"WebSite","@id":"https:\/\/www.insolitbcn.com\/en\/#website","url":"https:\/\/www.insolitbcn.com\/en\/","name":"Insolit","description":"We craft lighting pieces that shape ambiance and reveal identity","publisher":{"@id":"https:\/\/www.insolitbcn.com\/en\/#organization"},"alternateName":"L\u00e1mparas de Dise\u00f1o","potentialAction":[{"@type":"SearchAction","target":{"@type":"EntryPoint","urlTemplate":"https:\/\/www.insolitbcn.com\/en\/?s={search_term_string}"},"query-input":{"@type":"PropertyValueSpecification","valueRequired":true,"valueName":"search_term_string"}}],"inLanguage":"en-US"},{"@type":"Organization","@id":"https:\/\/www.insolitbcn.com\/en\/#organization","name":"Insolit","alternateName":"L\u00e1mparas de Dise\u00f1o","url":"https:\/\/www.insolitbcn.com\/en\/","logo":{"@type":"ImageObject","inLanguage":"en-US","@id":"https:\/\/www.insolitbcn.com\/en\/#\/schema\/logo\/image\/","url":"https:\/\/www.insolitbcn.com\/wp-content\/uploads\/2024\/02\/insolit-imagen-696.jpg","contentUrl":"https:\/\/www.insolitbcn.com\/wp-content\/uploads\/2024\/02\/insolit-imagen-696.jpg","width":696,"height":696,"caption":"Insolit"},"image":{"@id":"https:\/\/www.insolitbcn.com\/en\/#\/schema\/logo\/image\/"},"sameAs":["https:\/\/www.facebook.com\/insolitbcnlighting\/?locale=es_ES","https:\/\/www.instagram.com\/insolit_bcn_lighting\/?hl=es","https:\/\/www.linkedin.com\/company\/insolit-bcn-lighting\/posts\/?feedView=all","https:\/\/es.pinterest.com\/insolitbcn\/","https:\/\/www.youtube.com\/watch?v=1jz99K0VUKA"]}]}},"_links":{"self":[{"href":"https:\/\/www.insolitbcn.com\/en\/wp-json\/wp\/v2\/product\/12816","targetHints":{"allow":["GET"]}}],"collection":[{"href":"https:\/\/www.insolitbcn.com\/en\/wp-json\/wp\/v2\/product"}],"about":[{"href":"https:\/\/www.insolitbcn.com\/en\/wp-json\/wp\/v2\/types\/product"}],"wp:featuredmedia":[{"embeddable":true,"href":"https:\/\/www.insolitbcn.com\/en\/wp-json\/wp\/v2\/media\/10971"}],"wp:attachment":[{"href":"https:\/\/www.insolitbcn.com\/en\/wp-json\/wp\/v2\/media?parent=12816"}],"wp:term":[{"taxonomy":"product_brand","embeddable":true,"href":"https:\/\/www.insolitbcn.com\/en\/wp-json\/wp\/v2\/product_brand?post=12816"},{"taxonomy":"product_cat","embeddable":true,"href":"https:\/\/www.insolitbcn.com\/en\/wp-json\/wp\/v2\/product_cat?post=12816"},{"taxonomy":"product_tag","embeddable":true,"href":"https:\/\/www.insolitbcn.com\/en\/wp-json\/wp\/v2\/product_tag?post=12816"},{"taxonomy":"disenador","embeddable":true,"href":"https:\/\/www.insolitbcn.com\/en\/wp-json\/wp\/v2\/disenador?post=12816"}],"curies":[{"name":"wp","href":"https:\/\/api.w.org\/{rel}","templated":true}]}}