{"id":13839,"date":"2023-12-28T12:11:11","date_gmt":"2023-12-28T11:11:11","guid":{"rendered":"https:\/\/www.insolitbcn.com\/producto\/lc\/"},"modified":"2025-11-16T22:46:16","modified_gmt":"2025-11-16T21:46:16","slug":"lc","status":"publish","type":"product","link":"https:\/\/www.insolitbcn.com\/en\/product\/lc\/","title":{"rendered":"LC"},"content":{"rendered":"","protected":false},"excerpt":{"rendered":"<p>Portable design table lamp from machined aluminium. Polycarbonate diffuser. On\/Off\/Dim touch switch and USB port for charging. Chadleholder in the upper part of the lamp with a magnetic tip.<\/p>\n","protected":false},"featured_media":10887,"template":"","meta":{"_acf_changed":false},"product_brand":[],"product_cat":[993,991,988,395,396,397,398],"product_tag":[1042],"disenador":[596],"class_list":{"0":"post-13839","1":"product","2":"type-product","3":"status-publish","4":"has-post-thumbnail","6":"product_cat-tabletop","7":"product_cat-outside","8":"product_cat-portable","9":"product_cat-lc-en","10":"product_cat-outside-lc","11":"product_cat-portable-lc","12":"product_cat-tabletop-lc","13":"product_tag-lc","14":"disenador-josep-lluis-xucla-en","16":"first","17":"instock","18":"taxable","19":"shipping-taxable","20":"purchasable","21":"product-type-variable","22":"has-default-attributes"},"acf":[],"yoast_head":"<!-- This site is optimized with the Yoast SEO plugin v26.3 - https:\/\/yoast.com\/wordpress\/plugins\/seo\/ -->\n<title>Designer lamp LC by Insolit Barcelona Lighting<\/title>\n<meta name=\"robots\" content=\"index, follow, max-snippet:-1, max-image-preview:large, max-video-preview:-1\" \/>\n<link rel=\"canonical\" href=\"https:\/\/www.insolitbcn.com\/en\/product\/lc\/\" \/>\n<meta property=\"og:locale\" content=\"en_US\" \/>\n<meta property=\"og:type\" content=\"article\" \/>\n<meta property=\"og:title\" content=\"Designer lamp LC by Insolit Barcelona Lighting\" \/>\n<meta property=\"og:description\" content=\"Portable design table lamp from machined aluminium. Polycarbonate diffuser. On\/Off\/Dim touch switch and USB port for charging. Chadleholder in the upper part of the lamp with a magnetic tip.\" \/>\n<meta property=\"og:url\" content=\"https:\/\/www.insolitbcn.com\/en\/product\/lc\/\" \/>\n<meta property=\"og:site_name\" content=\"Insolit Barcelona Lighting\" \/>\n<meta property=\"article:publisher\" content=\"https:\/\/www.facebook.com\/insolitbcnlighting\/?locale=es_ES\" \/>\n<meta property=\"article:modified_time\" content=\"2025-11-16T21:46:16+00:00\" \/>\n<meta property=\"og:image\" content=\"https:\/\/www.insolitbcn.com\/wp-content\/uploads\/2023\/12\/1500-lc-portable-lamp-battery-insolit-xucla-candle-3.jpg\" \/>\n\t<meta property=\"og:image:width\" content=\"400\" \/>\n\t<meta property=\"og:image:height\" content=\"677\" \/>\n\t<meta property=\"og:image:type\" content=\"image\/jpeg\" \/>\n<meta name=\"twitter:card\" content=\"summary_large_image\" \/>\n<script type=\"application\/ld+json\" class=\"yoast-schema-graph\">{\"@context\":\"https:\/\/schema.org\",\"@graph\":[{\"@type\":\"WebPage\",\"@id\":\"https:\/\/www.insolitbcn.com\/en\/product\/lc\/\",\"url\":\"https:\/\/www.insolitbcn.com\/en\/product\/lc\/\",\"name\":\"Designer lamp LC by Insolit Barcelona Lighting\",\"isPartOf\":{\"@id\":\"https:\/\/www.insolitbcn.com\/en\/#website\"},\"primaryImageOfPage\":{\"@id\":\"https:\/\/www.insolitbcn.com\/en\/product\/lc\/#primaryimage\"},\"image\":{\"@id\":\"https:\/\/www.insolitbcn.com\/en\/product\/lc\/#primaryimage\"},\"thumbnailUrl\":\"https:\/\/www.insolitbcn.com\/wp-content\/uploads\/2023\/12\/1500-lc-portable-lamp-battery-insolit-xucla-candle-3.jpg\",\"datePublished\":\"2023-12-28T11:11:11+00:00\",\"dateModified\":\"2025-11-16T21:46:16+00:00\",\"breadcrumb\":{\"@id\":\"https:\/\/www.insolitbcn.com\/en\/product\/lc\/#breadcrumb\"},\"inLanguage\":\"en-US\",\"potentialAction\":[{\"@type\":\"ReadAction\",\"target\":[\"https:\/\/www.insolitbcn.com\/en\/product\/lc\/\"]}]},{\"@type\":\"ImageObject\",\"inLanguage\":\"en-US\",\"@id\":\"https:\/\/www.insolitbcn.com\/en\/product\/lc\/#primaryimage\",\"url\":\"https:\/\/www.insolitbcn.com\/wp-content\/uploads\/2023\/12\/1500-lc-portable-lamp-battery-insolit-xucla-candle-3.jpg\",\"contentUrl\":\"https:\/\/www.insolitbcn.com\/wp-content\/uploads\/2023\/12\/1500-lc-portable-lamp-battery-insolit-xucla-candle-3.jpg\",\"width\":400,\"height\":677,\"caption\":\"L\u00e1mpara de dise\u00f1o de sobremesa port\u00e1til. Insolit LC\"},{\"@type\":\"BreadcrumbList\",\"@id\":\"https:\/\/www.insolitbcn.com\/en\/product\/lc\/#breadcrumb\",\"itemListElement\":[{\"@type\":\"ListItem\",\"position\":1,\"name\":\"Portada\",\"item\":\"https:\/\/www.insolitbcn.com\/en\/\"},{\"@type\":\"ListItem\",\"position\":2,\"name\":\"Lamps\",\"item\":\"https:\/\/www.insolitbcn.com\/lamparas\/\"},{\"@type\":\"ListItem\",\"position\":3,\"name\":\"LC\"}]},{\"@type\":\"WebSite\",\"@id\":\"https:\/\/www.insolitbcn.com\/en\/#website\",\"url\":\"https:\/\/www.insolitbcn.com\/en\/\",\"name\":\"Insolit\",\"description\":\"We craft lighting pieces that shape ambiance and reveal identity\",\"publisher\":{\"@id\":\"https:\/\/www.insolitbcn.com\/en\/#organization\"},\"alternateName\":\"L\u00e1mparas de Dise\u00f1o\",\"potentialAction\":[{\"@type\":\"SearchAction\",\"target\":{\"@type\":\"EntryPoint\",\"urlTemplate\":\"https:\/\/www.insolitbcn.com\/en\/?s={search_term_string}\"},\"query-input\":{\"@type\":\"PropertyValueSpecification\",\"valueRequired\":true,\"valueName\":\"search_term_string\"}}],\"inLanguage\":\"en-US\"},{\"@type\":\"Organization\",\"@id\":\"https:\/\/www.insolitbcn.com\/en\/#organization\",\"name\":\"Insolit\",\"alternateName\":\"L\u00e1mparas de Dise\u00f1o\",\"url\":\"https:\/\/www.insolitbcn.com\/en\/\",\"logo\":{\"@type\":\"ImageObject\",\"inLanguage\":\"en-US\",\"@id\":\"https:\/\/www.insolitbcn.com\/en\/#\/schema\/logo\/image\/\",\"url\":\"https:\/\/www.insolitbcn.com\/wp-content\/uploads\/2024\/02\/insolit-imagen-696.jpg\",\"contentUrl\":\"https:\/\/www.insolitbcn.com\/wp-content\/uploads\/2024\/02\/insolit-imagen-696.jpg\",\"width\":696,\"height\":696,\"caption\":\"Insolit\"},\"image\":{\"@id\":\"https:\/\/www.insolitbcn.com\/en\/#\/schema\/logo\/image\/\"},\"sameAs\":[\"https:\/\/www.facebook.com\/insolitbcnlighting\/?locale=es_ES\",\"https:\/\/www.instagram.com\/insolit_bcn_lighting\/?hl=es\",\"https:\/\/www.linkedin.com\/company\/insolit-bcn-lighting\/posts\/?feedView=all\",\"https:\/\/es.pinterest.com\/insolitbcn\/\",\"https:\/\/www.youtube.com\/watch?v=1jz99K0VUKA\"]}]}<\/script>\n<!-- \/ Yoast SEO plugin. -->","yoast_head_json":{"title":"Designer lamp LC by Insolit Barcelona Lighting","robots":{"index":"index","follow":"follow","max-snippet":"max-snippet:-1","max-image-preview":"max-image-preview:large","max-video-preview":"max-video-preview:-1"},"canonical":"https:\/\/www.insolitbcn.com\/en\/product\/lc\/","og_locale":"en_US","og_type":"article","og_title":"Designer lamp LC by Insolit Barcelona Lighting","og_description":"Portable design table lamp from machined aluminium. Polycarbonate diffuser. On\/Off\/Dim touch switch and USB port for charging. Chadleholder in the upper part of the lamp with a magnetic tip.","og_url":"https:\/\/www.insolitbcn.com\/en\/product\/lc\/","og_site_name":"Insolit Barcelona Lighting","article_publisher":"https:\/\/www.facebook.com\/insolitbcnlighting\/?locale=es_ES","article_modified_time":"2025-11-16T21:46:16+00:00","og_image":[{"width":400,"height":677,"url":"https:\/\/www.insolitbcn.com\/wp-content\/uploads\/2023\/12\/1500-lc-portable-lamp-battery-insolit-xucla-candle-3.jpg","type":"image\/jpeg"}],"twitter_card":"summary_large_image","schema":{"@context":"https:\/\/schema.org","@graph":[{"@type":"WebPage","@id":"https:\/\/www.insolitbcn.com\/en\/product\/lc\/","url":"https:\/\/www.insolitbcn.com\/en\/product\/lc\/","name":"Designer lamp LC by Insolit Barcelona Lighting","isPartOf":{"@id":"https:\/\/www.insolitbcn.com\/en\/#website"},"primaryImageOfPage":{"@id":"https:\/\/www.insolitbcn.com\/en\/product\/lc\/#primaryimage"},"image":{"@id":"https:\/\/www.insolitbcn.com\/en\/product\/lc\/#primaryimage"},"thumbnailUrl":"https:\/\/www.insolitbcn.com\/wp-content\/uploads\/2023\/12\/1500-lc-portable-lamp-battery-insolit-xucla-candle-3.jpg","datePublished":"2023-12-28T11:11:11+00:00","dateModified":"2025-11-16T21:46:16+00:00","breadcrumb":{"@id":"https:\/\/www.insolitbcn.com\/en\/product\/lc\/#breadcrumb"},"inLanguage":"en-US","potentialAction":[{"@type":"ReadAction","target":["https:\/\/www.insolitbcn.com\/en\/product\/lc\/"]}]},{"@type":"ImageObject","inLanguage":"en-US","@id":"https:\/\/www.insolitbcn.com\/en\/product\/lc\/#primaryimage","url":"https:\/\/www.insolitbcn.com\/wp-content\/uploads\/2023\/12\/1500-lc-portable-lamp-battery-insolit-xucla-candle-3.jpg","contentUrl":"https:\/\/www.insolitbcn.com\/wp-content\/uploads\/2023\/12\/1500-lc-portable-lamp-battery-insolit-xucla-candle-3.jpg","width":400,"height":677,"caption":"L\u00e1mpara de dise\u00f1o de sobremesa port\u00e1til. Insolit LC"},{"@type":"BreadcrumbList","@id":"https:\/\/www.insolitbcn.com\/en\/product\/lc\/#breadcrumb","itemListElement":[{"@type":"ListItem","position":1,"name":"Portada","item":"https:\/\/www.insolitbcn.com\/en\/"},{"@type":"ListItem","position":2,"name":"Lamps","item":"https:\/\/www.insolitbcn.com\/lamparas\/"},{"@type":"ListItem","position":3,"name":"LC"}]},{"@type":"WebSite","@id":"https:\/\/www.insolitbcn.com\/en\/#website","url":"https:\/\/www.insolitbcn.com\/en\/","name":"Insolit","description":"We craft lighting pieces that shape ambiance and reveal identity","publisher":{"@id":"https:\/\/www.insolitbcn.com\/en\/#organization"},"alternateName":"L\u00e1mparas de Dise\u00f1o","potentialAction":[{"@type":"SearchAction","target":{"@type":"EntryPoint","urlTemplate":"https:\/\/www.insolitbcn.com\/en\/?s={search_term_string}"},"query-input":{"@type":"PropertyValueSpecification","valueRequired":true,"valueName":"search_term_string"}}],"inLanguage":"en-US"},{"@type":"Organization","@id":"https:\/\/www.insolitbcn.com\/en\/#organization","name":"Insolit","alternateName":"L\u00e1mparas de Dise\u00f1o","url":"https:\/\/www.insolitbcn.com\/en\/","logo":{"@type":"ImageObject","inLanguage":"en-US","@id":"https:\/\/www.insolitbcn.com\/en\/#\/schema\/logo\/image\/","url":"https:\/\/www.insolitbcn.com\/wp-content\/uploads\/2024\/02\/insolit-imagen-696.jpg","contentUrl":"https:\/\/www.insolitbcn.com\/wp-content\/uploads\/2024\/02\/insolit-imagen-696.jpg","width":696,"height":696,"caption":"Insolit"},"image":{"@id":"https:\/\/www.insolitbcn.com\/en\/#\/schema\/logo\/image\/"},"sameAs":["https:\/\/www.facebook.com\/insolitbcnlighting\/?locale=es_ES","https:\/\/www.instagram.com\/insolit_bcn_lighting\/?hl=es","https:\/\/www.linkedin.com\/company\/insolit-bcn-lighting\/posts\/?feedView=all","https:\/\/es.pinterest.com\/insolitbcn\/","https:\/\/www.youtube.com\/watch?v=1jz99K0VUKA"]}]}},"_links":{"self":[{"href":"https:\/\/www.insolitbcn.com\/en\/wp-json\/wp\/v2\/product\/13839","targetHints":{"allow":["GET"]}}],"collection":[{"href":"https:\/\/www.insolitbcn.com\/en\/wp-json\/wp\/v2\/product"}],"about":[{"href":"https:\/\/www.insolitbcn.com\/en\/wp-json\/wp\/v2\/types\/product"}],"wp:featuredmedia":[{"embeddable":true,"href":"https:\/\/www.insolitbcn.com\/en\/wp-json\/wp\/v2\/media\/10887"}],"wp:attachment":[{"href":"https:\/\/www.insolitbcn.com\/en\/wp-json\/wp\/v2\/media?parent=13839"}],"wp:term":[{"taxonomy":"product_brand","embeddable":true,"href":"https:\/\/www.insolitbcn.com\/en\/wp-json\/wp\/v2\/product_brand?post=13839"},{"taxonomy":"product_cat","embeddable":true,"href":"https:\/\/www.insolitbcn.com\/en\/wp-json\/wp\/v2\/product_cat?post=13839"},{"taxonomy":"product_tag","embeddable":true,"href":"https:\/\/www.insolitbcn.com\/en\/wp-json\/wp\/v2\/product_tag?post=13839"},{"taxonomy":"disenador","embeddable":true,"href":"https:\/\/www.insolitbcn.com\/en\/wp-json\/wp\/v2\/disenador?post=13839"}],"curies":[{"name":"wp","href":"https:\/\/api.w.org\/{rel}","templated":true}]}}