{"id":16239,"date":"2024-02-07T15:46:45","date_gmt":"2024-02-07T14:46:45","guid":{"rendered":"https:\/\/www.insolitbcn.com\/avis-juridique\/"},"modified":"2024-05-03T10:57:23","modified_gmt":"2024-05-03T08:57:23","slug":"avis-juridique","status":"publish","type":"page","link":"https:\/\/www.insolitbcn.com\/fr\/avis-juridique\/","title":{"rendered":"Avis juridique"},"content":{"rendered":"\t\t<div data-elementor-type=\"wp-page\" data-elementor-id=\"16239\" class=\"elementor elementor-16239 elementor-9262\" data-elementor-post-type=\"page\">\n\t\t\t\t\t\t<section class=\"elementor-section elementor-top-section elementor-element elementor-element-714b5d3 elementor-section-boxed elementor-section-height-default elementor-section-height-default\" data-id=\"714b5d3\" data-element_type=\"section\" data-settings=\"{&quot;jet_parallax_layout_list&quot;:[]}\">\n\t\t\t\t\t\t<div class=\"elementor-container elementor-column-gap-default\">\n\t\t\t\t\t<div class=\"elementor-column elementor-col-100 elementor-top-column elementor-element elementor-element-f824d97\" data-id=\"f824d97\" data-element_type=\"column\">\n\t\t\t<div class=\"elementor-widget-wrap elementor-element-populated\">\n\t\t\t\t\t\t<div class=\"elementor-element elementor-element-dd0986a elementor-widget-divider--view-line elementor-widget elementor-widget-divider\" data-id=\"dd0986a\" data-element_type=\"widget\" data-widget_type=\"divider.default\">\n\t\t\t\t<div class=\"elementor-widget-container\">\n\t\t\t\t\t<div class=\"elementor-divider\">\n\t\t\t<span class=\"elementor-divider-separator\">\n\t\t\t\t\t\t<\/span>\n\t\t<\/div>\n\t\t\t\t<\/div>\n\t\t\t\t<\/div>\n\t\t\t\t<div class=\"elementor-element elementor-element-527bdcf elementor-widget elementor-widget-text-editor\" data-id=\"527bdcf\" data-element_type=\"widget\" data-widget_type=\"text-editor.default\">\n\t\t\t\t<div class=\"elementor-widget-container\">\n\t\t\t\t\t\t\t<h3>CONDITIONS D&#8217;UTILISATION<\/h3>\n<p>Conform\u00e9ment \u00e0 la Loi 34\/2002, du 11 juillet, sur les services de la soci\u00e9t\u00e9 de l&#8217;information et le commerce \u00e9lectronique (LSSI-CE), THINKLIGHT SL informe qu&#8217;il est le propri\u00e9taire du site Web www.insolitbcn.com. Conform\u00e9ment aux dispositions de l&#8217;article 10 de ladite loi, THINKLIGHT SL communique les donn\u00e9es suivantes:<\/p>\n<p>Le propri\u00e9taire de ce site web est THINKLIGHT SL, avec CIF ES-B55111660 et si\u00e8ge social \u00e0 Carrer Girona, 161, 17820 Banyoles (Girona). L&#8217;adresse \u00e9lectronique pour contacter l&#8217;entreprise est la suivante: insolit@insolitbcn.com.<\/p>\n<h4>Utilisateur et r\u00e9gime de responsabilit\u00e9<\/h4>\n<p>La navigation, l&#8217;acc\u00e8s et l&#8217;utilisation du site web de THINKLIGHT SL conf\u00e8re la condition d&#8217;utilisateur, par laquelle toutes les conditions d&#8217;utilisation \u00e9tablies ici sont accept\u00e9es, sans pr\u00e9judice de l&#8217;application des r\u00e9glementations correspondantes de conformit\u00e9 l\u00e9gale obligatoire, le cas \u00e9ch\u00e9ant, lors de la navigation sur le site web de THINKLIGHT SL.<\/p>\n<p>Le site web de THINKLIGHT SL fournit un large \u00e9ventail d&#8217;informations, de services et de donn\u00e9es. L&#8217;utilisateur assume la responsabilit\u00e9 de l&#8217;utilisation correcte du site web. Cette responsabilit\u00e9 s&#8217;\u00e9tend \u00e0:<\/p>\n<p>La v\u00e9racit\u00e9 et la l\u00e9galit\u00e9 des informations fournies par l&#8217;utilisateur sur les formulaires fournis par THINKLIGHT SL pour l&#8217;acc\u00e8s \u00e0 certains contenus ou services offerts par le site Web.<\/p>\n<p>L&#8217;utilisation des informations, services et donn\u00e9es offerts par THINKLIGHT SL contraire aux dispositions des pr\u00e9sentes conditions, \u00e0 la loi, \u00e0 la morale, aux bonnes coutumes ou \u00e0 l&#8217;ordre public, ou qui, de toute autre mani\u00e8re, peut porter atteinte aux droits des tiers ou au fonctionnement du site Internet.<\/p>\n<h4>Politique de liaison et clauses de non-responsabilit\u00e9<\/h4>\n<p>THINKLIGHT SL n&#8217;est pas responsable du contenu des sites web auxquels l&#8217;utilisateur peut acc\u00e9der par le biais des liens \u00e9tablis sur son site web et d\u00e9clare qu&#8217;en aucun cas elle n&#8217;examinera ou n&#8217;exercera un quelconque contr\u00f4le sur le contenu des autres sites web. De m\u00eame, elle ne garantit pas la disponibilit\u00e9 technique, l&#8217;exactitude, la v\u00e9racit\u00e9, la validit\u00e9 ou la l\u00e9galit\u00e9 des sites ext\u00e9rieurs \u00e0 sa propri\u00e9t\u00e9 auxquels il est possible d&#8217;acc\u00e9der par le biais des liens.<\/p>\n<p>THINKLIGHT SL d\u00e9clare avoir adopt\u00e9 toutes les mesures n\u00e9cessaires pour \u00e9viter tout dommage aux utilisateurs de son site web, qui pourrait r\u00e9sulter de la navigation sur son site web. Par cons\u00e9quent, THINKLIGHT SL n&#8217;est en aucun cas responsable des dommages que l&#8217;utilisateur pourrait subir en naviguant sur Internet.<\/p>\n<h4>Modifications<\/h4>\n<p>THINKLIGHT SL se r\u00e9serve le droit d&#8217;apporter toutes les modifications qu&#8217;elle juge appropri\u00e9es, sans pr\u00e9avis, au contenu de son site Internet. Tant en ce qui concerne le contenu du site Web que les conditions d&#8217;utilisation de celui-ci. Ces modifications peuvent \u00eatre apport\u00e9es par le biais de son site web par tout moyen l\u00e9galement admissible et seront contraignantes tant qu&#8217;elles seront publi\u00e9es sur le site web et jusqu&#8217;\u00e0 ce qu&#8217;elles soient valablement modifi\u00e9es par des modifications ult\u00e9rieures.<\/p>\n<h4>Protection des donn\u00e9es<\/h4>\n<p>Conform\u00e9ment aux dispositions de la l\u00e9gislation en vigueur sur la protection des donn\u00e9es personnelles, nous vous informons que vos donn\u00e9es seront incorpor\u00e9es au syst\u00e8me de traitement appartenant \u00e0 THINKLIGHT SL avec CIF ES-B55111660 et si\u00e8ge social \u00e0 Calle Girona, 161, 17820 Banyoles (Girona), afin de faciliter, d&#8217;acc\u00e9l\u00e9rer et de remplir les engagements \u00e9tablis entre les deux parties. Conform\u00e9ment \u00e0 la l\u00e9gislation en vigueur, THINKLIGHT SL informe que les donn\u00e9es seront conserv\u00e9es pendant la p\u00e9riode strictement n\u00e9cessaire pour respecter les pr\u00e9ceptes susmentionn\u00e9s.<\/p>\n<p>Sauf avis contraire de votre part, nous supposerons que vos donn\u00e9es n&#8217;ont pas \u00e9t\u00e9 modifi\u00e9es, que vous vous engagez \u00e0 nous notifier tout changement et que nous avons votre consentement pour les utiliser aux fins susmentionn\u00e9es.<\/p>\n<p>THINKLIGHT SL informe qu&#8217;elle proc\u00e9dera au traitement des donn\u00e9es de mani\u00e8re licite, loyale, transparente, ad\u00e9quate, pertinente, limit\u00e9e, exacte et \u00e0 jour. C&#8217;est pourquoi THINKLIGHT SL s&#8217;engage \u00e0 prendre toutes les mesures raisonnables pour s&#8217;assurer qu&#8217;elles soient effac\u00e9es ou rectifi\u00e9es sans d\u00e9lai lorsqu&#8217;elles sont inexactes.<\/p>\n<p>Conform\u00e9ment aux droits conf\u00e9r\u00e9s par la l\u00e9gislation en vigueur en mati\u00e8re de protection des donn\u00e9es, vous pouvez exercer vos droits d&#8217;acc\u00e8s, de rectification, de limitation du traitement, de suppression, de portabilit\u00e9 et d&#8217;opposition au traitement de vos donn\u00e9es personnelles, ainsi que le consentement donn\u00e9 pour le traitement de celles-ci, en envoyant votre demande \u00e0 l&#8217;adresse postale indiqu\u00e9e ci-dessus ou \u00e0 l&#8217;adresse \u00e9lectronique info@insolitbcn.com.<\/p>\n<p>Vous pouvez adresser votre plainte \u00e0 l&#8217;autorit\u00e9 de contr\u00f4le comp\u00e9tente.<\/p>\n<h4>Propri\u00e9t\u00e9 intellectuelle et industrielle<\/h4>\n<p>THINKLIGHT SL, elle-m\u00eame ou en tant que cessionnaire, est titulaire de tous les droits de propri\u00e9t\u00e9 intellectuelle et industrielle de son site Internet, ainsi que des \u00e9l\u00e9ments qu&#8217;il contient (y compris, mais sans s&#8217;y limiter, les images, le son, l&#8217;audio, la vid\u00e9o, les logiciels ou les textes ; les marques ou les logos, les combinaisons de couleurs, la structure et la conception, la s\u00e9lection des mat\u00e9riaux utilis\u00e9s, les programmes informatiques n\u00e9cessaires \u00e0 son fonctionnement, \u00e0 son acc\u00e8s et \u00e0 son utilisation, etc. ), propri\u00e9t\u00e9 de THINKLIGHT SL. Il s&#8217;agit donc d&#8217;\u0153uvres prot\u00e9g\u00e9es en tant que propri\u00e9t\u00e9 intellectuelle par le syst\u00e8me juridique espagnol, auquel s&#8217;appliquent les r\u00e9glementations espagnoles et communautaires en la mati\u00e8re, ainsi que les trait\u00e9s internationaux relatifs \u00e0 la mati\u00e8re et sign\u00e9s par l&#8217;Espagne.<\/p>\n<p>Tous les droits sont r\u00e9serv\u00e9s. Conform\u00e9ment aux dispositions de la loi sur la propri\u00e9t\u00e9 intellectuelle, la reproduction, la distribution et la communication publique, y compris la mise \u00e0 disposition, de tout ou partie du contenu de ce site Web, \u00e0 des fins commerciales, sur tout support et par tout moyen technique, sans l&#8217;autorisation de THINKLIGHT SL, sont express\u00e9ment interdites.<\/p>\n<p>L&#8217;utilisateur s&#8217;engage \u00e0 respecter les droits de propri\u00e9t\u00e9 intellectuelle et industrielle d\u00e9tenus par THINKLIGHT SL. Vous pouvez visualiser les \u00e9l\u00e9ments du portail et m\u00eame les imprimer, les copier et les stocker sur le disque dur de votre ordinateur ou de tout autre mat\u00e9riel \u00e0 condition que ce soit uniquement et exclusivement pour votre usage personnel et priv\u00e9. L&#8217;utilisateur doit s&#8217;abstenir de supprimer, d&#8217;alt\u00e9rer, de contourner ou de manipuler tout dispositif de protection ou syst\u00e8me de s\u00e9curit\u00e9 install\u00e9 sur les pages de THINKLIGHT SL.<\/p>\n<h4>Action en justice, droit applicable et juridiction<\/h4>\n<p>THINKLIGHT SL se r\u00e9serve \u00e9galement le droit d&#8217;intenter toute action civile ou p\u00e9nale qu&#8217;elle jugera appropri\u00e9e en cas d&#8217;utilisation inappropri\u00e9e de son site Internet et de son contenu, ou en cas de violation des pr\u00e9sentes conditions.<\/p>\n<p>La relation entre l&#8217;utilisateur et le prestataire est r\u00e9gie par la r\u00e9glementation en vigueur et applicable sur le territoire espagnol. En cas de litige, les parties peuvent soumettre leurs diff\u00e9rends \u00e0 l&#8217;arbitrage ou s&#8217;adresser \u00e0 la juridiction ordinaire conform\u00e9ment aux r\u00e8gles de juridiction et de comp\u00e9tence en la mati\u00e8re. THINKLIGHT SL est domicili\u00e9e \u00e0 G\u00e9rone, en Espagne.<\/p>\n\t\t\t\t\t\t<\/div>\n\t\t\t\t<\/div>\n\t\t\t\t\t<\/div>\n\t\t<\/div>\n\t\t\t\t\t<\/div>\n\t\t<\/section>\n\t\t\t\t<\/div>\n\t\t","protected":false},"excerpt":{"rendered":"<p>CONDITIONS D&#8217;UTILISATION Conform\u00e9ment \u00e0 la Loi 34\/2002, du 11 juillet, sur les services de la soci\u00e9t\u00e9 de l&#8217;information et le commerce \u00e9lectronique (LSSI-CE), THINKLIGHT SL informe qu&#8217;il est le propri\u00e9taire du site Web www.insolitbcn.com. Conform\u00e9ment aux dispositions de l&#8217;article 10 de ladite loi, THINKLIGHT SL communique les donn\u00e9es suivantes: Le propri\u00e9taire de ce site web [&hellip;]<\/p>\n","protected":false},"author":1,"featured_media":0,"parent":0,"menu_order":0,"comment_status":"closed","ping_status":"closed","template":"","meta":{"_acf_changed":false,"footnotes":""},"class_list":["post-16239","page","type-page","status-publish","hentry"],"acf":[],"yoast_head":"<!-- This site is optimized with the Yoast SEO plugin v26.3 - https:\/\/yoast.com\/wordpress\/plugins\/seo\/ -->\n<title>Avis juridique - Insolit Barcelona Lighting<\/title>\n<meta name=\"description\" content=\"Avis juridique CONDITIONS D&#039;UTILISATION Conform\u00e9ment \u00e0 la Loi 34\/2002, du 11 juillet, sur les services de la soci\u00e9t\u00e9 de l&#039;information et le commerce \u00e9lectronique\" \/>\n<meta name=\"robots\" content=\"noindex, nofollow\" \/>\n<meta property=\"og:locale\" content=\"fr_FR\" \/>\n<meta property=\"og:type\" content=\"article\" \/>\n<meta property=\"og:title\" content=\"Avis juridique - Insolit Barcelona Lighting\" \/>\n<meta property=\"og:description\" content=\"Avis juridique CONDITIONS D&#039;UTILISATION Conform\u00e9ment \u00e0 la Loi 34\/2002, du 11 juillet, sur les services de la soci\u00e9t\u00e9 de l&#039;information et le commerce \u00e9lectronique\" \/>\n<meta property=\"og:url\" content=\"https:\/\/www.insolitbcn.com\/fr\/avis-juridique\/\" \/>\n<meta property=\"og:site_name\" content=\"Insolit Barcelona Lighting\" \/>\n<meta property=\"article:publisher\" content=\"https:\/\/www.facebook.com\/insolitbcnlighting\/?locale=es_ES\" \/>\n<meta property=\"article:modified_time\" content=\"2024-05-03T08:57:23+00:00\" \/>\n<meta property=\"og:image\" content=\"https:\/\/www.insolitbcn.com\/wp-content\/uploads\/2024\/02\/insolit-imagen-1200.jpg\" \/>\n\t<meta property=\"og:image:width\" content=\"1200\" \/>\n\t<meta property=\"og:image:height\" content=\"675\" \/>\n\t<meta property=\"og:image:type\" content=\"image\/jpeg\" \/>\n<meta name=\"twitter:card\" content=\"summary_large_image\" \/>\n<meta name=\"twitter:label1\" content=\"Dur\u00e9e de lecture estim\u00e9e\" \/>\n\t<meta name=\"twitter:data1\" content=\"6 minutes\" \/>\n<script type=\"application\/ld+json\" class=\"yoast-schema-graph\">{\"@context\":\"https:\/\/schema.org\",\"@graph\":[{\"@type\":\"WebPage\",\"@id\":\"https:\/\/www.insolitbcn.com\/fr\/avis-juridique\/\",\"url\":\"https:\/\/www.insolitbcn.com\/fr\/avis-juridique\/\",\"name\":\"Avis juridique - Insolit Barcelona Lighting\",\"isPartOf\":{\"@id\":\"https:\/\/www.insolitbcn.com\/fr\/#website\"},\"datePublished\":\"2024-02-07T14:46:45+00:00\",\"dateModified\":\"2024-05-03T08:57:23+00:00\",\"description\":\"Avis juridique CONDITIONS D'UTILISATION Conform\u00e9ment \u00e0 la Loi 34\/2002, du 11 juillet, sur les services de la soci\u00e9t\u00e9 de l'information et le commerce \u00e9lectronique\",\"breadcrumb\":{\"@id\":\"https:\/\/www.insolitbcn.com\/fr\/avis-juridique\/#breadcrumb\"},\"inLanguage\":\"fr-FR\",\"potentialAction\":[{\"@type\":\"ReadAction\",\"target\":[\"https:\/\/www.insolitbcn.com\/fr\/avis-juridique\/\"]}]},{\"@type\":\"BreadcrumbList\",\"@id\":\"https:\/\/www.insolitbcn.com\/fr\/avis-juridique\/#breadcrumb\",\"itemListElement\":[{\"@type\":\"ListItem\",\"position\":1,\"name\":\"Portada\",\"item\":\"https:\/\/www.insolitbcn.com\/fr\/\"},{\"@type\":\"ListItem\",\"position\":2,\"name\":\"Avis juridique\"}]},{\"@type\":\"WebSite\",\"@id\":\"https:\/\/www.insolitbcn.com\/fr\/#website\",\"url\":\"https:\/\/www.insolitbcn.com\/fr\/\",\"name\":\"Insolit\",\"description\":\"We craft lighting pieces that shape ambiance and reveal identity\",\"publisher\":{\"@id\":\"https:\/\/www.insolitbcn.com\/fr\/#organization\"},\"alternateName\":\"L\u00e1mparas de Dise\u00f1o\",\"potentialAction\":[{\"@type\":\"SearchAction\",\"target\":{\"@type\":\"EntryPoint\",\"urlTemplate\":\"https:\/\/www.insolitbcn.com\/fr\/?s={search_term_string}\"},\"query-input\":{\"@type\":\"PropertyValueSpecification\",\"valueRequired\":true,\"valueName\":\"search_term_string\"}}],\"inLanguage\":\"fr-FR\"},{\"@type\":\"Organization\",\"@id\":\"https:\/\/www.insolitbcn.com\/fr\/#organization\",\"name\":\"Insolit\",\"alternateName\":\"L\u00e1mparas de Dise\u00f1o\",\"url\":\"https:\/\/www.insolitbcn.com\/fr\/\",\"logo\":{\"@type\":\"ImageObject\",\"inLanguage\":\"fr-FR\",\"@id\":\"https:\/\/www.insolitbcn.com\/fr\/#\/schema\/logo\/image\/\",\"url\":\"https:\/\/www.insolitbcn.com\/wp-content\/uploads\/2024\/02\/insolit-imagen-696.jpg\",\"contentUrl\":\"https:\/\/www.insolitbcn.com\/wp-content\/uploads\/2024\/02\/insolit-imagen-696.jpg\",\"width\":696,\"height\":696,\"caption\":\"Insolit\"},\"image\":{\"@id\":\"https:\/\/www.insolitbcn.com\/fr\/#\/schema\/logo\/image\/\"},\"sameAs\":[\"https:\/\/www.facebook.com\/insolitbcnlighting\/?locale=es_ES\",\"https:\/\/www.instagram.com\/insolit_bcn_lighting\/?hl=es\",\"https:\/\/www.linkedin.com\/company\/insolit-bcn-lighting\/posts\/?feedView=all\",\"https:\/\/es.pinterest.com\/insolitbcn\/\",\"https:\/\/www.youtube.com\/watch?v=1jz99K0VUKA\"]}]}<\/script>\n<!-- \/ Yoast SEO plugin. -->","yoast_head_json":{"title":"Avis juridique - Insolit Barcelona Lighting","description":"Avis juridique CONDITIONS D'UTILISATION Conform\u00e9ment \u00e0 la Loi 34\/2002, du 11 juillet, sur les services de la soci\u00e9t\u00e9 de l'information et le commerce \u00e9lectronique","robots":{"index":"noindex","follow":"nofollow"},"og_locale":"fr_FR","og_type":"article","og_title":"Avis juridique - Insolit Barcelona Lighting","og_description":"Avis juridique CONDITIONS D'UTILISATION Conform\u00e9ment \u00e0 la Loi 34\/2002, du 11 juillet, sur les services de la soci\u00e9t\u00e9 de l'information et le commerce \u00e9lectronique","og_url":"https:\/\/www.insolitbcn.com\/fr\/avis-juridique\/","og_site_name":"Insolit Barcelona Lighting","article_publisher":"https:\/\/www.facebook.com\/insolitbcnlighting\/?locale=es_ES","article_modified_time":"2024-05-03T08:57:23+00:00","og_image":[{"width":1200,"height":675,"url":"https:\/\/www.insolitbcn.com\/wp-content\/uploads\/2024\/02\/insolit-imagen-1200.jpg","type":"image\/jpeg"}],"twitter_card":"summary_large_image","twitter_misc":{"Dur\u00e9e de lecture estim\u00e9e":"6 minutes"},"schema":{"@context":"https:\/\/schema.org","@graph":[{"@type":"WebPage","@id":"https:\/\/www.insolitbcn.com\/fr\/avis-juridique\/","url":"https:\/\/www.insolitbcn.com\/fr\/avis-juridique\/","name":"Avis juridique - Insolit Barcelona Lighting","isPartOf":{"@id":"https:\/\/www.insolitbcn.com\/fr\/#website"},"datePublished":"2024-02-07T14:46:45+00:00","dateModified":"2024-05-03T08:57:23+00:00","description":"Avis juridique CONDITIONS D'UTILISATION Conform\u00e9ment \u00e0 la Loi 34\/2002, du 11 juillet, sur les services de la soci\u00e9t\u00e9 de l'information et le commerce \u00e9lectronique","breadcrumb":{"@id":"https:\/\/www.insolitbcn.com\/fr\/avis-juridique\/#breadcrumb"},"inLanguage":"fr-FR","potentialAction":[{"@type":"ReadAction","target":["https:\/\/www.insolitbcn.com\/fr\/avis-juridique\/"]}]},{"@type":"BreadcrumbList","@id":"https:\/\/www.insolitbcn.com\/fr\/avis-juridique\/#breadcrumb","itemListElement":[{"@type":"ListItem","position":1,"name":"Portada","item":"https:\/\/www.insolitbcn.com\/fr\/"},{"@type":"ListItem","position":2,"name":"Avis juridique"}]},{"@type":"WebSite","@id":"https:\/\/www.insolitbcn.com\/fr\/#website","url":"https:\/\/www.insolitbcn.com\/fr\/","name":"Insolit","description":"We craft lighting pieces that shape ambiance and reveal identity","publisher":{"@id":"https:\/\/www.insolitbcn.com\/fr\/#organization"},"alternateName":"L\u00e1mparas de Dise\u00f1o","potentialAction":[{"@type":"SearchAction","target":{"@type":"EntryPoint","urlTemplate":"https:\/\/www.insolitbcn.com\/fr\/?s={search_term_string}"},"query-input":{"@type":"PropertyValueSpecification","valueRequired":true,"valueName":"search_term_string"}}],"inLanguage":"fr-FR"},{"@type":"Organization","@id":"https:\/\/www.insolitbcn.com\/fr\/#organization","name":"Insolit","alternateName":"L\u00e1mparas de Dise\u00f1o","url":"https:\/\/www.insolitbcn.com\/fr\/","logo":{"@type":"ImageObject","inLanguage":"fr-FR","@id":"https:\/\/www.insolitbcn.com\/fr\/#\/schema\/logo\/image\/","url":"https:\/\/www.insolitbcn.com\/wp-content\/uploads\/2024\/02\/insolit-imagen-696.jpg","contentUrl":"https:\/\/www.insolitbcn.com\/wp-content\/uploads\/2024\/02\/insolit-imagen-696.jpg","width":696,"height":696,"caption":"Insolit"},"image":{"@id":"https:\/\/www.insolitbcn.com\/fr\/#\/schema\/logo\/image\/"},"sameAs":["https:\/\/www.facebook.com\/insolitbcnlighting\/?locale=es_ES","https:\/\/www.instagram.com\/insolit_bcn_lighting\/?hl=es","https:\/\/www.linkedin.com\/company\/insolit-bcn-lighting\/posts\/?feedView=all","https:\/\/es.pinterest.com\/insolitbcn\/","https:\/\/www.youtube.com\/watch?v=1jz99K0VUKA"]}]}},"_links":{"self":[{"href":"https:\/\/www.insolitbcn.com\/fr\/wp-json\/wp\/v2\/pages\/16239","targetHints":{"allow":["GET"]}}],"collection":[{"href":"https:\/\/www.insolitbcn.com\/fr\/wp-json\/wp\/v2\/pages"}],"about":[{"href":"https:\/\/www.insolitbcn.com\/fr\/wp-json\/wp\/v2\/types\/page"}],"author":[{"embeddable":true,"href":"https:\/\/www.insolitbcn.com\/fr\/wp-json\/wp\/v2\/users\/1"}],"replies":[{"embeddable":true,"href":"https:\/\/www.insolitbcn.com\/fr\/wp-json\/wp\/v2\/comments?post=16239"}],"version-history":[{"count":1,"href":"https:\/\/www.insolitbcn.com\/fr\/wp-json\/wp\/v2\/pages\/16239\/revisions"}],"predecessor-version":[{"id":16240,"href":"https:\/\/www.insolitbcn.com\/fr\/wp-json\/wp\/v2\/pages\/16239\/revisions\/16240"}],"wp:attachment":[{"href":"https:\/\/www.insolitbcn.com\/fr\/wp-json\/wp\/v2\/media?parent=16239"}],"curies":[{"name":"wp","href":"https:\/\/api.w.org\/{rel}","templated":true}]}}