{"id":16281,"date":"2023-11-28T08:40:08","date_gmt":"2023-11-28T07:40:08","guid":{"rendered":"https:\/\/www.insolitbcn.com\/nous\/"},"modified":"2026-02-04T00:02:46","modified_gmt":"2026-02-03T23:02:46","slug":"nous","status":"publish","type":"page","link":"https:\/\/www.insolitbcn.com\/fr\/nous\/","title":{"rendered":"Nous"},"content":{"rendered":"\t\t<div data-elementor-type=\"wp-page\" data-elementor-id=\"16281\" class=\"elementor elementor-16281 elementor-517\" data-elementor-post-type=\"page\">\n\t\t\t\t\t\t<section class=\"elementor-section elementor-top-section elementor-element elementor-element-317a44d elementor-section-height-min-height mi-seccion elementor-section-content-middle elementor-section-boxed elementor-section-height-default elementor-section-items-middle\" data-id=\"317a44d\" data-element_type=\"section\" data-settings=\"{&quot;background_background&quot;:&quot;classic&quot;,&quot;jet_parallax_layout_list&quot;:[]}\">\n\t\t\t\t\t\t\t<div class=\"elementor-background-overlay\"><\/div>\n\t\t\t\t\t\t\t<div class=\"elementor-container elementor-column-gap-default\">\n\t\t\t\t\t<div class=\"elementor-column elementor-col-100 elementor-top-column elementor-element elementor-element-34501b9\" data-id=\"34501b9\" data-element_type=\"column\">\n\t\t\t<div class=\"elementor-widget-wrap elementor-element-populated\">\n\t\t\t\t\t\t<div class=\"elementor-element elementor-element-f466f5e elementor-widget elementor-widget-heading\" data-id=\"f466f5e\" data-element_type=\"widget\" data-widget_type=\"heading.default\">\n\t\t\t\t<div class=\"elementor-widget-container\">\n\t\t\t<h1 class=\"elementor-heading-title elementor-size-default\">Nous sommes la fusion de l'\u00e9l\u00e9gance et du <b><i>design moderne<\/i><\/b><\/h1>\t\t<\/div>\n\t\t\t\t<\/div>\n\t\t\t\t\t<\/div>\n\t\t<\/div>\n\t\t\t\t\t<\/div>\n\t\t<\/section>\n\t\t\t\t<section class=\"elementor-section elementor-top-section elementor-element elementor-element-ca910bf elementor-section-content-middle elementor-section-boxed elementor-section-height-default elementor-section-height-default\" data-id=\"ca910bf\" data-element_type=\"section\" data-settings=\"{&quot;jet_parallax_layout_list&quot;:[]}\">\n\t\t\t\t\t\t<div class=\"elementor-container elementor-column-gap-default\">\n\t\t\t\t\t<div class=\"elementor-column elementor-col-50 elementor-top-column elementor-element elementor-element-51ff68a\" data-id=\"51ff68a\" data-element_type=\"column\">\n\t\t\t<div class=\"elementor-widget-wrap elementor-element-populated\">\n\t\t\t\t\t\t<div class=\"elementor-element elementor-element-cee8271 elementor-widget elementor-widget-heading\" data-id=\"cee8271\" data-element_type=\"widget\" data-widget_type=\"heading.default\">\n\t\t\t\t<div class=\"elementor-widget-container\">\n\t\t\t<h2 class=\"elementor-heading-title elementor-size-default\"><b>Notre<\/b> <i>\u00e9quipe<\/i><\/h2>\t\t<\/div>\n\t\t\t\t<\/div>\n\t\t\t\t<div class=\"elementor-element elementor-element-7652aa5 elementor-widget elementor-widget-text-editor\" data-id=\"7652aa5\" data-element_type=\"widget\" data-widget_type=\"text-editor.default\">\n\t\t\t\t<div class=\"elementor-widget-container\">\n\t\t\t\t\t\t\t<p>Nous sommes unis par notre philosophie, notre enthousiasme et notre exp\u00e9rience dans le secteur de l&#8217;\u00e9clairage. Les produits Insolit refl\u00e8tent la fusion du design moderne, de l&#8217;\u00e9l\u00e9gance d\u00e9corative et de l&#8217;esprit jeune, trois \u00e9l\u00e9ments fondamentaux qui nous permettent de concevoir sans limites un produit inhabituel et reconnaissable, unique au sein de cette marque.<\/p>\n<p>Notre \u00e9quipe d\u00e9veloppe ses id\u00e9es en synergie avec des \u00e9clairagistes, des architectes et des designers internes. Les croquis de nos clients et l&#8217;\u00e9troite collaboration nous donnent l&#8217;id\u00e9e de d\u00e9part pour la cr\u00e9ation d&#8217;un nouveau luminaire efficace, innovant et fonctionnel, cr\u00e9ant ainsi un produit unique et personnalis\u00e9 sur mesure pour chaque projet.<\/p>\n\t\t\t\t\t\t<\/div>\n\t\t\t\t<\/div>\n\t\t\t\t\t<\/div>\n\t\t<\/div>\n\t\t\t\t<div class=\"elementor-column elementor-col-50 elementor-top-column elementor-element elementor-element-be703a3\" data-id=\"be703a3\" data-element_type=\"column\">\n\t\t\t<div class=\"elementor-widget-wrap elementor-element-populated\">\n\t\t\t\t\t\t<div class=\"elementor-element elementor-element-a2fb6c8 elementor-pagination-position-outside elementor-widget elementor-widget-image-carousel\" data-id=\"a2fb6c8\" data-element_type=\"widget\" data-settings=\"{&quot;slides_to_show&quot;:&quot;1&quot;,&quot;navigation&quot;:&quot;dots&quot;,&quot;autoplay&quot;:&quot;yes&quot;,&quot;pause_on_hover&quot;:&quot;yes&quot;,&quot;pause_on_interaction&quot;:&quot;yes&quot;,&quot;autoplay_speed&quot;:5000,&quot;infinite&quot;:&quot;yes&quot;,&quot;effect&quot;:&quot;slide&quot;,&quot;speed&quot;:500}\" data-widget_type=\"image-carousel.default\">\n\t\t\t\t<div class=\"elementor-widget-container\">\n\t\t\t\t\t<div class=\"elementor-image-carousel-wrapper swiper\" dir=\"ltr\">\n\t\t\t<div class=\"elementor-image-carousel swiper-wrapper\" aria-live=\"off\">\n\t\t\t\t\t\t\t\t<div class=\"swiper-slide\" role=\"group\" aria-roledescription=\"slide\" aria-label=\"1 sur 4\"><figure class=\"swiper-slide-inner\"><img decoding=\"async\" class=\"swiper-slide-image\" src=\"https:\/\/www.insolitbcn.com\/wp-content\/uploads\/2026\/02\/Jordi-Nubiola-Insolit.jpg\" alt=\"Jordi Nubiola Insolit\" \/><\/figure><\/div><div class=\"swiper-slide\" role=\"group\" aria-roledescription=\"slide\" aria-label=\"2 sur 4\"><figure class=\"swiper-slide-inner\"><img decoding=\"async\" class=\"swiper-slide-image\" src=\"https:\/\/www.insolitbcn.com\/wp-content\/uploads\/2026\/02\/Jorge-Insolit.jpg\" alt=\"Jorge Insolit\" \/><\/figure><\/div><div class=\"swiper-slide\" role=\"group\" aria-roledescription=\"slide\" aria-label=\"3 sur 4\"><figure class=\"swiper-slide-inner\"><img decoding=\"async\" class=\"swiper-slide-image\" src=\"https:\/\/www.insolitbcn.com\/wp-content\/uploads\/2024\/02\/Insolit-nosotros-fabricacion-local-barcelona.jpg\" alt=\"Insolit fabricante de l\u00e1mparas en barcelona\" \/><\/figure><\/div><div class=\"swiper-slide\" role=\"group\" aria-roledescription=\"slide\" aria-label=\"4 sur 4\"><figure class=\"swiper-slide-inner\"><img decoding=\"async\" class=\"swiper-slide-image\" src=\"https:\/\/www.insolitbcn.com\/wp-content\/uploads\/2024\/02\/Insolit-nosotros-fabricacion-local-barcelona-montaje-2.jpg\" alt=\"Insolit lamparas de dise\u00f1o made in barcelona\" \/><\/figure><\/div>\t\t\t<\/div>\n\t\t\t\t\t\t\t\n\t\t\t\t\t\t\t\t\t<div class=\"swiper-pagination\"><\/div>\n\t\t\t\t\t\t\t\t\t<\/div>\n\t\t\t\t<\/div>\n\t\t\t\t<\/div>\n\t\t\t\t\t<\/div>\n\t\t<\/div>\n\t\t\t\t\t<\/div>\n\t\t<\/section>\n\t\t\t\t<section class=\"elementor-section elementor-top-section elementor-element elementor-element-2d6b657 elementor-section-content-middle elementor-reverse-tablet elementor-reverse-mobile elementor-section-boxed elementor-section-height-default elementor-section-height-default\" data-id=\"2d6b657\" data-element_type=\"section\" data-settings=\"{&quot;jet_parallax_layout_list&quot;:[]}\">\n\t\t\t\t\t\t<div class=\"elementor-container elementor-column-gap-default\">\n\t\t\t\t\t<div class=\"elementor-column elementor-col-50 elementor-top-column elementor-element elementor-element-ae25660\" data-id=\"ae25660\" data-element_type=\"column\">\n\t\t\t<div class=\"elementor-widget-wrap elementor-element-populated\">\n\t\t\t\t\t\t<div class=\"elementor-element elementor-element-b5e6f6f elementor-pagination-position-outside elementor-widget elementor-widget-image-carousel\" data-id=\"b5e6f6f\" data-element_type=\"widget\" data-settings=\"{&quot;slides_to_show&quot;:&quot;1&quot;,&quot;navigation&quot;:&quot;dots&quot;,&quot;autoplay&quot;:&quot;yes&quot;,&quot;pause_on_hover&quot;:&quot;yes&quot;,&quot;pause_on_interaction&quot;:&quot;yes&quot;,&quot;autoplay_speed&quot;:5000,&quot;infinite&quot;:&quot;yes&quot;,&quot;effect&quot;:&quot;slide&quot;,&quot;speed&quot;:500}\" data-widget_type=\"image-carousel.default\">\n\t\t\t\t<div class=\"elementor-widget-container\">\n\t\t\t\t\t<div class=\"elementor-image-carousel-wrapper swiper\" dir=\"ltr\">\n\t\t\t<div class=\"elementor-image-carousel swiper-wrapper\" aria-live=\"off\">\n\t\t\t\t\t\t\t\t<div class=\"swiper-slide\" role=\"group\" aria-roledescription=\"slide\" aria-label=\"1 sur 5\"><figure class=\"swiper-slide-inner\"><img decoding=\"async\" class=\"swiper-slide-image\" src=\"https:\/\/www.insolitbcn.com\/wp-content\/uploads\/elementor\/thumbs\/sobre-nosotros-7-rehq90i79bb5mrl5k0u88s8clxky3uz6k0ar31qqh0.jpeg\" alt=\"Insolit fabricante de l\u00e1mparas de dise\u00f1o\" \/><\/figure><\/div><div class=\"swiper-slide\" role=\"group\" aria-roledescription=\"slide\" aria-label=\"2 sur 5\"><figure class=\"swiper-slide-inner\"><img decoding=\"async\" class=\"swiper-slide-image\" src=\"https:\/\/www.insolitbcn.com\/wp-content\/uploads\/elementor\/thumbs\/sobre-nosotros-6-rehq93bpttf0llh23k23y9iqe371qyadke97ivmjyc.jpeg\" alt=\"Insolit fabricante de l\u00e1mparas de dise\u00f1o\" \/><\/figure><\/div><div class=\"swiper-slide\" role=\"group\" aria-roledescription=\"slide\" aria-label=\"3 sur 5\"><figure class=\"swiper-slide-inner\"><img decoding=\"async\" class=\"swiper-slide-image\" src=\"https:\/\/www.insolitbcn.com\/wp-content\/uploads\/elementor\/thumbs\/Insolit-custom-lighting-made-in-barcelona-2-rehq8s1njszkq9xfxf6l4cd79gqn6l1liufdrk3a10.jpg\" alt=\"Insolit custom lighting made in barcelona\" \/><\/figure><\/div><div class=\"swiper-slide\" role=\"group\" aria-roledescription=\"slide\" aria-label=\"4 sur 5\"><figure class=\"swiper-slide-inner\"><img decoding=\"async\" class=\"swiper-slide-image\" src=\"https:\/\/www.insolitbcn.com\/wp-content\/uploads\/elementor\/thumbs\/Insolit-nosotros-fabricacion-local-barcelona-montaje-3-rehq8s1njszkq9xfxf6l4cd79gqn6l1liufdrk3a10.jpg\" alt=\"Insolit made in Barcelona lamparas de dise\u00f1o circulares\" \/><\/figure><\/div><div class=\"swiper-slide\" role=\"group\" aria-roledescription=\"slide\" aria-label=\"5 sur 5\"><figure class=\"swiper-slide-inner\"><img decoding=\"async\" class=\"swiper-slide-image\" src=\"https:\/\/www.insolitbcn.com\/wp-content\/uploads\/elementor\/thumbs\/sobre-nosotros-10-rehq8zkd2h9vb5mipifloagw0jpkw5vg7vn9lrs4n8.jpeg\" alt=\"sobre-nosotros-10\" \/><\/figure><\/div>\t\t\t<\/div>\n\t\t\t\t\t\t\t\n\t\t\t\t\t\t\t\t\t<div class=\"swiper-pagination\"><\/div>\n\t\t\t\t\t\t\t\t\t<\/div>\n\t\t\t\t<\/div>\n\t\t\t\t<\/div>\n\t\t\t\t\t<\/div>\n\t\t<\/div>\n\t\t\t\t<div class=\"elementor-column elementor-col-50 elementor-top-column elementor-element elementor-element-6e8483e\" data-id=\"6e8483e\" data-element_type=\"column\">\n\t\t\t<div class=\"elementor-widget-wrap elementor-element-populated\">\n\t\t\t\t\t\t<div class=\"elementor-element elementor-element-cdd81f1 elementor-widget elementor-widget-heading\" data-id=\"cdd81f1\" data-element_type=\"widget\" data-widget_type=\"heading.default\">\n\t\t\t\t<div class=\"elementor-widget-container\">\n\t\t\t<h2 class=\"elementor-heading-title elementor-size-default\"><b>Notre<\/b> <i>philosophie<\/i><\/h2>\t\t<\/div>\n\t\t\t\t<\/div>\n\t\t\t\t<div class=\"elementor-element elementor-element-63e0eb8 elementor-widget elementor-widget-text-editor\" data-id=\"63e0eb8\" data-element_type=\"widget\" data-widget_type=\"text-editor.default\">\n\t\t\t\t<div class=\"elementor-widget-container\">\n\t\t\t\t\t\t\t<p>Insolit BCN Lighting a \u00e9t\u00e9 cr\u00e9\u00e9 pour concevoir et fabriquer des luminaires sur mesure pour tout type de projet. Certains des produits INSOLIT sont le r\u00e9sultat de commandes re\u00e7ues par nos clients. Le produit se distingue par sa fonctionnalit\u00e9, sa forme, son design, sa durabilit\u00e9 et sa qualit\u00e9, ainsi que par son label &#8220;made in Barcelona&#8221;.<\/p>\n<p>Notre agilit\u00e9 en mati\u00e8re de conception et de production fait de nous l&#8217;un des fabricants de luminaires sur mesure les plus efficaces au monde. Nous sommes en mesure de produire un nouveau design 100 % personnalis\u00e9 en quelques semaines seulement, y compris les images du produit, les prototypes et la fabrication. Conscients de toutes les possibilit\u00e9s de production, nous offrons \u00e0 nos clients la solution la mieux adapt\u00e9e \u00e0 leurs besoins en optimisant les ressources et en utilisant les mat\u00e9riaux de la meilleure qualit\u00e9.<\/p>\n\t\t\t\t\t\t<\/div>\n\t\t\t\t<\/div>\n\t\t\t\t\t<\/div>\n\t\t<\/div>\n\t\t\t\t\t<\/div>\n\t\t<\/section>\n\t\t\t\t<section class=\"elementor-section elementor-top-section elementor-element elementor-element-4f69710 elementor-section-height-min-height elementor-section-items-stretch elementor-section-boxed elementor-section-height-default\" data-id=\"4f69710\" data-element_type=\"section\" data-settings=\"{&quot;background_background&quot;:&quot;classic&quot;,&quot;jet_parallax_layout_list&quot;:[]}\">\n\t\t\t\t\t\t\t<div class=\"elementor-background-overlay\"><\/div>\n\t\t\t\t\t\t\t<div class=\"elementor-container elementor-column-gap-default\">\n\t\t\t\t\t<div class=\"elementor-column elementor-col-100 elementor-top-column elementor-element elementor-element-f7c28a1\" data-id=\"f7c28a1\" data-element_type=\"column\">\n\t\t\t<div class=\"elementor-widget-wrap elementor-element-populated\">\n\t\t\t\t\t\t<div class=\"elementor-element elementor-element-51af6fd elementor-widget elementor-widget-spacer\" data-id=\"51af6fd\" data-element_type=\"widget\" data-widget_type=\"spacer.default\">\n\t\t\t\t<div class=\"elementor-widget-container\">\n\t\t\t\t\t<div class=\"elementor-spacer\">\n\t\t\t<div class=\"elementor-spacer-inner\"><\/div>\n\t\t<\/div>\n\t\t\t\t<\/div>\n\t\t\t\t<\/div>\n\t\t\t\t<div class=\"elementor-element elementor-element-3645412 elementor-widget elementor-widget-heading\" data-id=\"3645412\" data-element_type=\"widget\" data-widget_type=\"heading.default\">\n\t\t\t\t<div class=\"elementor-widget-container\">\n\t\t\t<h5 class=\"elementor-heading-title elementor-size-default\"><b>Contact<\/b> <i>avec nous<\/i><\/h5>\t\t<\/div>\n\t\t\t\t<\/div>\n\t\t\t\t<div class=\"elementor-element elementor-element-1f6dc8f elementor-align-center elementor-widget elementor-widget-button\" data-id=\"1f6dc8f\" data-element_type=\"widget\" data-widget_type=\"button.default\">\n\t\t\t\t<div class=\"elementor-widget-container\">\n\t\t\t\t\t\t\t<div class=\"elementor-button-wrapper\">\n\t\t\t\t\t<a class=\"elementor-button elementor-button-link elementor-size-sm\" href=\"https:\/\/www.insolitbcn.com\/fr\/contact\/\">\n\t\t\t\t\t\t<span class=\"elementor-button-content-wrapper\">\n\t\t\t\t\t\t\t\t\t<span class=\"elementor-button-text\">Contact<\/span>\n\t\t\t\t\t<\/span>\n\t\t\t\t\t<\/a>\n\t\t\t\t<\/div>\n\t\t\t\t\t\t<\/div>\n\t\t\t\t<\/div>\n\t\t\t\t\t<\/div>\n\t\t<\/div>\n\t\t\t\t\t<\/div>\n\t\t<\/section>\n\t\t\t\t<\/div>\n\t\t","protected":false},"excerpt":{"rendered":"<p>Nous sommes la fusion de l&#8217;\u00e9l\u00e9gance et du design moderne Notre \u00e9quipe Nous sommes unis par notre philosophie, notre enthousiasme et notre exp\u00e9rience dans le secteur de l&#8217;\u00e9clairage. Les produits Insolit refl\u00e8tent la fusion du design moderne, de l&#8217;\u00e9l\u00e9gance d\u00e9corative et de l&#8217;esprit jeune, trois \u00e9l\u00e9ments fondamentaux qui nous permettent de concevoir sans limites un [&hellip;]<\/p>\n","protected":false},"author":1,"featured_media":0,"parent":0,"menu_order":0,"comment_status":"closed","ping_status":"closed","template":"","meta":{"_acf_changed":false,"footnotes":""},"class_list":["post-16281","page","type-page","status-publish","hentry"],"acf":[],"yoast_head":"<!-- This site is optimized with the Yoast SEO plugin v26.3 - https:\/\/yoast.com\/wordpress\/plugins\/seo\/ -->\n<title>Nous - Insolit Barcelona Lighting<\/title>\n<meta name=\"description\" content=\"Nous Nous sommes la fusion de l&#039;\u00e9l\u00e9gance et du design moderne Notre \u00e9quipe Nous sommes unis par notre philosophie, notre enthousiasme et notre exp\u00e9rience dans\" \/>\n<meta name=\"robots\" content=\"index, follow, max-snippet:-1, max-image-preview:large, max-video-preview:-1\" \/>\n<link rel=\"canonical\" href=\"https:\/\/www.insolitbcn.com\/fr\/nous\/\" \/>\n<meta property=\"og:locale\" content=\"fr_FR\" \/>\n<meta property=\"og:type\" content=\"article\" \/>\n<meta property=\"og:title\" content=\"Nous - Insolit Barcelona Lighting\" \/>\n<meta property=\"og:description\" content=\"Nous Nous sommes la fusion de l&#039;\u00e9l\u00e9gance et du design moderne Notre \u00e9quipe Nous sommes unis par notre philosophie, notre enthousiasme et notre exp\u00e9rience dans\" \/>\n<meta property=\"og:url\" content=\"https:\/\/www.insolitbcn.com\/fr\/nous\/\" \/>\n<meta property=\"og:site_name\" content=\"Insolit Barcelona Lighting\" \/>\n<meta property=\"article:publisher\" content=\"https:\/\/www.facebook.com\/insolitbcnlighting\/?locale=es_ES\" \/>\n<meta property=\"article:modified_time\" content=\"2026-02-03T23:02:46+00:00\" \/>\n<meta property=\"og:image\" content=\"https:\/\/www.insolitbcn.com\/wp-content\/uploads\/2026\/02\/Jordi-Nubiola-Insolit.jpg\" \/>\n<meta name=\"twitter:card\" content=\"summary_large_image\" \/>\n<meta name=\"twitter:label1\" content=\"Dur\u00e9e de lecture estim\u00e9e\" \/>\n\t<meta name=\"twitter:data1\" content=\"1 minute\" \/>\n<script type=\"application\/ld+json\" class=\"yoast-schema-graph\">{\"@context\":\"https:\/\/schema.org\",\"@graph\":[{\"@type\":\"WebPage\",\"@id\":\"https:\/\/www.insolitbcn.com\/fr\/nous\/\",\"url\":\"https:\/\/www.insolitbcn.com\/fr\/nous\/\",\"name\":\"Nous - Insolit Barcelona Lighting\",\"isPartOf\":{\"@id\":\"https:\/\/www.insolitbcn.com\/fr\/#website\"},\"primaryImageOfPage\":{\"@id\":\"https:\/\/www.insolitbcn.com\/fr\/nous\/#primaryimage\"},\"image\":{\"@id\":\"https:\/\/www.insolitbcn.com\/fr\/nous\/#primaryimage\"},\"thumbnailUrl\":\"https:\/\/www.insolitbcn.com\/wp-content\/uploads\/2026\/02\/Jordi-Nubiola-Insolit.jpg\",\"datePublished\":\"2023-11-28T07:40:08+00:00\",\"dateModified\":\"2026-02-03T23:02:46+00:00\",\"description\":\"Nous Nous sommes la fusion de l'\u00e9l\u00e9gance et du design moderne Notre \u00e9quipe Nous sommes unis par notre philosophie, notre enthousiasme et notre exp\u00e9rience dans\",\"breadcrumb\":{\"@id\":\"https:\/\/www.insolitbcn.com\/fr\/nous\/#breadcrumb\"},\"inLanguage\":\"fr-FR\",\"potentialAction\":[{\"@type\":\"ReadAction\",\"target\":[\"https:\/\/www.insolitbcn.com\/fr\/nous\/\"]}]},{\"@type\":\"ImageObject\",\"inLanguage\":\"fr-FR\",\"@id\":\"https:\/\/www.insolitbcn.com\/fr\/nous\/#primaryimage\",\"url\":\"https:\/\/www.insolitbcn.com\/wp-content\/uploads\/2026\/02\/Jordi-Nubiola-Insolit.jpg\",\"contentUrl\":\"https:\/\/www.insolitbcn.com\/wp-content\/uploads\/2026\/02\/Jordi-Nubiola-Insolit.jpg\"},{\"@type\":\"BreadcrumbList\",\"@id\":\"https:\/\/www.insolitbcn.com\/fr\/nous\/#breadcrumb\",\"itemListElement\":[{\"@type\":\"ListItem\",\"position\":1,\"name\":\"Portada\",\"item\":\"https:\/\/www.insolitbcn.com\/fr\/\"},{\"@type\":\"ListItem\",\"position\":2,\"name\":\"Nous\"}]},{\"@type\":\"WebSite\",\"@id\":\"https:\/\/www.insolitbcn.com\/fr\/#website\",\"url\":\"https:\/\/www.insolitbcn.com\/fr\/\",\"name\":\"Insolit\",\"description\":\"We craft lighting pieces that shape ambiance and reveal identity\",\"publisher\":{\"@id\":\"https:\/\/www.insolitbcn.com\/fr\/#organization\"},\"alternateName\":\"L\u00e1mparas de Dise\u00f1o\",\"potentialAction\":[{\"@type\":\"SearchAction\",\"target\":{\"@type\":\"EntryPoint\",\"urlTemplate\":\"https:\/\/www.insolitbcn.com\/fr\/?s={search_term_string}\"},\"query-input\":{\"@type\":\"PropertyValueSpecification\",\"valueRequired\":true,\"valueName\":\"search_term_string\"}}],\"inLanguage\":\"fr-FR\"},{\"@type\":\"Organization\",\"@id\":\"https:\/\/www.insolitbcn.com\/fr\/#organization\",\"name\":\"Insolit\",\"alternateName\":\"L\u00e1mparas de Dise\u00f1o\",\"url\":\"https:\/\/www.insolitbcn.com\/fr\/\",\"logo\":{\"@type\":\"ImageObject\",\"inLanguage\":\"fr-FR\",\"@id\":\"https:\/\/www.insolitbcn.com\/fr\/#\/schema\/logo\/image\/\",\"url\":\"https:\/\/www.insolitbcn.com\/wp-content\/uploads\/2024\/02\/insolit-imagen-696.jpg\",\"contentUrl\":\"https:\/\/www.insolitbcn.com\/wp-content\/uploads\/2024\/02\/insolit-imagen-696.jpg\",\"width\":696,\"height\":696,\"caption\":\"Insolit\"},\"image\":{\"@id\":\"https:\/\/www.insolitbcn.com\/fr\/#\/schema\/logo\/image\/\"},\"sameAs\":[\"https:\/\/www.facebook.com\/insolitbcnlighting\/?locale=es_ES\",\"https:\/\/www.instagram.com\/insolit_bcn_lighting\/?hl=es\",\"https:\/\/www.linkedin.com\/company\/insolit-bcn-lighting\/posts\/?feedView=all\",\"https:\/\/es.pinterest.com\/insolitbcn\/\",\"https:\/\/www.youtube.com\/watch?v=1jz99K0VUKA\"]}]}<\/script>\n<!-- \/ Yoast SEO plugin. -->","yoast_head_json":{"title":"Nous - Insolit Barcelona Lighting","description":"Nous Nous sommes la fusion de l'\u00e9l\u00e9gance et du design moderne Notre \u00e9quipe Nous sommes unis par notre philosophie, notre enthousiasme et notre exp\u00e9rience dans","robots":{"index":"index","follow":"follow","max-snippet":"max-snippet:-1","max-image-preview":"max-image-preview:large","max-video-preview":"max-video-preview:-1"},"canonical":"https:\/\/www.insolitbcn.com\/fr\/nous\/","og_locale":"fr_FR","og_type":"article","og_title":"Nous - Insolit Barcelona Lighting","og_description":"Nous Nous sommes la fusion de l'\u00e9l\u00e9gance et du design moderne Notre \u00e9quipe Nous sommes unis par notre philosophie, notre enthousiasme et notre exp\u00e9rience dans","og_url":"https:\/\/www.insolitbcn.com\/fr\/nous\/","og_site_name":"Insolit Barcelona Lighting","article_publisher":"https:\/\/www.facebook.com\/insolitbcnlighting\/?locale=es_ES","article_modified_time":"2026-02-03T23:02:46+00:00","og_image":[{"url":"https:\/\/www.insolitbcn.com\/wp-content\/uploads\/2026\/02\/Jordi-Nubiola-Insolit.jpg","type":"","width":"","height":""}],"twitter_card":"summary_large_image","twitter_misc":{"Dur\u00e9e de lecture estim\u00e9e":"1 minute"},"schema":{"@context":"https:\/\/schema.org","@graph":[{"@type":"WebPage","@id":"https:\/\/www.insolitbcn.com\/fr\/nous\/","url":"https:\/\/www.insolitbcn.com\/fr\/nous\/","name":"Nous - Insolit Barcelona Lighting","isPartOf":{"@id":"https:\/\/www.insolitbcn.com\/fr\/#website"},"primaryImageOfPage":{"@id":"https:\/\/www.insolitbcn.com\/fr\/nous\/#primaryimage"},"image":{"@id":"https:\/\/www.insolitbcn.com\/fr\/nous\/#primaryimage"},"thumbnailUrl":"https:\/\/www.insolitbcn.com\/wp-content\/uploads\/2026\/02\/Jordi-Nubiola-Insolit.jpg","datePublished":"2023-11-28T07:40:08+00:00","dateModified":"2026-02-03T23:02:46+00:00","description":"Nous Nous sommes la fusion de l'\u00e9l\u00e9gance et du design moderne Notre \u00e9quipe Nous sommes unis par notre philosophie, notre enthousiasme et notre exp\u00e9rience dans","breadcrumb":{"@id":"https:\/\/www.insolitbcn.com\/fr\/nous\/#breadcrumb"},"inLanguage":"fr-FR","potentialAction":[{"@type":"ReadAction","target":["https:\/\/www.insolitbcn.com\/fr\/nous\/"]}]},{"@type":"ImageObject","inLanguage":"fr-FR","@id":"https:\/\/www.insolitbcn.com\/fr\/nous\/#primaryimage","url":"https:\/\/www.insolitbcn.com\/wp-content\/uploads\/2026\/02\/Jordi-Nubiola-Insolit.jpg","contentUrl":"https:\/\/www.insolitbcn.com\/wp-content\/uploads\/2026\/02\/Jordi-Nubiola-Insolit.jpg"},{"@type":"BreadcrumbList","@id":"https:\/\/www.insolitbcn.com\/fr\/nous\/#breadcrumb","itemListElement":[{"@type":"ListItem","position":1,"name":"Portada","item":"https:\/\/www.insolitbcn.com\/fr\/"},{"@type":"ListItem","position":2,"name":"Nous"}]},{"@type":"WebSite","@id":"https:\/\/www.insolitbcn.com\/fr\/#website","url":"https:\/\/www.insolitbcn.com\/fr\/","name":"Insolit","description":"We craft lighting pieces that shape ambiance and reveal identity","publisher":{"@id":"https:\/\/www.insolitbcn.com\/fr\/#organization"},"alternateName":"L\u00e1mparas de Dise\u00f1o","potentialAction":[{"@type":"SearchAction","target":{"@type":"EntryPoint","urlTemplate":"https:\/\/www.insolitbcn.com\/fr\/?s={search_term_string}"},"query-input":{"@type":"PropertyValueSpecification","valueRequired":true,"valueName":"search_term_string"}}],"inLanguage":"fr-FR"},{"@type":"Organization","@id":"https:\/\/www.insolitbcn.com\/fr\/#organization","name":"Insolit","alternateName":"L\u00e1mparas de Dise\u00f1o","url":"https:\/\/www.insolitbcn.com\/fr\/","logo":{"@type":"ImageObject","inLanguage":"fr-FR","@id":"https:\/\/www.insolitbcn.com\/fr\/#\/schema\/logo\/image\/","url":"https:\/\/www.insolitbcn.com\/wp-content\/uploads\/2024\/02\/insolit-imagen-696.jpg","contentUrl":"https:\/\/www.insolitbcn.com\/wp-content\/uploads\/2024\/02\/insolit-imagen-696.jpg","width":696,"height":696,"caption":"Insolit"},"image":{"@id":"https:\/\/www.insolitbcn.com\/fr\/#\/schema\/logo\/image\/"},"sameAs":["https:\/\/www.facebook.com\/insolitbcnlighting\/?locale=es_ES","https:\/\/www.instagram.com\/insolit_bcn_lighting\/?hl=es","https:\/\/www.linkedin.com\/company\/insolit-bcn-lighting\/posts\/?feedView=all","https:\/\/es.pinterest.com\/insolitbcn\/","https:\/\/www.youtube.com\/watch?v=1jz99K0VUKA"]}]}},"_links":{"self":[{"href":"https:\/\/www.insolitbcn.com\/fr\/wp-json\/wp\/v2\/pages\/16281","targetHints":{"allow":["GET"]}}],"collection":[{"href":"https:\/\/www.insolitbcn.com\/fr\/wp-json\/wp\/v2\/pages"}],"about":[{"href":"https:\/\/www.insolitbcn.com\/fr\/wp-json\/wp\/v2\/types\/page"}],"author":[{"embeddable":true,"href":"https:\/\/www.insolitbcn.com\/fr\/wp-json\/wp\/v2\/users\/1"}],"replies":[{"embeddable":true,"href":"https:\/\/www.insolitbcn.com\/fr\/wp-json\/wp\/v2\/comments?post=16281"}],"version-history":[{"count":3,"href":"https:\/\/www.insolitbcn.com\/fr\/wp-json\/wp\/v2\/pages\/16281\/revisions"}],"predecessor-version":[{"id":29646,"href":"https:\/\/www.insolitbcn.com\/fr\/wp-json\/wp\/v2\/pages\/16281\/revisions\/29646"}],"wp:attachment":[{"href":"https:\/\/www.insolitbcn.com\/fr\/wp-json\/wp\/v2\/media?parent=16281"}],"curies":[{"name":"wp","href":"https:\/\/api.w.org\/{rel}","templated":true}]}}