{"id":16301,"date":"2024-02-07T15:47:34","date_gmt":"2024-02-07T14:47:34","guid":{"rendered":"https:\/\/www.insolitbcn.com\/politique-en-matiere-de-cookies\/"},"modified":"2024-05-03T13:59:34","modified_gmt":"2024-05-03T11:59:34","slug":"politique-en-matiere-de-cookies","status":"publish","type":"page","link":"https:\/\/www.insolitbcn.com\/fr\/politique-en-matiere-de-cookies\/","title":{"rendered":"Politique en mati\u00e8re de cookies"},"content":{"rendered":"\t\t<div data-elementor-type=\"wp-page\" data-elementor-id=\"16301\" class=\"elementor elementor-16301 elementor-9266\" data-elementor-post-type=\"page\">\n\t\t\t\t\t\t<section class=\"elementor-section elementor-top-section elementor-element elementor-element-eda81db elementor-section-boxed elementor-section-height-default elementor-section-height-default\" data-id=\"eda81db\" data-element_type=\"section\" data-settings=\"{&quot;jet_parallax_layout_list&quot;:[]}\">\n\t\t\t\t\t\t<div class=\"elementor-container elementor-column-gap-default\">\n\t\t\t\t\t<div class=\"elementor-column elementor-col-100 elementor-top-column elementor-element elementor-element-abcd2ac\" data-id=\"abcd2ac\" data-element_type=\"column\">\n\t\t\t<div class=\"elementor-widget-wrap elementor-element-populated\">\n\t\t\t\t\t\t<div class=\"elementor-element elementor-element-48b19f5 elementor-widget-divider--view-line elementor-widget elementor-widget-divider\" data-id=\"48b19f5\" data-element_type=\"widget\" data-widget_type=\"divider.default\">\n\t\t\t\t<div class=\"elementor-widget-container\">\n\t\t\t\t\t<div class=\"elementor-divider\">\n\t\t\t<span class=\"elementor-divider-separator\">\n\t\t\t\t\t\t<\/span>\n\t\t<\/div>\n\t\t\t\t<\/div>\n\t\t\t\t<\/div>\n\t\t\t\t<div class=\"elementor-element elementor-element-0985ec1 elementor-widget elementor-widget-text-editor\" data-id=\"0985ec1\" data-element_type=\"widget\" data-widget_type=\"text-editor.default\">\n\t\t\t\t<div class=\"elementor-widget-container\">\n\t\t\t\t\t\t\t<p>Un cookie est un fichier qui est t\u00e9l\u00e9charg\u00e9 sur votre ordinateur lorsque vous acc\u00e9dez \u00e0 certains sites web. Les cookies permettent \u00e0 un site web, entre autres, de stocker et de r\u00e9cup\u00e9rer des informations sur les habitudes de navigation d&#8217;un utilisateur ou de son ordinateur et, en fonction des informations qu&#8217;ils contiennent et de la fa\u00e7on dont vous utilisez votre ordinateur, ils peuvent \u00eatre utilis\u00e9s pour reconna\u00eetre l&#8217;utilisateur.<br \/>\nLes cookies sont essentiels au fonctionnement de l&#8217;internet, offrant d&#8217;innombrables avantages dans la fourniture de services interactifs, facilitant la navigation et l&#8217;utilisation de notre site web.<br \/>\nLes informations fournies ci-dessous vous aideront \u00e0 comprendre les diff\u00e9rents types de cookies :<\/p>\n<table class=\"table\">\n<tbody>\n<tr>\n<td colspan=\"3\" scope=\"col\">\n<h4>TYPES DE COOKIES<\/h4>\n<\/td>\n<\/tr>\n<tr>\n<td scope=\"col\">EN FONCTION DE L&#8217;ENTIT\u00c9 QUI LES G\u00c8RE<\/td>\n<td>Ses propres biscuits<\/td>\n<td>Elles sont collect\u00e9es par l&#8217;\u00e9diteur lui-m\u00eame afin de fournir le service demand\u00e9 par l&#8217;utilisateur.<\/td>\n<\/tr>\n<tr>\n<td scope=\"col\">EN FONCTION DE L&#8217;ENTIT\u00c9 QUI LES G\u00c8RE<\/td>\n<td>Cookies de tiers<\/td>\n<td>Il s&#8217;agit des donn\u00e9es collect\u00e9es et g\u00e9r\u00e9es par un tiers et qui ne peuvent \u00eatre consid\u00e9r\u00e9es comme exclusives.<\/td>\n<\/tr>\n<tr>\n<td scope=\"col\">EN FONCTION DE LA DUR\u00c9E DE LEUR ACTIVIT\u00c9<\/td>\n<td>Cookies de session<\/td>\n<td>Ils collectent des donn\u00e9es pendant que l&#8217;utilisateur navigue sur le r\u00e9seau afin de fournir le service demand\u00e9.<\/td>\n<\/tr>\n<tr>\n<td scope=\"col\">EN FONCTION DE LA DUR\u00c9E DE LEUR ACTIVIT\u00c9<\/td>\n<td>Cookies persistants<\/td>\n<td>Ils sont stock\u00e9s dans le terminal et les informations obtenues seront utilis\u00e9es par le responsable du cookie afin de fournir le service demand\u00e9.<\/td>\n<\/tr>\n<tr>\n<td scope=\"col\">CONFORM\u00c9MENT \u00c0 LEUR OBJECTIF<\/td>\n<td>Cookies techniques<\/td>\n<td>Elles sont n\u00e9cessaires \u00e0 la bonne navigation sur le site web.<\/td>\n<\/tr>\n<tr>\n<td scope=\"col\">CONFORM\u00c9MENT \u00c0 LEUR OBJECTIF<\/td>\n<td>Cookies de personnalisation<\/td>\n<td>Permettre \u00e0 l&#8217;utilisateur de choisir les caract\u00e9ristiques (langue) pour la navigation sur le site web<\/td>\n<\/tr>\n<tr>\n<td scope=\"col\">CONFORM\u00c9MENT \u00c0 LEUR OBJECTIF<\/td>\n<td>Cookies analytiques<\/td>\n<td>Elles permettent au fournisseur d&#8217;analyser la navigation effectu\u00e9e par l&#8217;utilisateur, afin de suivre l&#8217;utilisation du site web, ainsi que de r\u00e9aliser des statistiques sur les contenus les plus visit\u00e9s, le nombre de visiteurs, etc.<\/td>\n<\/tr>\n<tr>\n<td scope=\"col\">CONFORM\u00c9MENT \u00c0 LEUR OBJECTIF<\/td>\n<td>Cookies publicitaires<\/td>\n<td>Ils permettent \u00e0 l&#8217;\u00e9diteur d&#8217;inclure des espaces publicitaires sur le site web, en fonction du contenu du site lui-m\u00eame.<\/td>\n<\/tr>\n<tr>\n<td scope=\"col\">CONFORM\u00c9MENT \u00c0 LEUR OBJECTIF<\/td>\n<td>Cookies de publicit\u00e9 comportementale<\/td>\n<td>Ils permettent \u00e0 l&#8217;\u00e9diteur d&#8217;inclure des espaces publicitaires sur le site web en fonction des informations obtenues gr\u00e2ce aux habitudes de navigation de l&#8217;utilisateur.<\/td>\n<\/tr>\n<\/tbody>\n<\/table>\n<p>Conform\u00e9ment aux dispositions de l&#8217;article 22.2 de la Loi 34\/2002, du 11 juillet, sur les services de la soci\u00e9t\u00e9 de l&#8217;information et le commerce \u00e9lectronique (LSSI-CE), THINKLIGHT SL informe des cookies utilis\u00e9s sur son site Web:<\/p>\n<table class=\"table\">\n<tbody>\n<tr>\n<th scope=\"col\">Fournisseur<\/th>\n<th scope=\"col\">Nom<\/th>\n<th scope=\"col\">Objectif<\/th>\n<th scope=\"col\">Type<\/th>\n<th scope=\"col\">Dur\u00e9e de l&#8217;accord<\/th>\n<\/tr>\n<tr>\n<td scope=\"col\">Google Analytics<\/td>\n<td>__utma<\/td>\n<td>Il est utilis\u00e9 pour distinguer les utilisateurs et les sessions. Le cookie est cr\u00e9\u00e9 lors de l&#8217;ex\u00e9cution de la biblioth\u00e8que JavaScript et il n&#8217;y a pas de cookie __utma. Le cookie est mis \u00e0 jour \u00e0 chaque fois que des donn\u00e9es sont envoy\u00e9es \u00e0 Google Analytics.<\/td>\n<td>Tiers, persistant et analytique<\/td>\n<td>2 ann\u00e9es<\/td>\n<\/tr>\n<tr>\n<td scope=\"col\">Google Analytics<\/td>\n<td>__utmb<\/td>\n<td>Il est utilis\u00e9 pour d\u00e9terminer les nouvelles sessions ou visites. Le cookie est cr\u00e9\u00e9 lorsque la biblioth\u00e8que JavaScript est ex\u00e9cut\u00e9e et qu&#8217;il n&#8217;y a pas de cookie __utmb. Le cookie est mis \u00e0 jour \u00e0 chaque fois que des donn\u00e9es sont envoy\u00e9es \u00e0 Google Analytics.<\/td>\n<td>Tiers, persistant et analytique<\/td>\n<td>30 minutes<\/td>\n<\/tr>\n<tr>\n<td scope=\"col\">Google Analytics<\/td>\n<td>__utmc<\/td>\n<td>Non utilis\u00e9 dans ga.js. Il est utilis\u00e9 pour interagir avec urchin.js. Auparavant, ce cookie agissait en conjonction avec le cookie __utmb pour d\u00e9terminer si l&#8217;utilisateur se trouvait dans une nouvelle session ou visite.<\/td>\n<td>Tiers, session et analyse<\/td>\n<td>A la fin de la session<\/td>\n<\/tr>\n<tr>\n<td scope=\"col\">Google Analytics<\/td>\n<td>__utmz<\/td>\n<td>Stocke la source de trafic ou la campagne qui explique comment l&#8217;utilisateur a atteint le site. Le cookie est cr\u00e9\u00e9 lors de l&#8217;ex\u00e9cution de la biblioth\u00e8que JavaScript et est mis \u00e0 jour \u00e0 chaque fois que des donn\u00e9es sont envoy\u00e9es \u00e0 Google Analytics.<\/td>\n<td>Tiers, persistant et analytique<\/td>\n<td>6 mois<\/td>\n<\/tr>\n<\/tbody>\n<\/table>\n<p><b>Google Analytics:<\/b>\u00a0Stocke des cookies afin d&#8217;\u00e9tablir des statistiques sur le trafic et le volume de visites sur ce site. En utilisant ce site, vous consentez au traitement de vos donn\u00e9es personnelles par Google. Par cons\u00e9quent, l&#8217;exercice de tout droit \u00e0 cet \u00e9gard doit se faire en communiquant directement avec Google.<\/p>\n<p>Les cookies de Google Analytics sont stock\u00e9s sur des serveurs situ\u00e9s aux Etats-Unis et Google s&#8217;engage \u00e0 ne pas les partager avec des tiers, sauf si cela est n\u00e9cessaire au fonctionnement du syst\u00e8me ou si la loi l&#8217;exige. Selon Google, votre adresse IP n&#8217;est pas stock\u00e9e.<\/p>\n<p>Google Inc. est une entreprise du Privacy Shield, ce qui garantit que toutes les donn\u00e9es transf\u00e9r\u00e9es seront trait\u00e9es avec un niveau de protection conforme \u00e0 la r\u00e9glementation europ\u00e9enne. Des informations d\u00e9taill\u00e9es \u00e0 ce sujet sont disponibles sur le lien suivant : https:\/\/support.google.com\/analytics\/answer\/6004245.<\/p>\n<p>Si vous le souhaitez, vous pouvez utiliser le module compl\u00e9mentaire de navigateur Google Analytics Opt-out, qui vous permet de refuser les cookies analytiques de Google Analytics dans tous les navigateurs. Vous trouverez de plus amples informations \u00e0 ce sujet sur le lien suivant : https:\/\/tools.google.com\/dlpage\/gaoptout<\/p>\n<p>THINKLIGHT SL informe \u00e9galement l&#8217;utilisateur qu&#8217;il a la possibilit\u00e9 de configurer son navigateur afin d&#8217;\u00eatre inform\u00e9 de la r\u00e9ception de cookies, et qu&#8217;il peut, s&#8217;il le souhaite, emp\u00eacher leur installation sur son disque dur.<\/p>\n<p>Vous trouverez ci-dessous des liens vers diff\u00e9rents navigateurs qui vous permettront d&#8217;effectuer ces r\u00e9glages :<\/p>\n<p>Firefox \u00e0 partir d&#8217;ici: http:\/\/support.mozilla.org\/es\/kb\/habilitar-y-deshabilitar-cookies-que-los-sitios-we<br \/>\nChrome \u00e0 partir d&#8217;ici: http:\/\/support.google.com\/chrome\/bin\/answer.py?hl=es&amp;answer=95647<br \/>\nExplorer \u00e0 partir d&#8217;ici: http:\/\/windows.microsoft.com\/es-es\/internet-explorer\/delete-manage-cookies#ie=ie-10<br \/>\nSafari \u00e0 partir d&#8217;ici:  https:\/\/support.apple.com\/kb\/ph17191?locale=es_ES<br \/>\nOpera \u00e0 partir d&#8217;ici: http:\/\/help.opera.com\/Windows\/11.50\/es-ES\/cookies.html<\/p>\n\t\t\t\t\t\t<\/div>\n\t\t\t\t<\/div>\n\t\t\t\t\t<\/div>\n\t\t<\/div>\n\t\t\t\t\t<\/div>\n\t\t<\/section>\n\t\t\t\t<\/div>\n\t\t","protected":false},"excerpt":{"rendered":"<p>Un cookie est un fichier qui est t\u00e9l\u00e9charg\u00e9 sur votre ordinateur lorsque vous acc\u00e9dez \u00e0 certains sites web. Les cookies permettent \u00e0 un site web, entre autres, de stocker et de r\u00e9cup\u00e9rer des informations sur les habitudes de navigation d&#8217;un utilisateur ou de son ordinateur et, en fonction des informations qu&#8217;ils contiennent et de la [&hellip;]<\/p>\n","protected":false},"author":1,"featured_media":0,"parent":0,"menu_order":0,"comment_status":"closed","ping_status":"closed","template":"","meta":{"_acf_changed":false,"footnotes":""},"class_list":["post-16301","page","type-page","status-publish","hentry"],"acf":[],"yoast_head":"<!-- This site is optimized with the Yoast SEO plugin v26.3 - https:\/\/yoast.com\/wordpress\/plugins\/seo\/ -->\n<title>Politique en mati\u00e8re de cookies - Insolit Barcelona Lighting<\/title>\n<meta name=\"description\" content=\"Politique en mati\u00e8re de cookies Un cookie est un fichier qui est t\u00e9l\u00e9charg\u00e9 sur votre ordinateur lorsque vous acc\u00e9dez \u00e0 certains sites web. Les cookies permettent \u00e0 un site web, entre\" \/>\n<meta name=\"robots\" content=\"noindex, nofollow\" \/>\n<meta property=\"og:locale\" content=\"fr_FR\" \/>\n<meta property=\"og:type\" content=\"article\" \/>\n<meta property=\"og:title\" content=\"Politique en mati\u00e8re de cookies - Insolit Barcelona Lighting\" \/>\n<meta property=\"og:description\" content=\"Politique en mati\u00e8re de cookies Un cookie est un fichier qui est t\u00e9l\u00e9charg\u00e9 sur votre ordinateur lorsque vous acc\u00e9dez \u00e0 certains sites web. Les cookies permettent \u00e0 un site web, entre\" \/>\n<meta property=\"og:url\" content=\"https:\/\/www.insolitbcn.com\/fr\/politique-en-matiere-de-cookies\/\" \/>\n<meta property=\"og:site_name\" content=\"Insolit Barcelona Lighting\" \/>\n<meta property=\"article:publisher\" content=\"https:\/\/www.facebook.com\/insolitbcnlighting\/?locale=es_ES\" \/>\n<meta property=\"article:modified_time\" content=\"2024-05-03T11:59:34+00:00\" \/>\n<meta property=\"og:image\" content=\"https:\/\/www.insolitbcn.com\/wp-content\/uploads\/2024\/02\/insolit-imagen-1200.jpg\" \/>\n\t<meta property=\"og:image:width\" content=\"1200\" \/>\n\t<meta property=\"og:image:height\" content=\"675\" \/>\n\t<meta property=\"og:image:type\" content=\"image\/jpeg\" \/>\n<meta name=\"twitter:card\" content=\"summary_large_image\" \/>\n<meta name=\"twitter:label1\" content=\"Dur\u00e9e de lecture estim\u00e9e\" \/>\n\t<meta name=\"twitter:data1\" content=\"5 minutes\" \/>\n<script type=\"application\/ld+json\" class=\"yoast-schema-graph\">{\"@context\":\"https:\/\/schema.org\",\"@graph\":[{\"@type\":\"WebPage\",\"@id\":\"https:\/\/www.insolitbcn.com\/fr\/politique-en-matiere-de-cookies\/\",\"url\":\"https:\/\/www.insolitbcn.com\/fr\/politique-en-matiere-de-cookies\/\",\"name\":\"Politique en mati\u00e8re de cookies - Insolit Barcelona Lighting\",\"isPartOf\":{\"@id\":\"https:\/\/www.insolitbcn.com\/fr\/#website\"},\"datePublished\":\"2024-02-07T14:47:34+00:00\",\"dateModified\":\"2024-05-03T11:59:34+00:00\",\"description\":\"Politique en mati\u00e8re de cookies Un cookie est un fichier qui est t\u00e9l\u00e9charg\u00e9 sur votre ordinateur lorsque vous acc\u00e9dez \u00e0 certains sites web. Les cookies permettent \u00e0 un site web, entre\",\"breadcrumb\":{\"@id\":\"https:\/\/www.insolitbcn.com\/fr\/politique-en-matiere-de-cookies\/#breadcrumb\"},\"inLanguage\":\"fr-FR\",\"potentialAction\":[{\"@type\":\"ReadAction\",\"target\":[\"https:\/\/www.insolitbcn.com\/fr\/politique-en-matiere-de-cookies\/\"]}]},{\"@type\":\"BreadcrumbList\",\"@id\":\"https:\/\/www.insolitbcn.com\/fr\/politique-en-matiere-de-cookies\/#breadcrumb\",\"itemListElement\":[{\"@type\":\"ListItem\",\"position\":1,\"name\":\"Portada\",\"item\":\"https:\/\/www.insolitbcn.com\/fr\/\"},{\"@type\":\"ListItem\",\"position\":2,\"name\":\"Politique en mati\u00e8re de cookies\"}]},{\"@type\":\"WebSite\",\"@id\":\"https:\/\/www.insolitbcn.com\/fr\/#website\",\"url\":\"https:\/\/www.insolitbcn.com\/fr\/\",\"name\":\"Insolit\",\"description\":\"We craft lighting pieces that shape ambiance and reveal identity\",\"publisher\":{\"@id\":\"https:\/\/www.insolitbcn.com\/fr\/#organization\"},\"alternateName\":\"L\u00e1mparas de Dise\u00f1o\",\"potentialAction\":[{\"@type\":\"SearchAction\",\"target\":{\"@type\":\"EntryPoint\",\"urlTemplate\":\"https:\/\/www.insolitbcn.com\/fr\/?s={search_term_string}\"},\"query-input\":{\"@type\":\"PropertyValueSpecification\",\"valueRequired\":true,\"valueName\":\"search_term_string\"}}],\"inLanguage\":\"fr-FR\"},{\"@type\":\"Organization\",\"@id\":\"https:\/\/www.insolitbcn.com\/fr\/#organization\",\"name\":\"Insolit\",\"alternateName\":\"L\u00e1mparas de Dise\u00f1o\",\"url\":\"https:\/\/www.insolitbcn.com\/fr\/\",\"logo\":{\"@type\":\"ImageObject\",\"inLanguage\":\"fr-FR\",\"@id\":\"https:\/\/www.insolitbcn.com\/fr\/#\/schema\/logo\/image\/\",\"url\":\"https:\/\/www.insolitbcn.com\/wp-content\/uploads\/2024\/02\/insolit-imagen-696.jpg\",\"contentUrl\":\"https:\/\/www.insolitbcn.com\/wp-content\/uploads\/2024\/02\/insolit-imagen-696.jpg\",\"width\":696,\"height\":696,\"caption\":\"Insolit\"},\"image\":{\"@id\":\"https:\/\/www.insolitbcn.com\/fr\/#\/schema\/logo\/image\/\"},\"sameAs\":[\"https:\/\/www.facebook.com\/insolitbcnlighting\/?locale=es_ES\",\"https:\/\/www.instagram.com\/insolit_bcn_lighting\/?hl=es\",\"https:\/\/www.linkedin.com\/company\/insolit-bcn-lighting\/posts\/?feedView=all\",\"https:\/\/es.pinterest.com\/insolitbcn\/\",\"https:\/\/www.youtube.com\/watch?v=1jz99K0VUKA\"]}]}<\/script>\n<!-- \/ Yoast SEO plugin. -->","yoast_head_json":{"title":"Politique en mati\u00e8re de cookies - Insolit Barcelona Lighting","description":"Politique en mati\u00e8re de cookies Un cookie est un fichier qui est t\u00e9l\u00e9charg\u00e9 sur votre ordinateur lorsque vous acc\u00e9dez \u00e0 certains sites web. Les cookies permettent \u00e0 un site web, entre","robots":{"index":"noindex","follow":"nofollow"},"og_locale":"fr_FR","og_type":"article","og_title":"Politique en mati\u00e8re de cookies - Insolit Barcelona Lighting","og_description":"Politique en mati\u00e8re de cookies Un cookie est un fichier qui est t\u00e9l\u00e9charg\u00e9 sur votre ordinateur lorsque vous acc\u00e9dez \u00e0 certains sites web. Les cookies permettent \u00e0 un site web, entre","og_url":"https:\/\/www.insolitbcn.com\/fr\/politique-en-matiere-de-cookies\/","og_site_name":"Insolit Barcelona Lighting","article_publisher":"https:\/\/www.facebook.com\/insolitbcnlighting\/?locale=es_ES","article_modified_time":"2024-05-03T11:59:34+00:00","og_image":[{"width":1200,"height":675,"url":"https:\/\/www.insolitbcn.com\/wp-content\/uploads\/2024\/02\/insolit-imagen-1200.jpg","type":"image\/jpeg"}],"twitter_card":"summary_large_image","twitter_misc":{"Dur\u00e9e de lecture estim\u00e9e":"5 minutes"},"schema":{"@context":"https:\/\/schema.org","@graph":[{"@type":"WebPage","@id":"https:\/\/www.insolitbcn.com\/fr\/politique-en-matiere-de-cookies\/","url":"https:\/\/www.insolitbcn.com\/fr\/politique-en-matiere-de-cookies\/","name":"Politique en mati\u00e8re de cookies - Insolit Barcelona Lighting","isPartOf":{"@id":"https:\/\/www.insolitbcn.com\/fr\/#website"},"datePublished":"2024-02-07T14:47:34+00:00","dateModified":"2024-05-03T11:59:34+00:00","description":"Politique en mati\u00e8re de cookies Un cookie est un fichier qui est t\u00e9l\u00e9charg\u00e9 sur votre ordinateur lorsque vous acc\u00e9dez \u00e0 certains sites web. Les cookies permettent \u00e0 un site web, entre","breadcrumb":{"@id":"https:\/\/www.insolitbcn.com\/fr\/politique-en-matiere-de-cookies\/#breadcrumb"},"inLanguage":"fr-FR","potentialAction":[{"@type":"ReadAction","target":["https:\/\/www.insolitbcn.com\/fr\/politique-en-matiere-de-cookies\/"]}]},{"@type":"BreadcrumbList","@id":"https:\/\/www.insolitbcn.com\/fr\/politique-en-matiere-de-cookies\/#breadcrumb","itemListElement":[{"@type":"ListItem","position":1,"name":"Portada","item":"https:\/\/www.insolitbcn.com\/fr\/"},{"@type":"ListItem","position":2,"name":"Politique en mati\u00e8re de cookies"}]},{"@type":"WebSite","@id":"https:\/\/www.insolitbcn.com\/fr\/#website","url":"https:\/\/www.insolitbcn.com\/fr\/","name":"Insolit","description":"We craft lighting pieces that shape ambiance and reveal identity","publisher":{"@id":"https:\/\/www.insolitbcn.com\/fr\/#organization"},"alternateName":"L\u00e1mparas de Dise\u00f1o","potentialAction":[{"@type":"SearchAction","target":{"@type":"EntryPoint","urlTemplate":"https:\/\/www.insolitbcn.com\/fr\/?s={search_term_string}"},"query-input":{"@type":"PropertyValueSpecification","valueRequired":true,"valueName":"search_term_string"}}],"inLanguage":"fr-FR"},{"@type":"Organization","@id":"https:\/\/www.insolitbcn.com\/fr\/#organization","name":"Insolit","alternateName":"L\u00e1mparas de Dise\u00f1o","url":"https:\/\/www.insolitbcn.com\/fr\/","logo":{"@type":"ImageObject","inLanguage":"fr-FR","@id":"https:\/\/www.insolitbcn.com\/fr\/#\/schema\/logo\/image\/","url":"https:\/\/www.insolitbcn.com\/wp-content\/uploads\/2024\/02\/insolit-imagen-696.jpg","contentUrl":"https:\/\/www.insolitbcn.com\/wp-content\/uploads\/2024\/02\/insolit-imagen-696.jpg","width":696,"height":696,"caption":"Insolit"},"image":{"@id":"https:\/\/www.insolitbcn.com\/fr\/#\/schema\/logo\/image\/"},"sameAs":["https:\/\/www.facebook.com\/insolitbcnlighting\/?locale=es_ES","https:\/\/www.instagram.com\/insolit_bcn_lighting\/?hl=es","https:\/\/www.linkedin.com\/company\/insolit-bcn-lighting\/posts\/?feedView=all","https:\/\/es.pinterest.com\/insolitbcn\/","https:\/\/www.youtube.com\/watch?v=1jz99K0VUKA"]}]}},"_links":{"self":[{"href":"https:\/\/www.insolitbcn.com\/fr\/wp-json\/wp\/v2\/pages\/16301","targetHints":{"allow":["GET"]}}],"collection":[{"href":"https:\/\/www.insolitbcn.com\/fr\/wp-json\/wp\/v2\/pages"}],"about":[{"href":"https:\/\/www.insolitbcn.com\/fr\/wp-json\/wp\/v2\/types\/page"}],"author":[{"embeddable":true,"href":"https:\/\/www.insolitbcn.com\/fr\/wp-json\/wp\/v2\/users\/1"}],"replies":[{"embeddable":true,"href":"https:\/\/www.insolitbcn.com\/fr\/wp-json\/wp\/v2\/comments?post=16301"}],"version-history":[{"count":1,"href":"https:\/\/www.insolitbcn.com\/fr\/wp-json\/wp\/v2\/pages\/16301\/revisions"}],"predecessor-version":[{"id":16302,"href":"https:\/\/www.insolitbcn.com\/fr\/wp-json\/wp\/v2\/pages\/16301\/revisions\/16302"}],"wp:attachment":[{"href":"https:\/\/www.insolitbcn.com\/fr\/wp-json\/wp\/v2\/media?parent=16301"}],"curies":[{"name":"wp","href":"https:\/\/api.w.org\/{rel}","templated":true}]}}