{"id":16303,"date":"2024-02-07T15:47:07","date_gmt":"2024-02-07T14:47:07","guid":{"rendered":"https:\/\/www.insolitbcn.com\/politique-de-confidentialite\/"},"modified":"2024-05-03T14:06:14","modified_gmt":"2024-05-03T12:06:14","slug":"politique-de-confidentialite","status":"publish","type":"page","link":"https:\/\/www.insolitbcn.com\/fr\/politique-de-confidentialite\/","title":{"rendered":"Politique de confidentialit\u00e9"},"content":{"rendered":"\t\t<div data-elementor-type=\"wp-page\" data-elementor-id=\"16303\" class=\"elementor elementor-16303 elementor-9264\" data-elementor-post-type=\"page\">\n\t\t\t\t\t\t<section class=\"elementor-section elementor-top-section elementor-element elementor-element-4fee67a elementor-section-boxed elementor-section-height-default elementor-section-height-default\" data-id=\"4fee67a\" data-element_type=\"section\" data-settings=\"{&quot;jet_parallax_layout_list&quot;:[]}\">\n\t\t\t\t\t\t<div class=\"elementor-container elementor-column-gap-default\">\n\t\t\t\t\t<div class=\"elementor-column elementor-col-100 elementor-top-column elementor-element elementor-element-e0c7d5a\" data-id=\"e0c7d5a\" data-element_type=\"column\">\n\t\t\t<div class=\"elementor-widget-wrap elementor-element-populated\">\n\t\t\t\t\t\t<div class=\"elementor-element elementor-element-41f0041 elementor-widget-divider--view-line elementor-widget elementor-widget-divider\" data-id=\"41f0041\" data-element_type=\"widget\" data-widget_type=\"divider.default\">\n\t\t\t\t<div class=\"elementor-widget-container\">\n\t\t\t\t\t<div class=\"elementor-divider\">\n\t\t\t<span class=\"elementor-divider-separator\">\n\t\t\t\t\t\t<\/span>\n\t\t<\/div>\n\t\t\t\t<\/div>\n\t\t\t\t<\/div>\n\t\t\t\t<div class=\"elementor-element elementor-element-7e21712 elementor-widget elementor-widget-text-editor\" data-id=\"7e21712\" data-element_type=\"widget\" data-widget_type=\"text-editor.default\">\n\t\t\t\t<div class=\"elementor-widget-container\">\n\t\t\t\t\t\t\t<h3>POLITIQUE DE CONFIDENTIALIT\u00c9 R\u00c9SEAUX SOCIAUX<\/h3>\n<p>Conform\u00e9ment aux dispositions de la r\u00e9glementation en vigueur en mati\u00e8re de protection des donn\u00e9es personnelles (RGPD) et de la loi 34\/2002, du 11 juillet, sur les services de la soci\u00e9t\u00e9 de l&#8217;information et le commerce \u00e9lectronique (LSSI-CE), THINKLIGHT SL informe les utilisateurs qu&#8217;elle a proc\u00e9d\u00e9 \u00e0 la cr\u00e9ation d&#8217;un profil sur le(s) r\u00e9seau(x) social(aux) Facebook, dans le but principal de faire de la publicit\u00e9 pour ses produits et services.<\/p>\n<p><b>D\u00e9tails de THINKLIGHT SL<\/b><\/p>\n<p>CIF:\u00a0<b>ES-B55111660<\/b><br \/>\nADRESSE:\u00a0<b>Calle Girona, 161, 17820 Banyoles (Girona)<\/b><br \/>\nE-MAIL:\u00a0<b>insolit@insolitbcn.com<\/b><br \/>\nDOMAINE WEB:\u00a0<b>www.insolitbcn.com<\/b><\/p>\n<p>L&#8217;utilisateur a un profil sur le m\u00eame r\u00e9seau social et a d\u00e9cid\u00e9 de rejoindre la page cr\u00e9\u00e9e par THINKLIGHT SL, montrant ainsi son int\u00e9r\u00eat pour les informations qui sont annonc\u00e9es sur le r\u00e9seau. En rejoignant notre page, vous nous donnez votre consentement au traitement des donn\u00e9es personnelles publi\u00e9es dans votre profil.<\/p>\n<p>L&#8217;utilisateur peut acc\u00e9der \u00e0 tout moment aux politiques de confidentialit\u00e9 du r\u00e9seau social lui-m\u00eame, ainsi que configurer son profil pour garantir sa confidentialit\u00e9. THINKLIGHT SL a acc\u00e8s et traite les informations publiques de l&#8217;utilisateur, en particulier son nom de contact. Ces donn\u00e9es ne sont utilis\u00e9es qu&#8217;au sein du R\u00e9seau social lui-m\u00eame. Elles ne sont incorpor\u00e9es dans aucun fichier.<\/p>\n<p>En ce qui concerne les droits d&#8217;acc\u00e8s, de rectification, d&#8217;annulation et d&#8217;opposition, dont vous disposez et que vous pouvez exercer devant THINKLIGHT SL, conform\u00e9ment au RGPD, vous devez tenir compte des nuances suivantes :<\/p>\n<p><b>Acc\u00e8s<\/b>: Il sera d\u00e9fini par la fonctionnalit\u00e9 du r\u00e9seau social et la possibilit\u00e9 d&#8217;acc\u00e9der aux informations du profil de l&#8217;utilisateur.<br \/>\n<b>Correction<\/b>: Il ne peut \u00eatre satisfait que par rapport aux informations qui sont sous le contr\u00f4le de THINKLIGHT SL, par exemple, la suppression des commentaires post\u00e9s sur la page elle-m\u00eame. Normalement, ce droit doit \u00eatre exerc\u00e9 devant le r\u00e9seau social.<br \/>\n<b>Annulation et\/ou opposition<\/b>: Comme dans le cas pr\u00e9c\u00e9dent, cette condition ne peut \u00eatre remplie que pour les informations qui sont sous le contr\u00f4le de THINKLIGHT SL, par exemple, en n&#8217;\u00e9tant plus li\u00e9es au profil.<\/p>\n<p>THINKLIGHT SL m\u00e8nera les actions suivantes:<\/p>\n<p>Acc\u00e8s aux informations du profil public.<br \/>\nPublication dans le profil de l&#8217;utilisateur de toutes les informations d\u00e9j\u00e0 publi\u00e9es sur le site web de THINKLIGHT SL.<br \/>\nEnvoyer des messages personnels et individuels par le biais des r\u00e9seaux sociaux.<br \/>\nMise \u00e0 jour de l&#8217;\u00e9tat de la page sur le profil de l&#8217;utilisateur.<\/p>\n<p>Vous pouvez toujours contr\u00f4ler vos connexions, supprimer les contenus qui ne vous int\u00e9ressent plus et limiter les personnes avec lesquelles vous partagez vos connexions en acc\u00e9dant \u00e0 vos param\u00e8tres de confidentialit\u00e9.<\/p>\n<h4>Publications<\/h4>\n<p>L&#8217;utilisateur, une fois li\u00e9 \u00e0 la page THINKLIGHT SL, peut publier sur cette derni\u00e8re des commentaires, des liens, des images ou des photographies ou tout autre type de contenu multim\u00e9dia support\u00e9 par le R\u00e9seau Social. L&#8217;utilisateur, dans tous les cas, doit en \u00eatre le propri\u00e9taire, jouir des droits d&#8217;auteur et de propri\u00e9t\u00e9 intellectuelle ou avoir le consentement des tiers concern\u00e9s. Il est express\u00e9ment interdit de publier sur la page des textes, des graphiques, des photographies, des vid\u00e9os, etc. qui violent ou sont susceptibles de violer la morale, l&#8217;\u00e9thique, le bon go\u00fbt ou la biens\u00e9ance, et\/ou qui enfreignent, violent ou violent les droits de propri\u00e9t\u00e9 intellectuelle ou industrielle, le droit \u00e0 l&#8217;image ou la loi. Dans ces cas, THINKLIGHT SL se r\u00e9serve le droit de supprimer imm\u00e9diatement le contenu, et peut demander le blocage permanent de l&#8217;utilisateur.<\/p>\n<p>THINKLIGHT SL n&#8217;est pas responsable du contenu qu&#8217;un utilisateur a librement publi\u00e9.<\/p>\n<p>Les utilisateurs doivent \u00eatre conscients que leurs messages seront connus des autres utilisateurs et qu&#8217;ils sont donc les premiers responsables de la protection de leur vie priv\u00e9e.<\/p>\n<p>Les images qui peuvent \u00eatre publi\u00e9es sur la page ne seront stock\u00e9es dans aucun fichier par THINKLIGHT SL, mais elles resteront sur le r\u00e9seau social.<\/p>\n<h4>Concours et promotions<\/h4>\n<p>THINKLIGHT SL se r\u00e9serve le droit de r\u00e9aliser des concours et des promotions, auxquels l&#8217;utilisateur li\u00e9 \u00e0 sa page peut participer. Les bases de chacun d&#8217;entre eux, lorsque la plateforme du r\u00e9seau social est utilis\u00e9e \u00e0 cette fin, seront publi\u00e9es sur celle-ci. Toujours respecter la LSSI-CE et toute autre r\u00e9glementation applicable.<\/p>\n<p>Le r\u00e9seau social ne sponsorise, n&#8217;approuve ni n&#8217;administre, de quelque mani\u00e8re que ce soit, aucune de nos promotions, et n&#8217;est associ\u00e9 \u00e0 aucune d&#8217;entre elles.<\/p>\n<h4>Publicit\u00e9<\/h4>\n<p>THINKLIGHT SL utilisera le R\u00e9seau Social pour faire la publicit\u00e9 de ses produits et services, dans tous les cas, si vous d\u00e9cidez de traiter vos coordonn\u00e9es pour des actions de prospection commerciale directe, ce sera toujours en conformit\u00e9 avec les exigences l\u00e9gales du RGPD et de la LSSI-CE.<\/p>\n<p>Le fait de recommander le site web d&#8217;INSOLIT BCN \u00e0 d&#8217;autres utilisateurs afin qu&#8217;ils puissent \u00e9galement profiter des promotions ou \u00eatre inform\u00e9s de son activit\u00e9 n&#8217;est pas consid\u00e9r\u00e9 comme de la publicit\u00e9.<\/p>\n<p>Vous trouverez ci-dessous le lien vers la politique de confidentialit\u00e9 du r\u00e9seau social :<\/p>\n<p>\u2022 Facebook: https:\/\/www.facebook.com\/help\/323540651073243\/<\/p>\n\t\t\t\t\t\t<\/div>\n\t\t\t\t<\/div>\n\t\t\t\t\t<\/div>\n\t\t<\/div>\n\t\t\t\t\t<\/div>\n\t\t<\/section>\n\t\t\t\t<\/div>\n\t\t","protected":false},"excerpt":{"rendered":"<p>POLITIQUE DE CONFIDENTIALIT\u00c9 R\u00c9SEAUX SOCIAUX Conform\u00e9ment aux dispositions de la r\u00e9glementation en vigueur en mati\u00e8re de protection des donn\u00e9es personnelles (RGPD) et de la loi 34\/2002, du 11 juillet, sur les services de la soci\u00e9t\u00e9 de l&#8217;information et le commerce \u00e9lectronique (LSSI-CE), THINKLIGHT SL informe les utilisateurs qu&#8217;elle a proc\u00e9d\u00e9 \u00e0 la cr\u00e9ation d&#8217;un profil [&hellip;]<\/p>\n","protected":false},"author":1,"featured_media":0,"parent":0,"menu_order":0,"comment_status":"closed","ping_status":"closed","template":"","meta":{"_acf_changed":false,"footnotes":""},"class_list":["post-16303","page","type-page","status-publish","hentry"],"acf":[],"yoast_head":"<!-- This site is optimized with the Yoast SEO plugin v27.5 - https:\/\/yoast.com\/product\/yoast-seo-wordpress\/ -->\n<title>Politique de confidentialit\u00e9 - Insolit Barcelona Lighting<\/title>\n<meta name=\"description\" content=\"Politique de confidentialit\u00e9 POLITIQUE DE CONFIDENTIALIT\u00c9 R\u00c9SEAUX SOCIAUX Conform\u00e9ment aux dispositions de la r\u00e9glementation en vigueur en mati\u00e8re de protection des donn\u00e9es\" \/>\n<meta name=\"robots\" content=\"noindex, nofollow\" \/>\n<meta property=\"og:locale\" content=\"fr_FR\" \/>\n<meta property=\"og:type\" content=\"article\" \/>\n<meta property=\"og:title\" content=\"Politique de confidentialit\u00e9 - Insolit Barcelona Lighting\" \/>\n<meta property=\"og:description\" content=\"Politique de confidentialit\u00e9 POLITIQUE DE CONFIDENTIALIT\u00c9 R\u00c9SEAUX SOCIAUX Conform\u00e9ment aux dispositions de la r\u00e9glementation en vigueur en mati\u00e8re de protection des donn\u00e9es\" \/>\n<meta property=\"og:url\" content=\"https:\/\/www.insolitbcn.com\/fr\/politique-de-confidentialite\/\" \/>\n<meta property=\"og:site_name\" content=\"Insolit Barcelona Lighting\" \/>\n<meta property=\"article:publisher\" content=\"https:\/\/www.facebook.com\/insolitbcnlighting\/?locale=es_ES\" \/>\n<meta property=\"article:modified_time\" content=\"2024-05-03T12:06:14+00:00\" \/>\n<meta property=\"og:image\" content=\"https:\/\/www.insolitbcn.com\/wp-content\/uploads\/2024\/02\/insolit-imagen-1200.jpg\" \/>\n\t<meta property=\"og:image:width\" content=\"1200\" \/>\n\t<meta property=\"og:image:height\" content=\"675\" \/>\n\t<meta property=\"og:image:type\" content=\"image\/jpeg\" \/>\n<meta name=\"twitter:card\" content=\"summary_large_image\" \/>\n<meta name=\"twitter:label1\" content=\"Dur\u00e9e de lecture estim\u00e9e\" \/>\n\t<meta name=\"twitter:data1\" content=\"4 minutes\" \/>\n<script type=\"application\/ld+json\" class=\"yoast-schema-graph\">{\"@context\":\"https:\\\/\\\/schema.org\",\"@graph\":[{\"@type\":\"WebPage\",\"@id\":\"https:\\\/\\\/www.insolitbcn.com\\\/fr\\\/politique-de-confidentialite\\\/\",\"url\":\"https:\\\/\\\/www.insolitbcn.com\\\/fr\\\/politique-de-confidentialite\\\/\",\"name\":\"Politique de confidentialit\u00e9 - Insolit Barcelona Lighting\",\"isPartOf\":{\"@id\":\"https:\\\/\\\/www.insolitbcn.com\\\/fr\\\/#website\"},\"datePublished\":\"2024-02-07T14:47:07+00:00\",\"dateModified\":\"2024-05-03T12:06:14+00:00\",\"description\":\"Politique de confidentialit\u00e9 POLITIQUE DE CONFIDENTIALIT\u00c9 R\u00c9SEAUX SOCIAUX Conform\u00e9ment aux dispositions de la r\u00e9glementation en vigueur en mati\u00e8re de protection des donn\u00e9es\",\"breadcrumb\":{\"@id\":\"https:\\\/\\\/www.insolitbcn.com\\\/fr\\\/politique-de-confidentialite\\\/#breadcrumb\"},\"inLanguage\":\"fr-FR\",\"potentialAction\":[{\"@type\":\"ReadAction\",\"target\":[\"https:\\\/\\\/www.insolitbcn.com\\\/fr\\\/politique-de-confidentialite\\\/\"]}]},{\"@type\":\"BreadcrumbList\",\"@id\":\"https:\\\/\\\/www.insolitbcn.com\\\/fr\\\/politique-de-confidentialite\\\/#breadcrumb\",\"itemListElement\":[{\"@type\":\"ListItem\",\"position\":1,\"name\":\"Portada\",\"item\":\"https:\\\/\\\/www.insolitbcn.com\\\/fr\\\/\"},{\"@type\":\"ListItem\",\"position\":2,\"name\":\"Politique de confidentialit\u00e9\"}]},{\"@type\":\"WebSite\",\"@id\":\"https:\\\/\\\/www.insolitbcn.com\\\/fr\\\/#website\",\"url\":\"https:\\\/\\\/www.insolitbcn.com\\\/fr\\\/\",\"name\":\"Insolit\",\"description\":\"We craft lighting pieces that shape ambiance and reveal identity\",\"publisher\":{\"@id\":\"https:\\\/\\\/www.insolitbcn.com\\\/fr\\\/#organization\"},\"alternateName\":\"L\u00e1mparas de Dise\u00f1o\",\"potentialAction\":[{\"@type\":\"SearchAction\",\"target\":{\"@type\":\"EntryPoint\",\"urlTemplate\":\"https:\\\/\\\/www.insolitbcn.com\\\/fr\\\/?s={search_term_string}\"},\"query-input\":{\"@type\":\"PropertyValueSpecification\",\"valueRequired\":true,\"valueName\":\"search_term_string\"}}],\"inLanguage\":\"fr-FR\"},{\"@type\":\"Organization\",\"@id\":\"https:\\\/\\\/www.insolitbcn.com\\\/fr\\\/#organization\",\"name\":\"Insolit\",\"alternateName\":\"L\u00e1mparas de Dise\u00f1o\",\"url\":\"https:\\\/\\\/www.insolitbcn.com\\\/fr\\\/\",\"logo\":{\"@type\":\"ImageObject\",\"inLanguage\":\"fr-FR\",\"@id\":\"https:\\\/\\\/www.insolitbcn.com\\\/fr\\\/#\\\/schema\\\/logo\\\/image\\\/\",\"url\":\"https:\\\/\\\/www.insolitbcn.com\\\/wp-content\\\/uploads\\\/2024\\\/02\\\/insolit-imagen-696.jpg\",\"contentUrl\":\"https:\\\/\\\/www.insolitbcn.com\\\/wp-content\\\/uploads\\\/2024\\\/02\\\/insolit-imagen-696.jpg\",\"width\":696,\"height\":696,\"caption\":\"Insolit\"},\"image\":{\"@id\":\"https:\\\/\\\/www.insolitbcn.com\\\/fr\\\/#\\\/schema\\\/logo\\\/image\\\/\"},\"sameAs\":[\"https:\\\/\\\/www.facebook.com\\\/insolitbcnlighting\\\/?locale=es_ES\",\"https:\\\/\\\/www.instagram.com\\\/insolit_bcn_lighting\\\/?hl=es\",\"https:\\\/\\\/www.linkedin.com\\\/company\\\/insolit-bcn-lighting\\\/posts\\\/?feedView=all\",\"https:\\\/\\\/es.pinterest.com\\\/insolitbcn\\\/\",\"https:\\\/\\\/www.youtube.com\\\/watch?v=1jz99K0VUKA\"]}]}<\/script>\n<!-- \/ Yoast SEO plugin. -->","yoast_head_json":{"title":"Politique de confidentialit\u00e9 - Insolit Barcelona Lighting","description":"Politique de confidentialit\u00e9 POLITIQUE DE CONFIDENTIALIT\u00c9 R\u00c9SEAUX SOCIAUX Conform\u00e9ment aux dispositions de la r\u00e9glementation en vigueur en mati\u00e8re de protection des donn\u00e9es","robots":{"index":"noindex","follow":"nofollow"},"og_locale":"fr_FR","og_type":"article","og_title":"Politique de confidentialit\u00e9 - Insolit Barcelona Lighting","og_description":"Politique de confidentialit\u00e9 POLITIQUE DE CONFIDENTIALIT\u00c9 R\u00c9SEAUX SOCIAUX Conform\u00e9ment aux dispositions de la r\u00e9glementation en vigueur en mati\u00e8re de protection des donn\u00e9es","og_url":"https:\/\/www.insolitbcn.com\/fr\/politique-de-confidentialite\/","og_site_name":"Insolit Barcelona Lighting","article_publisher":"https:\/\/www.facebook.com\/insolitbcnlighting\/?locale=es_ES","article_modified_time":"2024-05-03T12:06:14+00:00","og_image":[{"width":1200,"height":675,"url":"https:\/\/www.insolitbcn.com\/wp-content\/uploads\/2024\/02\/insolit-imagen-1200.jpg","type":"image\/jpeg"}],"twitter_card":"summary_large_image","twitter_misc":{"Dur\u00e9e de lecture estim\u00e9e":"4 minutes"},"schema":{"@context":"https:\/\/schema.org","@graph":[{"@type":"WebPage","@id":"https:\/\/www.insolitbcn.com\/fr\/politique-de-confidentialite\/","url":"https:\/\/www.insolitbcn.com\/fr\/politique-de-confidentialite\/","name":"Politique de confidentialit\u00e9 - Insolit Barcelona Lighting","isPartOf":{"@id":"https:\/\/www.insolitbcn.com\/fr\/#website"},"datePublished":"2024-02-07T14:47:07+00:00","dateModified":"2024-05-03T12:06:14+00:00","description":"Politique de confidentialit\u00e9 POLITIQUE DE CONFIDENTIALIT\u00c9 R\u00c9SEAUX SOCIAUX Conform\u00e9ment aux dispositions de la r\u00e9glementation en vigueur en mati\u00e8re de protection des donn\u00e9es","breadcrumb":{"@id":"https:\/\/www.insolitbcn.com\/fr\/politique-de-confidentialite\/#breadcrumb"},"inLanguage":"fr-FR","potentialAction":[{"@type":"ReadAction","target":["https:\/\/www.insolitbcn.com\/fr\/politique-de-confidentialite\/"]}]},{"@type":"BreadcrumbList","@id":"https:\/\/www.insolitbcn.com\/fr\/politique-de-confidentialite\/#breadcrumb","itemListElement":[{"@type":"ListItem","position":1,"name":"Portada","item":"https:\/\/www.insolitbcn.com\/fr\/"},{"@type":"ListItem","position":2,"name":"Politique de confidentialit\u00e9"}]},{"@type":"WebSite","@id":"https:\/\/www.insolitbcn.com\/fr\/#website","url":"https:\/\/www.insolitbcn.com\/fr\/","name":"Insolit","description":"We craft lighting pieces that shape ambiance and reveal identity","publisher":{"@id":"https:\/\/www.insolitbcn.com\/fr\/#organization"},"alternateName":"L\u00e1mparas de Dise\u00f1o","potentialAction":[{"@type":"SearchAction","target":{"@type":"EntryPoint","urlTemplate":"https:\/\/www.insolitbcn.com\/fr\/?s={search_term_string}"},"query-input":{"@type":"PropertyValueSpecification","valueRequired":true,"valueName":"search_term_string"}}],"inLanguage":"fr-FR"},{"@type":"Organization","@id":"https:\/\/www.insolitbcn.com\/fr\/#organization","name":"Insolit","alternateName":"L\u00e1mparas de Dise\u00f1o","url":"https:\/\/www.insolitbcn.com\/fr\/","logo":{"@type":"ImageObject","inLanguage":"fr-FR","@id":"https:\/\/www.insolitbcn.com\/fr\/#\/schema\/logo\/image\/","url":"https:\/\/www.insolitbcn.com\/wp-content\/uploads\/2024\/02\/insolit-imagen-696.jpg","contentUrl":"https:\/\/www.insolitbcn.com\/wp-content\/uploads\/2024\/02\/insolit-imagen-696.jpg","width":696,"height":696,"caption":"Insolit"},"image":{"@id":"https:\/\/www.insolitbcn.com\/fr\/#\/schema\/logo\/image\/"},"sameAs":["https:\/\/www.facebook.com\/insolitbcnlighting\/?locale=es_ES","https:\/\/www.instagram.com\/insolit_bcn_lighting\/?hl=es","https:\/\/www.linkedin.com\/company\/insolit-bcn-lighting\/posts\/?feedView=all","https:\/\/es.pinterest.com\/insolitbcn\/","https:\/\/www.youtube.com\/watch?v=1jz99K0VUKA"]}]}},"_links":{"self":[{"href":"https:\/\/www.insolitbcn.com\/fr\/wp-json\/wp\/v2\/pages\/16303","targetHints":{"allow":["GET"]}}],"collection":[{"href":"https:\/\/www.insolitbcn.com\/fr\/wp-json\/wp\/v2\/pages"}],"about":[{"href":"https:\/\/www.insolitbcn.com\/fr\/wp-json\/wp\/v2\/types\/page"}],"author":[{"embeddable":true,"href":"https:\/\/www.insolitbcn.com\/fr\/wp-json\/wp\/v2\/users\/1"}],"replies":[{"embeddable":true,"href":"https:\/\/www.insolitbcn.com\/fr\/wp-json\/wp\/v2\/comments?post=16303"}],"version-history":[{"count":0,"href":"https:\/\/www.insolitbcn.com\/fr\/wp-json\/wp\/v2\/pages\/16303\/revisions"}],"wp:attachment":[{"href":"https:\/\/www.insolitbcn.com\/fr\/wp-json\/wp\/v2\/media?parent=16303"}],"curies":[{"name":"wp","href":"https:\/\/api.w.org\/{rel}","templated":true}]}}