{"id":27910,"date":"2025-12-19T18:18:46","date_gmt":"2025-12-19T17:18:46","guid":{"rendered":"https:\/\/www.insolitbcn.com\/merci-davoir-contacte-insolit\/"},"modified":"2025-12-19T18:22:48","modified_gmt":"2025-12-19T17:22:48","slug":"merci-davoir-contacte-insolit","status":"publish","type":"page","link":"https:\/\/www.insolitbcn.com\/fr\/merci-davoir-contacte-insolit\/","title":{"rendered":"Merci d&#8217;avoir contact\u00e9 Insolit"},"content":{"rendered":"\t\t<div data-elementor-type=\"wp-page\" data-elementor-id=\"27910\" class=\"elementor elementor-27910 elementor-27899\" data-elementor-post-type=\"page\">\n\t\t\t\t\t\t<section class=\"elementor-section elementor-top-section elementor-element elementor-element-e51f034 elementor-section-boxed elementor-section-height-default elementor-section-height-default\" data-id=\"e51f034\" data-element_type=\"section\" data-settings=\"{&quot;jet_parallax_layout_list&quot;:[]}\">\n\t\t\t\t\t\t<div class=\"elementor-container elementor-column-gap-default\">\n\t\t\t\t\t<div class=\"elementor-column elementor-col-100 elementor-top-column elementor-element elementor-element-d42c5fc\" data-id=\"d42c5fc\" data-element_type=\"column\">\n\t\t\t<div class=\"elementor-widget-wrap elementor-element-populated\">\n\t\t\t\t\t\t<div class=\"elementor-element elementor-element-cb27ddf elementor-widget elementor-widget-spacer\" data-id=\"cb27ddf\" data-element_type=\"widget\" data-widget_type=\"spacer.default\">\n\t\t\t\t<div class=\"elementor-widget-container\">\n\t\t\t\t\t<div class=\"elementor-spacer\">\n\t\t\t<div class=\"elementor-spacer-inner\"><\/div>\n\t\t<\/div>\n\t\t\t\t<\/div>\n\t\t\t\t<\/div>\n\t\t\t\t<div class=\"elementor-element elementor-element-2733ba7 elementor-widget elementor-widget-heading\" data-id=\"2733ba7\" data-element_type=\"widget\" data-widget_type=\"heading.default\">\n\t\t\t\t<div class=\"elementor-widget-container\">\n\t\t\t<h1 class=\"elementor-heading-title elementor-size-default\">Merci d'avoir contact\u00e9 Insolit !<\/h1>\t\t<\/div>\n\t\t\t\t<\/div>\n\t\t\t\t<div class=\"elementor-element elementor-element-6ec8e90 elementor-widget elementor-widget-heading\" data-id=\"6ec8e90\" data-element_type=\"widget\" data-widget_type=\"heading.default\">\n\t\t\t\t<div class=\"elementor-widget-container\">\n\t\t\t<p class=\"elementor-heading-title elementor-size-default\">Nous avons bien re\u00e7u votre message. Sous peu, un membre de notre bureau d'\u00e9tudes examinera les d\u00e9tails de votre demande afin de vous proposer la solution la mieux adapt\u00e9e \u00e0 votre projet. N'oubliez pas de consulter \u00e9galement votre dossier de courriers ind\u00e9sirables (spams).<\/p>\t\t<\/div>\n\t\t\t\t<\/div>\n\t\t\t\t<div class=\"elementor-element elementor-element-d728813 elementor-widget elementor-widget-spacer\" data-id=\"d728813\" data-element_type=\"widget\" data-widget_type=\"spacer.default\">\n\t\t\t\t<div class=\"elementor-widget-container\">\n\t\t\t\t\t<div class=\"elementor-spacer\">\n\t\t\t<div class=\"elementor-spacer-inner\"><\/div>\n\t\t<\/div>\n\t\t\t\t<\/div>\n\t\t\t\t<\/div>\n\t\t\t\t\t<\/div>\n\t\t<\/div>\n\t\t\t\t\t<\/div>\n\t\t<\/section>\n\t\t\t\t<\/div>\n\t\t","protected":false},"excerpt":{"rendered":"<p>Merci d&#8217;avoir contact\u00e9 Insolit ! Nous avons bien re\u00e7u votre message. Sous peu, un membre de notre bureau d&#8217;\u00e9tudes examinera les d\u00e9tails de votre demande afin de vous proposer la solution la mieux adapt\u00e9e \u00e0 votre projet. N&#8217;oubliez pas de consulter \u00e9galement votre dossier de courriers ind\u00e9sirables (spams).<\/p>\n","protected":false},"author":3,"featured_media":0,"parent":0,"menu_order":0,"comment_status":"closed","ping_status":"closed","template":"elementor_header_footer","meta":{"_acf_changed":false,"footnotes":""},"class_list":["post-27910","page","type-page","status-publish","hentry"],"acf":[],"yoast_head":"<!-- This site is optimized with the Yoast SEO plugin v26.3 - https:\/\/yoast.com\/wordpress\/plugins\/seo\/ -->\n<title>Merci d&#039;avoir contact\u00e9 Insolit - Insolit Barcelona Lighting<\/title>\n<meta name=\"description\" content=\"Merci d&#039;avoir contact\u00e9 Insolit Merci d&#039;avoir contact\u00e9 Insolit ! Nous avons bien re\u00e7u votre message. Sous peu, un membre de notre bureau d&#039;\u00e9tudes examinera les d\u00e9tails de votre demande\" \/>\n<meta name=\"robots\" content=\"index, follow, max-snippet:-1, max-image-preview:large, max-video-preview:-1\" \/>\n<link rel=\"canonical\" href=\"https:\/\/www.insolitbcn.com\/fr\/merci-davoir-contacte-insolit\/\" \/>\n<meta property=\"og:locale\" content=\"fr_FR\" \/>\n<meta property=\"og:type\" content=\"article\" \/>\n<meta property=\"og:title\" content=\"Merci d&#039;avoir contact\u00e9 Insolit - Insolit Barcelona Lighting\" \/>\n<meta property=\"og:description\" content=\"Merci d&#039;avoir contact\u00e9 Insolit Merci d&#039;avoir contact\u00e9 Insolit ! Nous avons bien re\u00e7u votre message. Sous peu, un membre de notre bureau d&#039;\u00e9tudes examinera les d\u00e9tails de votre demande\" \/>\n<meta property=\"og:url\" content=\"https:\/\/www.insolitbcn.com\/fr\/merci-davoir-contacte-insolit\/\" \/>\n<meta property=\"og:site_name\" content=\"Insolit Barcelona Lighting\" \/>\n<meta property=\"article:publisher\" content=\"https:\/\/www.facebook.com\/insolitbcnlighting\/?locale=es_ES\" \/>\n<meta property=\"article:modified_time\" content=\"2025-12-19T17:22:48+00:00\" \/>\n<meta property=\"og:image\" content=\"https:\/\/www.insolitbcn.com\/wp-content\/uploads\/2024\/02\/insolit-imagen-1200.jpg\" \/>\n\t<meta property=\"og:image:width\" content=\"1200\" \/>\n\t<meta property=\"og:image:height\" content=\"675\" \/>\n\t<meta property=\"og:image:type\" content=\"image\/jpeg\" \/>\n<meta name=\"twitter:card\" content=\"summary_large_image\" \/>\n<script type=\"application\/ld+json\" class=\"yoast-schema-graph\">{\"@context\":\"https:\/\/schema.org\",\"@graph\":[{\"@type\":\"WebPage\",\"@id\":\"https:\/\/www.insolitbcn.com\/fr\/merci-davoir-contacte-insolit\/\",\"url\":\"https:\/\/www.insolitbcn.com\/fr\/merci-davoir-contacte-insolit\/\",\"name\":\"Merci d'avoir contact\u00e9 Insolit - Insolit Barcelona Lighting\",\"isPartOf\":{\"@id\":\"https:\/\/www.insolitbcn.com\/fr\/#website\"},\"datePublished\":\"2025-12-19T17:18:46+00:00\",\"dateModified\":\"2025-12-19T17:22:48+00:00\",\"description\":\"Merci d'avoir contact\u00e9 Insolit Merci d'avoir contact\u00e9 Insolit ! Nous avons bien re\u00e7u votre message. Sous peu, un membre de notre bureau d'\u00e9tudes examinera les d\u00e9tails de votre demande\",\"breadcrumb\":{\"@id\":\"https:\/\/www.insolitbcn.com\/fr\/merci-davoir-contacte-insolit\/#breadcrumb\"},\"inLanguage\":\"fr-FR\",\"potentialAction\":[{\"@type\":\"ReadAction\",\"target\":[\"https:\/\/www.insolitbcn.com\/fr\/merci-davoir-contacte-insolit\/\"]}]},{\"@type\":\"BreadcrumbList\",\"@id\":\"https:\/\/www.insolitbcn.com\/fr\/merci-davoir-contacte-insolit\/#breadcrumb\",\"itemListElement\":[{\"@type\":\"ListItem\",\"position\":1,\"name\":\"Portada\",\"item\":\"https:\/\/www.insolitbcn.com\/fr\/\"},{\"@type\":\"ListItem\",\"position\":2,\"name\":\"Merci d&#8217;avoir contact\u00e9 Insolit\"}]},{\"@type\":\"WebSite\",\"@id\":\"https:\/\/www.insolitbcn.com\/fr\/#website\",\"url\":\"https:\/\/www.insolitbcn.com\/fr\/\",\"name\":\"Insolit\",\"description\":\"We craft lighting pieces that shape ambiance and reveal identity\",\"publisher\":{\"@id\":\"https:\/\/www.insolitbcn.com\/fr\/#organization\"},\"alternateName\":\"L\u00e1mparas de Dise\u00f1o\",\"potentialAction\":[{\"@type\":\"SearchAction\",\"target\":{\"@type\":\"EntryPoint\",\"urlTemplate\":\"https:\/\/www.insolitbcn.com\/fr\/?s={search_term_string}\"},\"query-input\":{\"@type\":\"PropertyValueSpecification\",\"valueRequired\":true,\"valueName\":\"search_term_string\"}}],\"inLanguage\":\"fr-FR\"},{\"@type\":\"Organization\",\"@id\":\"https:\/\/www.insolitbcn.com\/fr\/#organization\",\"name\":\"Insolit\",\"alternateName\":\"L\u00e1mparas de Dise\u00f1o\",\"url\":\"https:\/\/www.insolitbcn.com\/fr\/\",\"logo\":{\"@type\":\"ImageObject\",\"inLanguage\":\"fr-FR\",\"@id\":\"https:\/\/www.insolitbcn.com\/fr\/#\/schema\/logo\/image\/\",\"url\":\"https:\/\/www.insolitbcn.com\/wp-content\/uploads\/2024\/02\/insolit-imagen-696.jpg\",\"contentUrl\":\"https:\/\/www.insolitbcn.com\/wp-content\/uploads\/2024\/02\/insolit-imagen-696.jpg\",\"width\":696,\"height\":696,\"caption\":\"Insolit\"},\"image\":{\"@id\":\"https:\/\/www.insolitbcn.com\/fr\/#\/schema\/logo\/image\/\"},\"sameAs\":[\"https:\/\/www.facebook.com\/insolitbcnlighting\/?locale=es_ES\",\"https:\/\/www.instagram.com\/insolit_bcn_lighting\/?hl=es\",\"https:\/\/www.linkedin.com\/company\/insolit-bcn-lighting\/posts\/?feedView=all\",\"https:\/\/es.pinterest.com\/insolitbcn\/\",\"https:\/\/www.youtube.com\/watch?v=1jz99K0VUKA\"]}]}<\/script>\n<!-- \/ Yoast SEO plugin. -->","yoast_head_json":{"title":"Merci d'avoir contact\u00e9 Insolit - Insolit Barcelona Lighting","description":"Merci d'avoir contact\u00e9 Insolit Merci d'avoir contact\u00e9 Insolit ! Nous avons bien re\u00e7u votre message. Sous peu, un membre de notre bureau d'\u00e9tudes examinera les d\u00e9tails de votre demande","robots":{"index":"index","follow":"follow","max-snippet":"max-snippet:-1","max-image-preview":"max-image-preview:large","max-video-preview":"max-video-preview:-1"},"canonical":"https:\/\/www.insolitbcn.com\/fr\/merci-davoir-contacte-insolit\/","og_locale":"fr_FR","og_type":"article","og_title":"Merci d'avoir contact\u00e9 Insolit - Insolit Barcelona Lighting","og_description":"Merci d'avoir contact\u00e9 Insolit Merci d'avoir contact\u00e9 Insolit ! Nous avons bien re\u00e7u votre message. Sous peu, un membre de notre bureau d'\u00e9tudes examinera les d\u00e9tails de votre demande","og_url":"https:\/\/www.insolitbcn.com\/fr\/merci-davoir-contacte-insolit\/","og_site_name":"Insolit Barcelona Lighting","article_publisher":"https:\/\/www.facebook.com\/insolitbcnlighting\/?locale=es_ES","article_modified_time":"2025-12-19T17:22:48+00:00","og_image":[{"width":1200,"height":675,"url":"https:\/\/www.insolitbcn.com\/wp-content\/uploads\/2024\/02\/insolit-imagen-1200.jpg","type":"image\/jpeg"}],"twitter_card":"summary_large_image","schema":{"@context":"https:\/\/schema.org","@graph":[{"@type":"WebPage","@id":"https:\/\/www.insolitbcn.com\/fr\/merci-davoir-contacte-insolit\/","url":"https:\/\/www.insolitbcn.com\/fr\/merci-davoir-contacte-insolit\/","name":"Merci d'avoir contact\u00e9 Insolit - Insolit Barcelona Lighting","isPartOf":{"@id":"https:\/\/www.insolitbcn.com\/fr\/#website"},"datePublished":"2025-12-19T17:18:46+00:00","dateModified":"2025-12-19T17:22:48+00:00","description":"Merci d'avoir contact\u00e9 Insolit Merci d'avoir contact\u00e9 Insolit ! Nous avons bien re\u00e7u votre message. Sous peu, un membre de notre bureau d'\u00e9tudes examinera les d\u00e9tails de votre demande","breadcrumb":{"@id":"https:\/\/www.insolitbcn.com\/fr\/merci-davoir-contacte-insolit\/#breadcrumb"},"inLanguage":"fr-FR","potentialAction":[{"@type":"ReadAction","target":["https:\/\/www.insolitbcn.com\/fr\/merci-davoir-contacte-insolit\/"]}]},{"@type":"BreadcrumbList","@id":"https:\/\/www.insolitbcn.com\/fr\/merci-davoir-contacte-insolit\/#breadcrumb","itemListElement":[{"@type":"ListItem","position":1,"name":"Portada","item":"https:\/\/www.insolitbcn.com\/fr\/"},{"@type":"ListItem","position":2,"name":"Merci d&#8217;avoir contact\u00e9 Insolit"}]},{"@type":"WebSite","@id":"https:\/\/www.insolitbcn.com\/fr\/#website","url":"https:\/\/www.insolitbcn.com\/fr\/","name":"Insolit","description":"We craft lighting pieces that shape ambiance and reveal identity","publisher":{"@id":"https:\/\/www.insolitbcn.com\/fr\/#organization"},"alternateName":"L\u00e1mparas de Dise\u00f1o","potentialAction":[{"@type":"SearchAction","target":{"@type":"EntryPoint","urlTemplate":"https:\/\/www.insolitbcn.com\/fr\/?s={search_term_string}"},"query-input":{"@type":"PropertyValueSpecification","valueRequired":true,"valueName":"search_term_string"}}],"inLanguage":"fr-FR"},{"@type":"Organization","@id":"https:\/\/www.insolitbcn.com\/fr\/#organization","name":"Insolit","alternateName":"L\u00e1mparas de Dise\u00f1o","url":"https:\/\/www.insolitbcn.com\/fr\/","logo":{"@type":"ImageObject","inLanguage":"fr-FR","@id":"https:\/\/www.insolitbcn.com\/fr\/#\/schema\/logo\/image\/","url":"https:\/\/www.insolitbcn.com\/wp-content\/uploads\/2024\/02\/insolit-imagen-696.jpg","contentUrl":"https:\/\/www.insolitbcn.com\/wp-content\/uploads\/2024\/02\/insolit-imagen-696.jpg","width":696,"height":696,"caption":"Insolit"},"image":{"@id":"https:\/\/www.insolitbcn.com\/fr\/#\/schema\/logo\/image\/"},"sameAs":["https:\/\/www.facebook.com\/insolitbcnlighting\/?locale=es_ES","https:\/\/www.instagram.com\/insolit_bcn_lighting\/?hl=es","https:\/\/www.linkedin.com\/company\/insolit-bcn-lighting\/posts\/?feedView=all","https:\/\/es.pinterest.com\/insolitbcn\/","https:\/\/www.youtube.com\/watch?v=1jz99K0VUKA"]}]}},"_links":{"self":[{"href":"https:\/\/www.insolitbcn.com\/fr\/wp-json\/wp\/v2\/pages\/27910","targetHints":{"allow":["GET"]}}],"collection":[{"href":"https:\/\/www.insolitbcn.com\/fr\/wp-json\/wp\/v2\/pages"}],"about":[{"href":"https:\/\/www.insolitbcn.com\/fr\/wp-json\/wp\/v2\/types\/page"}],"author":[{"embeddable":true,"href":"https:\/\/www.insolitbcn.com\/fr\/wp-json\/wp\/v2\/users\/3"}],"replies":[{"embeddable":true,"href":"https:\/\/www.insolitbcn.com\/fr\/wp-json\/wp\/v2\/comments?post=27910"}],"version-history":[{"count":1,"href":"https:\/\/www.insolitbcn.com\/fr\/wp-json\/wp\/v2\/pages\/27910\/revisions"}],"predecessor-version":[{"id":27911,"href":"https:\/\/www.insolitbcn.com\/fr\/wp-json\/wp\/v2\/pages\/27910\/revisions\/27911"}],"wp:attachment":[{"href":"https:\/\/www.insolitbcn.com\/fr\/wp-json\/wp\/v2\/media?parent=27910"}],"curies":[{"name":"wp","href":"https:\/\/api.w.org\/{rel}","templated":true}]}}