{"id":17814,"date":"2023-12-28T11:29:46","date_gmt":"2023-12-28T10:29:46","guid":{"rendered":"https:\/\/www.insolitbcn.com\/producto\/focus-line-spike\/"},"modified":"2025-11-16T22:59:18","modified_gmt":"2025-11-16T21:59:18","slug":"focus-line-spike","status":"publish","type":"product","link":"https:\/\/www.insolitbcn.com\/fr\/produit\/focus-line-spike\/","title":{"rendered":"Focus Line Spike"},"content":{"rendered":"","protected":false},"excerpt":{"rendered":"<p>Luminaire ext\u00e9rieur sur pied IP65 pour LED GU10 rempla\u00e7able. Installation avec un piquet. Corps en aluminium m\u00e9canis\u00e9 et anodis\u00e9 noir ou laqu\u00e9 champgane. Piquet en acier inoxydable ANSI 316. Anneau frontal et couvercle post\u00e9rieur anodis\u00e9 noir mat. <\/p>\n","protected":false},"featured_media":17827,"template":"","meta":{"_acf_changed":false},"product_brand":[],"product_cat":[1000,998,664,666,668],"product_tag":[1037],"disenador":[705],"class_list":{"0":"post-17814","1":"product","2":"type-product","3":"status-publish","4":"has-post-thumbnail","6":"product_cat-al-etranger","7":"product_cat-pied","8":"product_cat-focus-line-fr","9":"product_cat-letranger","11":"product_tag-focus-line","12":"disenador-jean-michel-wilmotte-fr","14":"first","15":"instock","16":"taxable","17":"shipping-taxable","18":"purchasable","19":"product-type-variable"},"acf":[],"yoast_head":"<!-- This site is optimized with the Yoast SEO plugin v26.3 - https:\/\/yoast.com\/wordpress\/plugins\/seo\/ -->\n<title>Lampe design Focus Line Spike par Insolit Barcelona Lighting<\/title>\n<meta name=\"robots\" content=\"index, follow, max-snippet:-1, max-image-preview:large, max-video-preview:-1\" \/>\n<link rel=\"canonical\" href=\"https:\/\/www.insolitbcn.com\/fr\/produit\/focus-line-spike\/\" \/>\n<meta property=\"og:locale\" content=\"fr_FR\" \/>\n<meta property=\"og:type\" content=\"article\" \/>\n<meta property=\"og:title\" content=\"Lampe design Focus Line Spike par Insolit Barcelona Lighting\" \/>\n<meta property=\"og:description\" content=\"Luminaire ext\u00e9rieur sur pied IP65 pour LED GU10 rempla\u00e7able. Installation avec un piquet. Corps en aluminium m\u00e9canis\u00e9 et anodis\u00e9 noir ou laqu\u00e9 champgane. Piquet en acier inoxydable ANSI 316. Anneau frontal et couvercle post\u00e9rieur anodis\u00e9 noir mat.\" \/>\n<meta property=\"og:url\" content=\"https:\/\/www.insolitbcn.com\/fr\/produit\/focus-line-spike\/\" \/>\n<meta property=\"og:site_name\" content=\"Insolit Barcelona Lighting\" \/>\n<meta property=\"article:publisher\" content=\"https:\/\/www.facebook.com\/insolitbcnlighting\/?locale=es_ES\" \/>\n<meta property=\"article:modified_time\" content=\"2025-11-16T21:59:18+00:00\" \/>\n<meta property=\"og:image\" content=\"https:\/\/www.insolitbcn.com\/wp-content\/uploads\/2023\/12\/1405-focus-line-spike-ip65-outdoor-GU10-LED-spotlight-wilmotte-1.jpg\" \/>\n\t<meta property=\"og:image:width\" content=\"400\" \/>\n\t<meta property=\"og:image:height\" content=\"677\" \/>\n\t<meta property=\"og:image:type\" content=\"image\/jpeg\" \/>\n<meta name=\"twitter:card\" content=\"summary_large_image\" \/>\n<script type=\"application\/ld+json\" class=\"yoast-schema-graph\">{\"@context\":\"https:\/\/schema.org\",\"@graph\":[{\"@type\":\"WebPage\",\"@id\":\"https:\/\/www.insolitbcn.com\/fr\/produit\/focus-line-spike\/\",\"url\":\"https:\/\/www.insolitbcn.com\/fr\/produit\/focus-line-spike\/\",\"name\":\"Lampe design Focus Line Spike par Insolit Barcelona Lighting\",\"isPartOf\":{\"@id\":\"https:\/\/www.insolitbcn.com\/fr\/#website\"},\"primaryImageOfPage\":{\"@id\":\"https:\/\/www.insolitbcn.com\/fr\/produit\/focus-line-spike\/#primaryimage\"},\"image\":{\"@id\":\"https:\/\/www.insolitbcn.com\/fr\/produit\/focus-line-spike\/#primaryimage\"},\"thumbnailUrl\":\"https:\/\/www.insolitbcn.com\/wp-content\/uploads\/2023\/12\/1405-focus-line-spike-ip65-outdoor-GU10-LED-spotlight-wilmotte-1.jpg\",\"datePublished\":\"2023-12-28T10:29:46+00:00\",\"dateModified\":\"2025-11-16T21:59:18+00:00\",\"breadcrumb\":{\"@id\":\"https:\/\/www.insolitbcn.com\/fr\/produit\/focus-line-spike\/#breadcrumb\"},\"inLanguage\":\"fr-FR\",\"potentialAction\":[{\"@type\":\"ReadAction\",\"target\":[\"https:\/\/www.insolitbcn.com\/fr\/produit\/focus-line-spike\/\"]}]},{\"@type\":\"ImageObject\",\"inLanguage\":\"fr-FR\",\"@id\":\"https:\/\/www.insolitbcn.com\/fr\/produit\/focus-line-spike\/#primaryimage\",\"url\":\"https:\/\/www.insolitbcn.com\/wp-content\/uploads\/2023\/12\/1405-focus-line-spike-ip65-outdoor-GU10-LED-spotlight-wilmotte-1.jpg\",\"contentUrl\":\"https:\/\/www.insolitbcn.com\/wp-content\/uploads\/2023\/12\/1405-focus-line-spike-ip65-outdoor-GU10-LED-spotlight-wilmotte-1.jpg\",\"width\":400,\"height\":677,\"caption\":\"Proyector exterior de dise\u00f1o dise\u00f1ado por Jean-Michel Wilmotte. Insolit Focus Line Spike\"},{\"@type\":\"BreadcrumbList\",\"@id\":\"https:\/\/www.insolitbcn.com\/fr\/produit\/focus-line-spike\/#breadcrumb\",\"itemListElement\":[{\"@type\":\"ListItem\",\"position\":1,\"name\":\"Portada\",\"item\":\"https:\/\/www.insolitbcn.com\/fr\/\"},{\"@type\":\"ListItem\",\"position\":2,\"name\":\"Lampes\",\"item\":\"https:\/\/www.insolitbcn.com\/lamparas\/\"},{\"@type\":\"ListItem\",\"position\":3,\"name\":\"Focus Line Spike\"}]},{\"@type\":\"WebSite\",\"@id\":\"https:\/\/www.insolitbcn.com\/fr\/#website\",\"url\":\"https:\/\/www.insolitbcn.com\/fr\/\",\"name\":\"Insolit\",\"description\":\"We craft lighting pieces that shape ambiance and reveal identity\",\"publisher\":{\"@id\":\"https:\/\/www.insolitbcn.com\/fr\/#organization\"},\"alternateName\":\"L\u00e1mparas de Dise\u00f1o\",\"potentialAction\":[{\"@type\":\"SearchAction\",\"target\":{\"@type\":\"EntryPoint\",\"urlTemplate\":\"https:\/\/www.insolitbcn.com\/fr\/?s={search_term_string}\"},\"query-input\":{\"@type\":\"PropertyValueSpecification\",\"valueRequired\":true,\"valueName\":\"search_term_string\"}}],\"inLanguage\":\"fr-FR\"},{\"@type\":\"Organization\",\"@id\":\"https:\/\/www.insolitbcn.com\/fr\/#organization\",\"name\":\"Insolit\",\"alternateName\":\"L\u00e1mparas de Dise\u00f1o\",\"url\":\"https:\/\/www.insolitbcn.com\/fr\/\",\"logo\":{\"@type\":\"ImageObject\",\"inLanguage\":\"fr-FR\",\"@id\":\"https:\/\/www.insolitbcn.com\/fr\/#\/schema\/logo\/image\/\",\"url\":\"https:\/\/www.insolitbcn.com\/wp-content\/uploads\/2024\/02\/insolit-imagen-696.jpg\",\"contentUrl\":\"https:\/\/www.insolitbcn.com\/wp-content\/uploads\/2024\/02\/insolit-imagen-696.jpg\",\"width\":696,\"height\":696,\"caption\":\"Insolit\"},\"image\":{\"@id\":\"https:\/\/www.insolitbcn.com\/fr\/#\/schema\/logo\/image\/\"},\"sameAs\":[\"https:\/\/www.facebook.com\/insolitbcnlighting\/?locale=es_ES\",\"https:\/\/www.instagram.com\/insolit_bcn_lighting\/?hl=es\",\"https:\/\/www.linkedin.com\/company\/insolit-bcn-lighting\/posts\/?feedView=all\",\"https:\/\/es.pinterest.com\/insolitbcn\/\",\"https:\/\/www.youtube.com\/watch?v=1jz99K0VUKA\"]}]}<\/script>\n<!-- \/ Yoast SEO plugin. -->","yoast_head_json":{"title":"Lampe design Focus Line Spike par Insolit Barcelona Lighting","robots":{"index":"index","follow":"follow","max-snippet":"max-snippet:-1","max-image-preview":"max-image-preview:large","max-video-preview":"max-video-preview:-1"},"canonical":"https:\/\/www.insolitbcn.com\/fr\/produit\/focus-line-spike\/","og_locale":"fr_FR","og_type":"article","og_title":"Lampe design Focus Line Spike par Insolit Barcelona Lighting","og_description":"Luminaire ext\u00e9rieur sur pied IP65 pour LED GU10 rempla\u00e7able. Installation avec un piquet. Corps en aluminium m\u00e9canis\u00e9 et anodis\u00e9 noir ou laqu\u00e9 champgane. Piquet en acier inoxydable ANSI 316. Anneau frontal et couvercle post\u00e9rieur anodis\u00e9 noir mat.","og_url":"https:\/\/www.insolitbcn.com\/fr\/produit\/focus-line-spike\/","og_site_name":"Insolit Barcelona Lighting","article_publisher":"https:\/\/www.facebook.com\/insolitbcnlighting\/?locale=es_ES","article_modified_time":"2025-11-16T21:59:18+00:00","og_image":[{"width":400,"height":677,"url":"https:\/\/www.insolitbcn.com\/wp-content\/uploads\/2023\/12\/1405-focus-line-spike-ip65-outdoor-GU10-LED-spotlight-wilmotte-1.jpg","type":"image\/jpeg"}],"twitter_card":"summary_large_image","schema":{"@context":"https:\/\/schema.org","@graph":[{"@type":"WebPage","@id":"https:\/\/www.insolitbcn.com\/fr\/produit\/focus-line-spike\/","url":"https:\/\/www.insolitbcn.com\/fr\/produit\/focus-line-spike\/","name":"Lampe design Focus Line Spike par Insolit Barcelona Lighting","isPartOf":{"@id":"https:\/\/www.insolitbcn.com\/fr\/#website"},"primaryImageOfPage":{"@id":"https:\/\/www.insolitbcn.com\/fr\/produit\/focus-line-spike\/#primaryimage"},"image":{"@id":"https:\/\/www.insolitbcn.com\/fr\/produit\/focus-line-spike\/#primaryimage"},"thumbnailUrl":"https:\/\/www.insolitbcn.com\/wp-content\/uploads\/2023\/12\/1405-focus-line-spike-ip65-outdoor-GU10-LED-spotlight-wilmotte-1.jpg","datePublished":"2023-12-28T10:29:46+00:00","dateModified":"2025-11-16T21:59:18+00:00","breadcrumb":{"@id":"https:\/\/www.insolitbcn.com\/fr\/produit\/focus-line-spike\/#breadcrumb"},"inLanguage":"fr-FR","potentialAction":[{"@type":"ReadAction","target":["https:\/\/www.insolitbcn.com\/fr\/produit\/focus-line-spike\/"]}]},{"@type":"ImageObject","inLanguage":"fr-FR","@id":"https:\/\/www.insolitbcn.com\/fr\/produit\/focus-line-spike\/#primaryimage","url":"https:\/\/www.insolitbcn.com\/wp-content\/uploads\/2023\/12\/1405-focus-line-spike-ip65-outdoor-GU10-LED-spotlight-wilmotte-1.jpg","contentUrl":"https:\/\/www.insolitbcn.com\/wp-content\/uploads\/2023\/12\/1405-focus-line-spike-ip65-outdoor-GU10-LED-spotlight-wilmotte-1.jpg","width":400,"height":677,"caption":"Proyector exterior de dise\u00f1o dise\u00f1ado por Jean-Michel Wilmotte. Insolit Focus Line Spike"},{"@type":"BreadcrumbList","@id":"https:\/\/www.insolitbcn.com\/fr\/produit\/focus-line-spike\/#breadcrumb","itemListElement":[{"@type":"ListItem","position":1,"name":"Portada","item":"https:\/\/www.insolitbcn.com\/fr\/"},{"@type":"ListItem","position":2,"name":"Lampes","item":"https:\/\/www.insolitbcn.com\/lamparas\/"},{"@type":"ListItem","position":3,"name":"Focus Line Spike"}]},{"@type":"WebSite","@id":"https:\/\/www.insolitbcn.com\/fr\/#website","url":"https:\/\/www.insolitbcn.com\/fr\/","name":"Insolit","description":"We craft lighting pieces that shape ambiance and reveal identity","publisher":{"@id":"https:\/\/www.insolitbcn.com\/fr\/#organization"},"alternateName":"L\u00e1mparas de Dise\u00f1o","potentialAction":[{"@type":"SearchAction","target":{"@type":"EntryPoint","urlTemplate":"https:\/\/www.insolitbcn.com\/fr\/?s={search_term_string}"},"query-input":{"@type":"PropertyValueSpecification","valueRequired":true,"valueName":"search_term_string"}}],"inLanguage":"fr-FR"},{"@type":"Organization","@id":"https:\/\/www.insolitbcn.com\/fr\/#organization","name":"Insolit","alternateName":"L\u00e1mparas de Dise\u00f1o","url":"https:\/\/www.insolitbcn.com\/fr\/","logo":{"@type":"ImageObject","inLanguage":"fr-FR","@id":"https:\/\/www.insolitbcn.com\/fr\/#\/schema\/logo\/image\/","url":"https:\/\/www.insolitbcn.com\/wp-content\/uploads\/2024\/02\/insolit-imagen-696.jpg","contentUrl":"https:\/\/www.insolitbcn.com\/wp-content\/uploads\/2024\/02\/insolit-imagen-696.jpg","width":696,"height":696,"caption":"Insolit"},"image":{"@id":"https:\/\/www.insolitbcn.com\/fr\/#\/schema\/logo\/image\/"},"sameAs":["https:\/\/www.facebook.com\/insolitbcnlighting\/?locale=es_ES","https:\/\/www.instagram.com\/insolit_bcn_lighting\/?hl=es","https:\/\/www.linkedin.com\/company\/insolit-bcn-lighting\/posts\/?feedView=all","https:\/\/es.pinterest.com\/insolitbcn\/","https:\/\/www.youtube.com\/watch?v=1jz99K0VUKA"]}]}},"_links":{"self":[{"href":"https:\/\/www.insolitbcn.com\/fr\/wp-json\/wp\/v2\/product\/17814","targetHints":{"allow":["GET"]}}],"collection":[{"href":"https:\/\/www.insolitbcn.com\/fr\/wp-json\/wp\/v2\/product"}],"about":[{"href":"https:\/\/www.insolitbcn.com\/fr\/wp-json\/wp\/v2\/types\/product"}],"wp:featuredmedia":[{"embeddable":true,"href":"https:\/\/www.insolitbcn.com\/fr\/wp-json\/wp\/v2\/media\/17827"}],"wp:attachment":[{"href":"https:\/\/www.insolitbcn.com\/fr\/wp-json\/wp\/v2\/media?parent=17814"}],"wp:term":[{"taxonomy":"product_brand","embeddable":true,"href":"https:\/\/www.insolitbcn.com\/fr\/wp-json\/wp\/v2\/product_brand?post=17814"},{"taxonomy":"product_cat","embeddable":true,"href":"https:\/\/www.insolitbcn.com\/fr\/wp-json\/wp\/v2\/product_cat?post=17814"},{"taxonomy":"product_tag","embeddable":true,"href":"https:\/\/www.insolitbcn.com\/fr\/wp-json\/wp\/v2\/product_tag?post=17814"},{"taxonomy":"disenador","embeddable":true,"href":"https:\/\/www.insolitbcn.com\/fr\/wp-json\/wp\/v2\/disenador?post=17814"}],"curies":[{"name":"wp","href":"https:\/\/api.w.org\/{rel}","templated":true}]}}