{"id":19154,"date":"2023-12-26T11:26:43","date_gmt":"2023-12-26T10:26:43","guid":{"rendered":"https:\/\/www.insolitbcn.com\/producto\/tr-ceiling-down\/"},"modified":"2025-11-16T22:52:53","modified_gmt":"2025-11-16T21:52:53","slug":"tr-ceiling-down","status":"publish","type":"product","link":"https:\/\/www.insolitbcn.com\/fr\/produit\/tr-ceiling-down\/","title":{"rendered":"TR Ceiling Down"},"content":{"rendered":"","protected":false},"excerpt":{"rendered":"<p>Plafonnier lumi\u00e8re directe, profil d\u2019aluminium extrud\u00e9. Diffuseur en polycarbonate gel. LED en PCB flexible con\u00e7u par Insolit pour la collection TR. Installation avec des tiges qui permettent aux luminaires de se chevaucher. Pat\u00e8re circulaire ind\u00e9pendante contenant le driver, non encastrable. C\u00e2ble d\u2019alimentation gain\u00e9 en tissu noir ou blanc. Enti\u00e8rement personnalisable.<\/p>\n","protected":false},"featured_media":19172,"template":"","meta":{"_acf_changed":false},"product_brand":[],"product_cat":[702,994,698],"product_tag":[1028],"disenador":[708],"class_list":{"0":"post-19154","1":"product","2":"type-product","3":"status-publish","4":"has-post-thumbnail","6":"product_cat-plafond","8":"product_cat-tr-fr","9":"product_tag-tr","10":"disenador-josep-lluis-xucla-fr","12":"first","13":"instock","14":"taxable","15":"shipping-taxable","16":"purchasable","17":"product-type-variable"},"acf":[],"yoast_head":"<!-- This site is optimized with the Yoast SEO plugin v27.5 - https:\/\/yoast.com\/product\/yoast-seo-wordpress\/ -->\n<title>Lampe design TR Ceiling Down par Insolit Barcelona Lighting<\/title>\n<meta name=\"robots\" content=\"index, follow, max-snippet:-1, max-image-preview:large, max-video-preview:-1\" \/>\n<link rel=\"canonical\" href=\"https:\/\/www.insolitbcn.com\/fr\/produit\/tr-ceiling-down\/\" \/>\n<meta property=\"og:locale\" content=\"fr_FR\" \/>\n<meta property=\"og:type\" content=\"article\" \/>\n<meta property=\"og:title\" content=\"Lampe design TR Ceiling Down par Insolit Barcelona Lighting\" \/>\n<meta property=\"og:description\" content=\"Plafonnier lumi\u00e8re directe, profil d\u2019aluminium extrud\u00e9. Diffuseur en polycarbonate gel. LED en PCB flexible con\u00e7u par Insolit pour la collection TR. Installation avec des tiges qui permettent aux luminaires de se chevaucher. Pat\u00e8re circulaire ind\u00e9pendante contenant le driver, non encastrable. C\u00e2ble d\u2019alimentation gain\u00e9 en tissu noir ou blanc. Enti\u00e8rement personnalisable.\" \/>\n<meta property=\"og:url\" content=\"https:\/\/www.insolitbcn.com\/fr\/produit\/tr-ceiling-down\/\" \/>\n<meta property=\"og:site_name\" content=\"Insolit Barcelona Lighting\" \/>\n<meta property=\"article:publisher\" content=\"https:\/\/www.facebook.com\/insolitbcnlighting\/?locale=es_ES\" \/>\n<meta property=\"article:modified_time\" content=\"2025-11-16T21:52:53+00:00\" \/>\n<meta property=\"og:image\" content=\"https:\/\/www.insolitbcn.com\/wp-content\/uploads\/2023\/12\/lampara-circular-de-diseno-insolit.jpg\" \/>\n\t<meta property=\"og:image:width\" content=\"400\" \/>\n\t<meta property=\"og:image:height\" content=\"677\" \/>\n\t<meta property=\"og:image:type\" content=\"image\/jpeg\" \/>\n<meta name=\"twitter:card\" content=\"summary_large_image\" \/>\n<script type=\"application\/ld+json\" class=\"yoast-schema-graph\">{\"@context\":\"https:\\\/\\\/schema.org\",\"@graph\":[{\"@type\":\"WebPage\",\"@id\":\"https:\\\/\\\/www.insolitbcn.com\\\/fr\\\/produit\\\/tr-ceiling-down\\\/\",\"url\":\"https:\\\/\\\/www.insolitbcn.com\\\/fr\\\/produit\\\/tr-ceiling-down\\\/\",\"name\":\"Lampe design TR Ceiling Down par Insolit Barcelona Lighting\",\"isPartOf\":{\"@id\":\"https:\\\/\\\/www.insolitbcn.com\\\/fr\\\/#website\"},\"primaryImageOfPage\":{\"@id\":\"https:\\\/\\\/www.insolitbcn.com\\\/fr\\\/produit\\\/tr-ceiling-down\\\/#primaryimage\"},\"image\":{\"@id\":\"https:\\\/\\\/www.insolitbcn.com\\\/fr\\\/produit\\\/tr-ceiling-down\\\/#primaryimage\"},\"thumbnailUrl\":\"https:\\\/\\\/www.insolitbcn.com\\\/wp-content\\\/uploads\\\/2023\\\/12\\\/lampara-circular-de-diseno-insolit.jpg\",\"datePublished\":\"2023-12-26T10:26:43+00:00\",\"dateModified\":\"2025-11-16T21:52:53+00:00\",\"breadcrumb\":{\"@id\":\"https:\\\/\\\/www.insolitbcn.com\\\/fr\\\/produit\\\/tr-ceiling-down\\\/#breadcrumb\"},\"inLanguage\":\"fr-FR\",\"potentialAction\":[{\"@type\":\"ReadAction\",\"target\":[\"https:\\\/\\\/www.insolitbcn.com\\\/fr\\\/produit\\\/tr-ceiling-down\\\/\"]}]},{\"@type\":\"ImageObject\",\"inLanguage\":\"fr-FR\",\"@id\":\"https:\\\/\\\/www.insolitbcn.com\\\/fr\\\/produit\\\/tr-ceiling-down\\\/#primaryimage\",\"url\":\"https:\\\/\\\/www.insolitbcn.com\\\/wp-content\\\/uploads\\\/2023\\\/12\\\/lampara-circular-de-diseno-insolit.jpg\",\"contentUrl\":\"https:\\\/\\\/www.insolitbcn.com\\\/wp-content\\\/uploads\\\/2023\\\/12\\\/lampara-circular-de-diseno-insolit.jpg\",\"width\":400,\"height\":677,\"caption\":\"Lampara de dise\u00f1o circular colgante a luz directa design by Josep Llu\u00eds Xucl\u00e0. Insolit TR Ceiling Down\"},{\"@type\":\"BreadcrumbList\",\"@id\":\"https:\\\/\\\/www.insolitbcn.com\\\/fr\\\/produit\\\/tr-ceiling-down\\\/#breadcrumb\",\"itemListElement\":[{\"@type\":\"ListItem\",\"position\":1,\"name\":\"Portada\",\"item\":\"https:\\\/\\\/www.insolitbcn.com\\\/fr\\\/\"},{\"@type\":\"ListItem\",\"position\":2,\"name\":\"Lampes\",\"item\":\"https:\\\/\\\/www.insolitbcn.com\\\/lamparas\\\/\"},{\"@type\":\"ListItem\",\"position\":3,\"name\":\"TR Ceiling Down\"}]},{\"@type\":\"WebSite\",\"@id\":\"https:\\\/\\\/www.insolitbcn.com\\\/fr\\\/#website\",\"url\":\"https:\\\/\\\/www.insolitbcn.com\\\/fr\\\/\",\"name\":\"Insolit\",\"description\":\"We craft lighting pieces that shape ambiance and reveal identity\",\"publisher\":{\"@id\":\"https:\\\/\\\/www.insolitbcn.com\\\/fr\\\/#organization\"},\"alternateName\":\"L\u00e1mparas de Dise\u00f1o\",\"potentialAction\":[{\"@type\":\"SearchAction\",\"target\":{\"@type\":\"EntryPoint\",\"urlTemplate\":\"https:\\\/\\\/www.insolitbcn.com\\\/fr\\\/?s={search_term_string}\"},\"query-input\":{\"@type\":\"PropertyValueSpecification\",\"valueRequired\":true,\"valueName\":\"search_term_string\"}}],\"inLanguage\":\"fr-FR\"},{\"@type\":\"Organization\",\"@id\":\"https:\\\/\\\/www.insolitbcn.com\\\/fr\\\/#organization\",\"name\":\"Insolit\",\"alternateName\":\"L\u00e1mparas de Dise\u00f1o\",\"url\":\"https:\\\/\\\/www.insolitbcn.com\\\/fr\\\/\",\"logo\":{\"@type\":\"ImageObject\",\"inLanguage\":\"fr-FR\",\"@id\":\"https:\\\/\\\/www.insolitbcn.com\\\/fr\\\/#\\\/schema\\\/logo\\\/image\\\/\",\"url\":\"https:\\\/\\\/www.insolitbcn.com\\\/wp-content\\\/uploads\\\/2024\\\/02\\\/insolit-imagen-696.jpg\",\"contentUrl\":\"https:\\\/\\\/www.insolitbcn.com\\\/wp-content\\\/uploads\\\/2024\\\/02\\\/insolit-imagen-696.jpg\",\"width\":696,\"height\":696,\"caption\":\"Insolit\"},\"image\":{\"@id\":\"https:\\\/\\\/www.insolitbcn.com\\\/fr\\\/#\\\/schema\\\/logo\\\/image\\\/\"},\"sameAs\":[\"https:\\\/\\\/www.facebook.com\\\/insolitbcnlighting\\\/?locale=es_ES\",\"https:\\\/\\\/www.instagram.com\\\/insolit_bcn_lighting\\\/?hl=es\",\"https:\\\/\\\/www.linkedin.com\\\/company\\\/insolit-bcn-lighting\\\/posts\\\/?feedView=all\",\"https:\\\/\\\/es.pinterest.com\\\/insolitbcn\\\/\",\"https:\\\/\\\/www.youtube.com\\\/watch?v=1jz99K0VUKA\"]}]}<\/script>\n<!-- \/ Yoast SEO plugin. -->","yoast_head_json":{"title":"Lampe design TR Ceiling Down par Insolit Barcelona Lighting","robots":{"index":"index","follow":"follow","max-snippet":"max-snippet:-1","max-image-preview":"max-image-preview:large","max-video-preview":"max-video-preview:-1"},"canonical":"https:\/\/www.insolitbcn.com\/fr\/produit\/tr-ceiling-down\/","og_locale":"fr_FR","og_type":"article","og_title":"Lampe design TR Ceiling Down par Insolit Barcelona Lighting","og_description":"Plafonnier lumi\u00e8re directe, profil d\u2019aluminium extrud\u00e9. Diffuseur en polycarbonate gel. LED en PCB flexible con\u00e7u par Insolit pour la collection TR. Installation avec des tiges qui permettent aux luminaires de se chevaucher. Pat\u00e8re circulaire ind\u00e9pendante contenant le driver, non encastrable. C\u00e2ble d\u2019alimentation gain\u00e9 en tissu noir ou blanc. Enti\u00e8rement personnalisable.","og_url":"https:\/\/www.insolitbcn.com\/fr\/produit\/tr-ceiling-down\/","og_site_name":"Insolit Barcelona Lighting","article_publisher":"https:\/\/www.facebook.com\/insolitbcnlighting\/?locale=es_ES","article_modified_time":"2025-11-16T21:52:53+00:00","og_image":[{"width":400,"height":677,"url":"https:\/\/www.insolitbcn.com\/wp-content\/uploads\/2023\/12\/lampara-circular-de-diseno-insolit.jpg","type":"image\/jpeg"}],"twitter_card":"summary_large_image","schema":{"@context":"https:\/\/schema.org","@graph":[{"@type":"WebPage","@id":"https:\/\/www.insolitbcn.com\/fr\/produit\/tr-ceiling-down\/","url":"https:\/\/www.insolitbcn.com\/fr\/produit\/tr-ceiling-down\/","name":"Lampe design TR Ceiling Down par Insolit Barcelona Lighting","isPartOf":{"@id":"https:\/\/www.insolitbcn.com\/fr\/#website"},"primaryImageOfPage":{"@id":"https:\/\/www.insolitbcn.com\/fr\/produit\/tr-ceiling-down\/#primaryimage"},"image":{"@id":"https:\/\/www.insolitbcn.com\/fr\/produit\/tr-ceiling-down\/#primaryimage"},"thumbnailUrl":"https:\/\/www.insolitbcn.com\/wp-content\/uploads\/2023\/12\/lampara-circular-de-diseno-insolit.jpg","datePublished":"2023-12-26T10:26:43+00:00","dateModified":"2025-11-16T21:52:53+00:00","breadcrumb":{"@id":"https:\/\/www.insolitbcn.com\/fr\/produit\/tr-ceiling-down\/#breadcrumb"},"inLanguage":"fr-FR","potentialAction":[{"@type":"ReadAction","target":["https:\/\/www.insolitbcn.com\/fr\/produit\/tr-ceiling-down\/"]}]},{"@type":"ImageObject","inLanguage":"fr-FR","@id":"https:\/\/www.insolitbcn.com\/fr\/produit\/tr-ceiling-down\/#primaryimage","url":"https:\/\/www.insolitbcn.com\/wp-content\/uploads\/2023\/12\/lampara-circular-de-diseno-insolit.jpg","contentUrl":"https:\/\/www.insolitbcn.com\/wp-content\/uploads\/2023\/12\/lampara-circular-de-diseno-insolit.jpg","width":400,"height":677,"caption":"Lampara de dise\u00f1o circular colgante a luz directa design by Josep Llu\u00eds Xucl\u00e0. Insolit TR Ceiling Down"},{"@type":"BreadcrumbList","@id":"https:\/\/www.insolitbcn.com\/fr\/produit\/tr-ceiling-down\/#breadcrumb","itemListElement":[{"@type":"ListItem","position":1,"name":"Portada","item":"https:\/\/www.insolitbcn.com\/fr\/"},{"@type":"ListItem","position":2,"name":"Lampes","item":"https:\/\/www.insolitbcn.com\/lamparas\/"},{"@type":"ListItem","position":3,"name":"TR Ceiling Down"}]},{"@type":"WebSite","@id":"https:\/\/www.insolitbcn.com\/fr\/#website","url":"https:\/\/www.insolitbcn.com\/fr\/","name":"Insolit","description":"We craft lighting pieces that shape ambiance and reveal identity","publisher":{"@id":"https:\/\/www.insolitbcn.com\/fr\/#organization"},"alternateName":"L\u00e1mparas de Dise\u00f1o","potentialAction":[{"@type":"SearchAction","target":{"@type":"EntryPoint","urlTemplate":"https:\/\/www.insolitbcn.com\/fr\/?s={search_term_string}"},"query-input":{"@type":"PropertyValueSpecification","valueRequired":true,"valueName":"search_term_string"}}],"inLanguage":"fr-FR"},{"@type":"Organization","@id":"https:\/\/www.insolitbcn.com\/fr\/#organization","name":"Insolit","alternateName":"L\u00e1mparas de Dise\u00f1o","url":"https:\/\/www.insolitbcn.com\/fr\/","logo":{"@type":"ImageObject","inLanguage":"fr-FR","@id":"https:\/\/www.insolitbcn.com\/fr\/#\/schema\/logo\/image\/","url":"https:\/\/www.insolitbcn.com\/wp-content\/uploads\/2024\/02\/insolit-imagen-696.jpg","contentUrl":"https:\/\/www.insolitbcn.com\/wp-content\/uploads\/2024\/02\/insolit-imagen-696.jpg","width":696,"height":696,"caption":"Insolit"},"image":{"@id":"https:\/\/www.insolitbcn.com\/fr\/#\/schema\/logo\/image\/"},"sameAs":["https:\/\/www.facebook.com\/insolitbcnlighting\/?locale=es_ES","https:\/\/www.instagram.com\/insolit_bcn_lighting\/?hl=es","https:\/\/www.linkedin.com\/company\/insolit-bcn-lighting\/posts\/?feedView=all","https:\/\/es.pinterest.com\/insolitbcn\/","https:\/\/www.youtube.com\/watch?v=1jz99K0VUKA"]}]}},"_links":{"self":[{"href":"https:\/\/www.insolitbcn.com\/fr\/wp-json\/wp\/v2\/product\/19154","targetHints":{"allow":["GET"]}}],"collection":[{"href":"https:\/\/www.insolitbcn.com\/fr\/wp-json\/wp\/v2\/product"}],"about":[{"href":"https:\/\/www.insolitbcn.com\/fr\/wp-json\/wp\/v2\/types\/product"}],"wp:featuredmedia":[{"embeddable":true,"href":"https:\/\/www.insolitbcn.com\/fr\/wp-json\/wp\/v2\/media\/19172"}],"wp:attachment":[{"href":"https:\/\/www.insolitbcn.com\/fr\/wp-json\/wp\/v2\/media?parent=19154"}],"wp:term":[{"taxonomy":"product_brand","embeddable":true,"href":"https:\/\/www.insolitbcn.com\/fr\/wp-json\/wp\/v2\/product_brand?post=19154"},{"taxonomy":"product_cat","embeddable":true,"href":"https:\/\/www.insolitbcn.com\/fr\/wp-json\/wp\/v2\/product_cat?post=19154"},{"taxonomy":"product_tag","embeddable":true,"href":"https:\/\/www.insolitbcn.com\/fr\/wp-json\/wp\/v2\/product_tag?post=19154"},{"taxonomy":"disenador","embeddable":true,"href":"https:\/\/www.insolitbcn.com\/fr\/wp-json\/wp\/v2\/disenador?post=19154"}],"curies":[{"name":"wp","href":"https:\/\/api.w.org\/{rel}","templated":true}]}}