{"id":20607,"date":"2023-12-28T11:56:56","date_gmt":"2023-12-28T11:56:56","guid":{"rendered":"https:\/\/www.insolitbcn.com\/producto\/plaque\/"},"modified":"2025-11-16T22:58:16","modified_gmt":"2025-11-16T21:58:16","slug":"plaque","status":"publish","type":"product","link":"https:\/\/www.insolitbcn.com\/fr\/produit\/plaque\/","title":{"rendered":"Plaqu\u00e9"},"content":{"rendered":"","protected":false},"excerpt":{"rendered":"<p>Applique en aluminium avec diffuseur en polycarbonate opale. LED 2700K dimmable avec bouton dimmer int\u00e9gr\u00e9 sur la pat\u00e8re de fixation. Option : la s\u00e9rie \u00ab Plaqu\u00e9 \u00bb propose aussi deux plaques \/ abat-jours sans lumi\u00e8re et de profondeurs diff\u00e9rentes, \u00e0 placer autour du luminaire principal pour cr\u00e9er des compositions d\u2019ombre et de lumi\u00e8re.<\/p>\n","protected":false},"featured_media":20621,"template":"","meta":{"_acf_changed":false},"product_brand":[],"product_cat":[999,686,685],"product_tag":[1047],"disenador":[708],"class_list":{"0":"post-20607","1":"product","2":"type-product","3":"status-publish","4":"has-post-thumbnail","6":"product_cat-mur","7":"product_cat-mur-plaque","8":"product_cat-plaque-fr","9":"product_tag-plaque","10":"disenador-josep-lluis-xucla-fr","12":"first","13":"instock","14":"taxable","15":"shipping-taxable","16":"purchasable","17":"product-type-variable"},"acf":[],"yoast_head":"<!-- This site is optimized with the Yoast SEO plugin v26.3 - https:\/\/yoast.com\/wordpress\/plugins\/seo\/ -->\n<title>Lampe design Plaqu\u00e9 par Insolit Barcelona Lighting<\/title>\n<meta name=\"robots\" content=\"index, follow, max-snippet:-1, max-image-preview:large, max-video-preview:-1\" \/>\n<link rel=\"canonical\" href=\"https:\/\/www.insolitbcn.com\/fr\/produit\/plaque\/\" \/>\n<meta property=\"og:locale\" content=\"fr_FR\" \/>\n<meta property=\"og:type\" content=\"article\" \/>\n<meta property=\"og:title\" content=\"Lampe design Plaqu\u00e9 par Insolit Barcelona Lighting\" \/>\n<meta property=\"og:description\" content=\"Applique en aluminium avec diffuseur en polycarbonate opale. LED 2700K dimmable avec bouton dimmer int\u00e9gr\u00e9 sur la pat\u00e8re de fixation. Option : la s\u00e9rie \u00ab Plaqu\u00e9 \u00bb propose aussi deux plaques \/ abat-jours sans lumi\u00e8re et de profondeurs diff\u00e9rentes, \u00e0 placer autour du luminaire principal pour cr\u00e9er des compositions d\u2019ombre et de lumi\u00e8re.\" \/>\n<meta property=\"og:url\" content=\"https:\/\/www.insolitbcn.com\/fr\/produit\/plaque\/\" \/>\n<meta property=\"og:site_name\" content=\"Insolit Barcelona Lighting\" \/>\n<meta property=\"article:publisher\" content=\"https:\/\/www.facebook.com\/insolitbcnlighting\/?locale=es_ES\" \/>\n<meta property=\"article:modified_time\" content=\"2025-11-16T21:58:16+00:00\" \/>\n<meta property=\"og:image\" content=\"https:\/\/www.insolitbcn.com\/wp-content\/uploads\/2023\/12\/1200-plaque-insolit-modular-design-wall-lamp-2-1.jpg\" \/>\n\t<meta property=\"og:image:width\" content=\"400\" \/>\n\t<meta property=\"og:image:height\" content=\"677\" \/>\n\t<meta property=\"og:image:type\" content=\"image\/jpeg\" \/>\n<meta name=\"twitter:card\" content=\"summary_large_image\" \/>\n<script type=\"application\/ld+json\" class=\"yoast-schema-graph\">{\"@context\":\"https:\/\/schema.org\",\"@graph\":[{\"@type\":\"WebPage\",\"@id\":\"https:\/\/www.insolitbcn.com\/fr\/produit\/plaque\/\",\"url\":\"https:\/\/www.insolitbcn.com\/fr\/produit\/plaque\/\",\"name\":\"Lampe design Plaqu\u00e9 par Insolit Barcelona Lighting\",\"isPartOf\":{\"@id\":\"https:\/\/www.insolitbcn.com\/fr\/#website\"},\"primaryImageOfPage\":{\"@id\":\"https:\/\/www.insolitbcn.com\/fr\/produit\/plaque\/#primaryimage\"},\"image\":{\"@id\":\"https:\/\/www.insolitbcn.com\/fr\/produit\/plaque\/#primaryimage\"},\"thumbnailUrl\":\"https:\/\/www.insolitbcn.com\/wp-content\/uploads\/2023\/12\/1200-plaque-insolit-modular-design-wall-lamp-2-1.jpg\",\"datePublished\":\"2023-12-28T11:56:56+00:00\",\"dateModified\":\"2025-11-16T21:58:16+00:00\",\"breadcrumb\":{\"@id\":\"https:\/\/www.insolitbcn.com\/fr\/produit\/plaque\/#breadcrumb\"},\"inLanguage\":\"fr-FR\",\"potentialAction\":[{\"@type\":\"ReadAction\",\"target\":[\"https:\/\/www.insolitbcn.com\/fr\/produit\/plaque\/\"]}]},{\"@type\":\"ImageObject\",\"inLanguage\":\"fr-FR\",\"@id\":\"https:\/\/www.insolitbcn.com\/fr\/produit\/plaque\/#primaryimage\",\"url\":\"https:\/\/www.insolitbcn.com\/wp-content\/uploads\/2023\/12\/1200-plaque-insolit-modular-design-wall-lamp-2-1.jpg\",\"contentUrl\":\"https:\/\/www.insolitbcn.com\/wp-content\/uploads\/2023\/12\/1200-plaque-insolit-modular-design-wall-lamp-2-1.jpg\",\"width\":400,\"height\":677,\"caption\":\"Aplique de dise\u00f1o regulable a luz indirecta, piezas configurables y modulares design by Josep Llu\u00eds Xucl\u00e0. Insolit Plaque\"},{\"@type\":\"BreadcrumbList\",\"@id\":\"https:\/\/www.insolitbcn.com\/fr\/produit\/plaque\/#breadcrumb\",\"itemListElement\":[{\"@type\":\"ListItem\",\"position\":1,\"name\":\"Portada\",\"item\":\"https:\/\/www.insolitbcn.com\/fr\/\"},{\"@type\":\"ListItem\",\"position\":2,\"name\":\"Lampes\",\"item\":\"https:\/\/www.insolitbcn.com\/lamparas\/\"},{\"@type\":\"ListItem\",\"position\":3,\"name\":\"Plaqu\u00e9\"}]},{\"@type\":\"WebSite\",\"@id\":\"https:\/\/www.insolitbcn.com\/fr\/#website\",\"url\":\"https:\/\/www.insolitbcn.com\/fr\/\",\"name\":\"Insolit\",\"description\":\"We craft lighting pieces that shape ambiance and reveal identity\",\"publisher\":{\"@id\":\"https:\/\/www.insolitbcn.com\/fr\/#organization\"},\"alternateName\":\"L\u00e1mparas de Dise\u00f1o\",\"potentialAction\":[{\"@type\":\"SearchAction\",\"target\":{\"@type\":\"EntryPoint\",\"urlTemplate\":\"https:\/\/www.insolitbcn.com\/fr\/?s={search_term_string}\"},\"query-input\":{\"@type\":\"PropertyValueSpecification\",\"valueRequired\":true,\"valueName\":\"search_term_string\"}}],\"inLanguage\":\"fr-FR\"},{\"@type\":\"Organization\",\"@id\":\"https:\/\/www.insolitbcn.com\/fr\/#organization\",\"name\":\"Insolit\",\"alternateName\":\"L\u00e1mparas de Dise\u00f1o\",\"url\":\"https:\/\/www.insolitbcn.com\/fr\/\",\"logo\":{\"@type\":\"ImageObject\",\"inLanguage\":\"fr-FR\",\"@id\":\"https:\/\/www.insolitbcn.com\/fr\/#\/schema\/logo\/image\/\",\"url\":\"https:\/\/www.insolitbcn.com\/wp-content\/uploads\/2024\/02\/insolit-imagen-696.jpg\",\"contentUrl\":\"https:\/\/www.insolitbcn.com\/wp-content\/uploads\/2024\/02\/insolit-imagen-696.jpg\",\"width\":696,\"height\":696,\"caption\":\"Insolit\"},\"image\":{\"@id\":\"https:\/\/www.insolitbcn.com\/fr\/#\/schema\/logo\/image\/\"},\"sameAs\":[\"https:\/\/www.facebook.com\/insolitbcnlighting\/?locale=es_ES\",\"https:\/\/www.instagram.com\/insolit_bcn_lighting\/?hl=es\",\"https:\/\/www.linkedin.com\/company\/insolit-bcn-lighting\/posts\/?feedView=all\",\"https:\/\/es.pinterest.com\/insolitbcn\/\",\"https:\/\/www.youtube.com\/watch?v=1jz99K0VUKA\"]}]}<\/script>\n<!-- \/ Yoast SEO plugin. -->","yoast_head_json":{"title":"Lampe design Plaqu\u00e9 par Insolit Barcelona Lighting","robots":{"index":"index","follow":"follow","max-snippet":"max-snippet:-1","max-image-preview":"max-image-preview:large","max-video-preview":"max-video-preview:-1"},"canonical":"https:\/\/www.insolitbcn.com\/fr\/produit\/plaque\/","og_locale":"fr_FR","og_type":"article","og_title":"Lampe design Plaqu\u00e9 par Insolit Barcelona Lighting","og_description":"Applique en aluminium avec diffuseur en polycarbonate opale. LED 2700K dimmable avec bouton dimmer int\u00e9gr\u00e9 sur la pat\u00e8re de fixation. Option : la s\u00e9rie \u00ab Plaqu\u00e9 \u00bb propose aussi deux plaques \/ abat-jours sans lumi\u00e8re et de profondeurs diff\u00e9rentes, \u00e0 placer autour du luminaire principal pour cr\u00e9er des compositions d\u2019ombre et de lumi\u00e8re.","og_url":"https:\/\/www.insolitbcn.com\/fr\/produit\/plaque\/","og_site_name":"Insolit Barcelona Lighting","article_publisher":"https:\/\/www.facebook.com\/insolitbcnlighting\/?locale=es_ES","article_modified_time":"2025-11-16T21:58:16+00:00","og_image":[{"width":400,"height":677,"url":"https:\/\/www.insolitbcn.com\/wp-content\/uploads\/2023\/12\/1200-plaque-insolit-modular-design-wall-lamp-2-1.jpg","type":"image\/jpeg"}],"twitter_card":"summary_large_image","schema":{"@context":"https:\/\/schema.org","@graph":[{"@type":"WebPage","@id":"https:\/\/www.insolitbcn.com\/fr\/produit\/plaque\/","url":"https:\/\/www.insolitbcn.com\/fr\/produit\/plaque\/","name":"Lampe design Plaqu\u00e9 par Insolit Barcelona Lighting","isPartOf":{"@id":"https:\/\/www.insolitbcn.com\/fr\/#website"},"primaryImageOfPage":{"@id":"https:\/\/www.insolitbcn.com\/fr\/produit\/plaque\/#primaryimage"},"image":{"@id":"https:\/\/www.insolitbcn.com\/fr\/produit\/plaque\/#primaryimage"},"thumbnailUrl":"https:\/\/www.insolitbcn.com\/wp-content\/uploads\/2023\/12\/1200-plaque-insolit-modular-design-wall-lamp-2-1.jpg","datePublished":"2023-12-28T11:56:56+00:00","dateModified":"2025-11-16T21:58:16+00:00","breadcrumb":{"@id":"https:\/\/www.insolitbcn.com\/fr\/produit\/plaque\/#breadcrumb"},"inLanguage":"fr-FR","potentialAction":[{"@type":"ReadAction","target":["https:\/\/www.insolitbcn.com\/fr\/produit\/plaque\/"]}]},{"@type":"ImageObject","inLanguage":"fr-FR","@id":"https:\/\/www.insolitbcn.com\/fr\/produit\/plaque\/#primaryimage","url":"https:\/\/www.insolitbcn.com\/wp-content\/uploads\/2023\/12\/1200-plaque-insolit-modular-design-wall-lamp-2-1.jpg","contentUrl":"https:\/\/www.insolitbcn.com\/wp-content\/uploads\/2023\/12\/1200-plaque-insolit-modular-design-wall-lamp-2-1.jpg","width":400,"height":677,"caption":"Aplique de dise\u00f1o regulable a luz indirecta, piezas configurables y modulares design by Josep Llu\u00eds Xucl\u00e0. Insolit Plaque"},{"@type":"BreadcrumbList","@id":"https:\/\/www.insolitbcn.com\/fr\/produit\/plaque\/#breadcrumb","itemListElement":[{"@type":"ListItem","position":1,"name":"Portada","item":"https:\/\/www.insolitbcn.com\/fr\/"},{"@type":"ListItem","position":2,"name":"Lampes","item":"https:\/\/www.insolitbcn.com\/lamparas\/"},{"@type":"ListItem","position":3,"name":"Plaqu\u00e9"}]},{"@type":"WebSite","@id":"https:\/\/www.insolitbcn.com\/fr\/#website","url":"https:\/\/www.insolitbcn.com\/fr\/","name":"Insolit","description":"We craft lighting pieces that shape ambiance and reveal identity","publisher":{"@id":"https:\/\/www.insolitbcn.com\/fr\/#organization"},"alternateName":"L\u00e1mparas de Dise\u00f1o","potentialAction":[{"@type":"SearchAction","target":{"@type":"EntryPoint","urlTemplate":"https:\/\/www.insolitbcn.com\/fr\/?s={search_term_string}"},"query-input":{"@type":"PropertyValueSpecification","valueRequired":true,"valueName":"search_term_string"}}],"inLanguage":"fr-FR"},{"@type":"Organization","@id":"https:\/\/www.insolitbcn.com\/fr\/#organization","name":"Insolit","alternateName":"L\u00e1mparas de Dise\u00f1o","url":"https:\/\/www.insolitbcn.com\/fr\/","logo":{"@type":"ImageObject","inLanguage":"fr-FR","@id":"https:\/\/www.insolitbcn.com\/fr\/#\/schema\/logo\/image\/","url":"https:\/\/www.insolitbcn.com\/wp-content\/uploads\/2024\/02\/insolit-imagen-696.jpg","contentUrl":"https:\/\/www.insolitbcn.com\/wp-content\/uploads\/2024\/02\/insolit-imagen-696.jpg","width":696,"height":696,"caption":"Insolit"},"image":{"@id":"https:\/\/www.insolitbcn.com\/fr\/#\/schema\/logo\/image\/"},"sameAs":["https:\/\/www.facebook.com\/insolitbcnlighting\/?locale=es_ES","https:\/\/www.instagram.com\/insolit_bcn_lighting\/?hl=es","https:\/\/www.linkedin.com\/company\/insolit-bcn-lighting\/posts\/?feedView=all","https:\/\/es.pinterest.com\/insolitbcn\/","https:\/\/www.youtube.com\/watch?v=1jz99K0VUKA"]}]}},"_links":{"self":[{"href":"https:\/\/www.insolitbcn.com\/fr\/wp-json\/wp\/v2\/product\/20607","targetHints":{"allow":["GET"]}}],"collection":[{"href":"https:\/\/www.insolitbcn.com\/fr\/wp-json\/wp\/v2\/product"}],"about":[{"href":"https:\/\/www.insolitbcn.com\/fr\/wp-json\/wp\/v2\/types\/product"}],"wp:featuredmedia":[{"embeddable":true,"href":"https:\/\/www.insolitbcn.com\/fr\/wp-json\/wp\/v2\/media\/20621"}],"wp:attachment":[{"href":"https:\/\/www.insolitbcn.com\/fr\/wp-json\/wp\/v2\/media?parent=20607"}],"wp:term":[{"taxonomy":"product_brand","embeddable":true,"href":"https:\/\/www.insolitbcn.com\/fr\/wp-json\/wp\/v2\/product_brand?post=20607"},{"taxonomy":"product_cat","embeddable":true,"href":"https:\/\/www.insolitbcn.com\/fr\/wp-json\/wp\/v2\/product_cat?post=20607"},{"taxonomy":"product_tag","embeddable":true,"href":"https:\/\/www.insolitbcn.com\/fr\/wp-json\/wp\/v2\/product_tag?post=20607"},{"taxonomy":"disenador","embeddable":true,"href":"https:\/\/www.insolitbcn.com\/fr\/wp-json\/wp\/v2\/disenador?post=20607"}],"curies":[{"name":"wp","href":"https:\/\/api.w.org\/{rel}","templated":true}]}}