{"id":20725,"date":"2023-12-28T08:09:20","date_gmt":"2023-12-28T07:09:20","guid":{"rendered":"https:\/\/www.insolitbcn.com\/producto\/stick-track\/"},"modified":"2026-03-22T13:29:58","modified_gmt":"2026-03-22T12:29:58","slug":"stick-track","status":"publish","type":"product","link":"https:\/\/www.insolitbcn.com\/fr\/produit\/stick-track\/","title":{"rendered":"Stick Track System 48v"},"content":{"rendered":"","protected":false},"excerpt":{"rendered":"<p data-start=\"1049\" data-end=\"1357\">Le <strong data-start=\"1052\" data-end=\"1072\">projecteur Stick<\/strong>, l\u2019un des mod\u00e8les iconiques de notre catalogue, franchit une nouvelle \u00e9tape avec sa version <strong data-start=\"1165\" data-end=\"1172\">48V<\/strong>, d\u00e9sormais \u00e9quip\u00e9e d\u2019un adaptateur pour le <strong data-start=\"1216\" data-end=\"1245\">rail universel de Stucchi<\/strong>. Il s\u2019int\u00e8gre ainsi parfaitement \u00e0 un syst\u00e8me de rail basse tension aux possibilit\u00e9s de configuration infinies. Pour compl\u00e9ter l\u2019\u00e9clairage ponctuel du Stick, nous introduisons le <strong data-start=\"1426\" data-end=\"1445\">mod\u00e8le Line 48V<\/strong> : des lignes de lumi\u00e8re continue avec <strong data-start=\"1484\" data-end=\"1503\">diffuseur opale<\/strong>, disponibles en trois longueurs \u2014 <strong data-start=\"1538\" data-end=\"1559\">70, 120 et 170 cm<\/strong> \u2014 id\u00e9ales pour offrir un \u00e9clairage g\u00e9n\u00e9ral doux et homog\u00e8ne, parfait pour les cuisines, bureaux ou zones de travail. La combinaison de projecteurs et de lin\u00e9aires dans un seul syst\u00e8me permet de r\u00e9soudre l\u2019\u00e9clairage complet de n\u2019importe quel espace, en s\u2019adaptant avec pr\u00e9cision \u00e0 ses dimensions, exigences techniques et esth\u00e9tiques. <strong data-start=\"1895\" data-end=\"1910\">Insolit 48V<\/strong> : une solution modulaire, \u00e9pur\u00e9e et puissante qui \u00e9l\u00e8ve l\u2019\u00e9clairage \u00e0 un niveau sup\u00e9rieur.<\/p>\n","protected":false},"featured_media":27031,"template":"","meta":{"_acf_changed":false},"product_brand":[],"product_cat":[994,695,697],"product_tag":[1029],"disenador":[708],"class_list":{"0":"post-20725","1":"product","2":"type-product","3":"status-publish","4":"has-post-thumbnail","6":"product_cat-plafond","7":"product_cat-stick-fr","8":"product_cat-plafond-stick","9":"product_tag-stick","10":"disenador-josep-lluis-xucla-fr","12":"first","13":"instock","14":"taxable","15":"shipping-taxable","16":"purchasable","17":"product-type-variable","18":"has-default-attributes"},"acf":[],"yoast_head":"<!-- This site is optimized with the Yoast SEO plugin v26.3 - https:\/\/yoast.com\/wordpress\/plugins\/seo\/ -->\n<title>Lampe design Stick Track System 48v par Insolit Barcelona Lighting<\/title>\n<meta name=\"robots\" content=\"index, follow, max-snippet:-1, max-image-preview:large, max-video-preview:-1\" \/>\n<link rel=\"canonical\" href=\"https:\/\/www.insolitbcn.com\/fr\/produit\/stick-track\/\" \/>\n<meta property=\"og:locale\" content=\"fr_FR\" \/>\n<meta property=\"og:type\" content=\"article\" \/>\n<meta property=\"og:title\" content=\"Lampe design Stick Track System 48v par Insolit Barcelona Lighting\" \/>\n<meta property=\"og:description\" content=\"Le projecteur Stick, l\u2019un des mod\u00e8les iconiques de notre catalogue, franchit une nouvelle \u00e9tape avec sa version 48V, d\u00e9sormais \u00e9quip\u00e9e d\u2019un adaptateur pour le rail universel de Stucchi. Il s\u2019int\u00e8gre ainsi parfaitement \u00e0 un syst\u00e8me de rail basse tension aux possibilit\u00e9s de configuration infinies. Pour compl\u00e9ter l\u2019\u00e9clairage ponctuel du Stick, nous introduisons le mod\u00e8le Line 48V : des lignes de lumi\u00e8re continue avec diffuseur opale, disponibles en trois longueurs \u2014 70, 120 et 170 cm \u2014 id\u00e9ales pour offrir un \u00e9clairage g\u00e9n\u00e9ral doux et homog\u00e8ne, parfait pour les cuisines, bureaux ou zones de travail. La combinaison de projecteurs et de lin\u00e9aires dans un seul syst\u00e8me permet de r\u00e9soudre l\u2019\u00e9clairage complet de n\u2019importe quel espace, en s\u2019adaptant avec pr\u00e9cision \u00e0 ses dimensions, exigences techniques et esth\u00e9tiques. Insolit 48V : une solution modulaire, \u00e9pur\u00e9e et puissante qui \u00e9l\u00e8ve l\u2019\u00e9clairage \u00e0 un niveau sup\u00e9rieur.\" \/>\n<meta property=\"og:url\" content=\"https:\/\/www.insolitbcn.com\/fr\/produit\/stick-track\/\" \/>\n<meta property=\"og:site_name\" content=\"Insolit Barcelona Lighting\" \/>\n<meta property=\"article:publisher\" content=\"https:\/\/www.facebook.com\/insolitbcnlighting\/?locale=es_ES\" \/>\n<meta property=\"article:modified_time\" content=\"2026-03-22T12:29:58+00:00\" \/>\n<meta property=\"og:image\" content=\"https:\/\/www.insolitbcn.com\/wp-content\/uploads\/2023\/12\/Stick-Track-System-48v.jpg\" \/>\n\t<meta property=\"og:image:width\" content=\"400\" \/>\n\t<meta property=\"og:image:height\" content=\"677\" \/>\n\t<meta property=\"og:image:type\" content=\"image\/jpeg\" \/>\n<meta name=\"twitter:card\" content=\"summary_large_image\" \/>\n<meta name=\"twitter:label1\" content=\"Dur\u00e9e de lecture estim\u00e9e\" \/>\n\t<meta name=\"twitter:data1\" content=\"1 minute\" \/>\n<script type=\"application\/ld+json\" class=\"yoast-schema-graph\">{\"@context\":\"https:\/\/schema.org\",\"@graph\":[{\"@type\":\"WebPage\",\"@id\":\"https:\/\/www.insolitbcn.com\/fr\/produit\/stick-track\/\",\"url\":\"https:\/\/www.insolitbcn.com\/fr\/produit\/stick-track\/\",\"name\":\"Lampe design Stick Track System 48v par Insolit Barcelona Lighting\",\"isPartOf\":{\"@id\":\"https:\/\/www.insolitbcn.com\/fr\/#website\"},\"primaryImageOfPage\":{\"@id\":\"https:\/\/www.insolitbcn.com\/fr\/produit\/stick-track\/#primaryimage\"},\"image\":{\"@id\":\"https:\/\/www.insolitbcn.com\/fr\/produit\/stick-track\/#primaryimage\"},\"thumbnailUrl\":\"https:\/\/www.insolitbcn.com\/wp-content\/uploads\/2023\/12\/Stick-Track-System-48v.jpg\",\"datePublished\":\"2023-12-28T07:09:20+00:00\",\"dateModified\":\"2026-03-22T12:29:58+00:00\",\"breadcrumb\":{\"@id\":\"https:\/\/www.insolitbcn.com\/fr\/produit\/stick-track\/#breadcrumb\"},\"inLanguage\":\"fr-FR\",\"potentialAction\":[{\"@type\":\"ReadAction\",\"target\":[\"https:\/\/www.insolitbcn.com\/fr\/produit\/stick-track\/\"]}]},{\"@type\":\"ImageObject\",\"inLanguage\":\"fr-FR\",\"@id\":\"https:\/\/www.insolitbcn.com\/fr\/produit\/stick-track\/#primaryimage\",\"url\":\"https:\/\/www.insolitbcn.com\/wp-content\/uploads\/2023\/12\/Stick-Track-System-48v.jpg\",\"contentUrl\":\"https:\/\/www.insolitbcn.com\/wp-content\/uploads\/2023\/12\/Stick-Track-System-48v.jpg\",\"width\":400,\"height\":677,\"caption\":\"Stick Track System 48v. Spotlight design by Josep Llu\u00eds Xucl\u00e0 Insolit\"},{\"@type\":\"BreadcrumbList\",\"@id\":\"https:\/\/www.insolitbcn.com\/fr\/produit\/stick-track\/#breadcrumb\",\"itemListElement\":[{\"@type\":\"ListItem\",\"position\":1,\"name\":\"Portada\",\"item\":\"https:\/\/www.insolitbcn.com\/fr\/\"},{\"@type\":\"ListItem\",\"position\":2,\"name\":\"Lampes\",\"item\":\"https:\/\/www.insolitbcn.com\/lamparas\/\"},{\"@type\":\"ListItem\",\"position\":3,\"name\":\"Stick Track System 48v\"}]},{\"@type\":\"WebSite\",\"@id\":\"https:\/\/www.insolitbcn.com\/fr\/#website\",\"url\":\"https:\/\/www.insolitbcn.com\/fr\/\",\"name\":\"Insolit\",\"description\":\"We craft lighting pieces that shape ambiance and reveal identity\",\"publisher\":{\"@id\":\"https:\/\/www.insolitbcn.com\/fr\/#organization\"},\"alternateName\":\"L\u00e1mparas de Dise\u00f1o\",\"potentialAction\":[{\"@type\":\"SearchAction\",\"target\":{\"@type\":\"EntryPoint\",\"urlTemplate\":\"https:\/\/www.insolitbcn.com\/fr\/?s={search_term_string}\"},\"query-input\":{\"@type\":\"PropertyValueSpecification\",\"valueRequired\":true,\"valueName\":\"search_term_string\"}}],\"inLanguage\":\"fr-FR\"},{\"@type\":\"Organization\",\"@id\":\"https:\/\/www.insolitbcn.com\/fr\/#organization\",\"name\":\"Insolit\",\"alternateName\":\"L\u00e1mparas de Dise\u00f1o\",\"url\":\"https:\/\/www.insolitbcn.com\/fr\/\",\"logo\":{\"@type\":\"ImageObject\",\"inLanguage\":\"fr-FR\",\"@id\":\"https:\/\/www.insolitbcn.com\/fr\/#\/schema\/logo\/image\/\",\"url\":\"https:\/\/www.insolitbcn.com\/wp-content\/uploads\/2024\/02\/insolit-imagen-696.jpg\",\"contentUrl\":\"https:\/\/www.insolitbcn.com\/wp-content\/uploads\/2024\/02\/insolit-imagen-696.jpg\",\"width\":696,\"height\":696,\"caption\":\"Insolit\"},\"image\":{\"@id\":\"https:\/\/www.insolitbcn.com\/fr\/#\/schema\/logo\/image\/\"},\"sameAs\":[\"https:\/\/www.facebook.com\/insolitbcnlighting\/?locale=es_ES\",\"https:\/\/www.instagram.com\/insolit_bcn_lighting\/?hl=es\",\"https:\/\/www.linkedin.com\/company\/insolit-bcn-lighting\/posts\/?feedView=all\",\"https:\/\/es.pinterest.com\/insolitbcn\/\",\"https:\/\/www.youtube.com\/watch?v=1jz99K0VUKA\"]}]}<\/script>\n<!-- \/ Yoast SEO plugin. -->","yoast_head_json":{"title":"Lampe design Stick Track System 48v par Insolit Barcelona Lighting","robots":{"index":"index","follow":"follow","max-snippet":"max-snippet:-1","max-image-preview":"max-image-preview:large","max-video-preview":"max-video-preview:-1"},"canonical":"https:\/\/www.insolitbcn.com\/fr\/produit\/stick-track\/","og_locale":"fr_FR","og_type":"article","og_title":"Lampe design Stick Track System 48v par Insolit Barcelona Lighting","og_description":"Le projecteur Stick, l\u2019un des mod\u00e8les iconiques de notre catalogue, franchit une nouvelle \u00e9tape avec sa version 48V, d\u00e9sormais \u00e9quip\u00e9e d\u2019un adaptateur pour le rail universel de Stucchi. Il s\u2019int\u00e8gre ainsi parfaitement \u00e0 un syst\u00e8me de rail basse tension aux possibilit\u00e9s de configuration infinies. Pour compl\u00e9ter l\u2019\u00e9clairage ponctuel du Stick, nous introduisons le mod\u00e8le Line 48V : des lignes de lumi\u00e8re continue avec diffuseur opale, disponibles en trois longueurs \u2014 70, 120 et 170 cm \u2014 id\u00e9ales pour offrir un \u00e9clairage g\u00e9n\u00e9ral doux et homog\u00e8ne, parfait pour les cuisines, bureaux ou zones de travail. La combinaison de projecteurs et de lin\u00e9aires dans un seul syst\u00e8me permet de r\u00e9soudre l\u2019\u00e9clairage complet de n\u2019importe quel espace, en s\u2019adaptant avec pr\u00e9cision \u00e0 ses dimensions, exigences techniques et esth\u00e9tiques. Insolit 48V : une solution modulaire, \u00e9pur\u00e9e et puissante qui \u00e9l\u00e8ve l\u2019\u00e9clairage \u00e0 un niveau sup\u00e9rieur.","og_url":"https:\/\/www.insolitbcn.com\/fr\/produit\/stick-track\/","og_site_name":"Insolit Barcelona Lighting","article_publisher":"https:\/\/www.facebook.com\/insolitbcnlighting\/?locale=es_ES","article_modified_time":"2026-03-22T12:29:58+00:00","og_image":[{"width":400,"height":677,"url":"https:\/\/www.insolitbcn.com\/wp-content\/uploads\/2023\/12\/Stick-Track-System-48v.jpg","type":"image\/jpeg"}],"twitter_card":"summary_large_image","twitter_misc":{"Dur\u00e9e de lecture estim\u00e9e":"1 minute"},"schema":{"@context":"https:\/\/schema.org","@graph":[{"@type":"WebPage","@id":"https:\/\/www.insolitbcn.com\/fr\/produit\/stick-track\/","url":"https:\/\/www.insolitbcn.com\/fr\/produit\/stick-track\/","name":"Lampe design Stick Track System 48v par Insolit Barcelona Lighting","isPartOf":{"@id":"https:\/\/www.insolitbcn.com\/fr\/#website"},"primaryImageOfPage":{"@id":"https:\/\/www.insolitbcn.com\/fr\/produit\/stick-track\/#primaryimage"},"image":{"@id":"https:\/\/www.insolitbcn.com\/fr\/produit\/stick-track\/#primaryimage"},"thumbnailUrl":"https:\/\/www.insolitbcn.com\/wp-content\/uploads\/2023\/12\/Stick-Track-System-48v.jpg","datePublished":"2023-12-28T07:09:20+00:00","dateModified":"2026-03-22T12:29:58+00:00","breadcrumb":{"@id":"https:\/\/www.insolitbcn.com\/fr\/produit\/stick-track\/#breadcrumb"},"inLanguage":"fr-FR","potentialAction":[{"@type":"ReadAction","target":["https:\/\/www.insolitbcn.com\/fr\/produit\/stick-track\/"]}]},{"@type":"ImageObject","inLanguage":"fr-FR","@id":"https:\/\/www.insolitbcn.com\/fr\/produit\/stick-track\/#primaryimage","url":"https:\/\/www.insolitbcn.com\/wp-content\/uploads\/2023\/12\/Stick-Track-System-48v.jpg","contentUrl":"https:\/\/www.insolitbcn.com\/wp-content\/uploads\/2023\/12\/Stick-Track-System-48v.jpg","width":400,"height":677,"caption":"Stick Track System 48v. Spotlight design by Josep Llu\u00eds Xucl\u00e0 Insolit"},{"@type":"BreadcrumbList","@id":"https:\/\/www.insolitbcn.com\/fr\/produit\/stick-track\/#breadcrumb","itemListElement":[{"@type":"ListItem","position":1,"name":"Portada","item":"https:\/\/www.insolitbcn.com\/fr\/"},{"@type":"ListItem","position":2,"name":"Lampes","item":"https:\/\/www.insolitbcn.com\/lamparas\/"},{"@type":"ListItem","position":3,"name":"Stick Track System 48v"}]},{"@type":"WebSite","@id":"https:\/\/www.insolitbcn.com\/fr\/#website","url":"https:\/\/www.insolitbcn.com\/fr\/","name":"Insolit","description":"We craft lighting pieces that shape ambiance and reveal identity","publisher":{"@id":"https:\/\/www.insolitbcn.com\/fr\/#organization"},"alternateName":"L\u00e1mparas de Dise\u00f1o","potentialAction":[{"@type":"SearchAction","target":{"@type":"EntryPoint","urlTemplate":"https:\/\/www.insolitbcn.com\/fr\/?s={search_term_string}"},"query-input":{"@type":"PropertyValueSpecification","valueRequired":true,"valueName":"search_term_string"}}],"inLanguage":"fr-FR"},{"@type":"Organization","@id":"https:\/\/www.insolitbcn.com\/fr\/#organization","name":"Insolit","alternateName":"L\u00e1mparas de Dise\u00f1o","url":"https:\/\/www.insolitbcn.com\/fr\/","logo":{"@type":"ImageObject","inLanguage":"fr-FR","@id":"https:\/\/www.insolitbcn.com\/fr\/#\/schema\/logo\/image\/","url":"https:\/\/www.insolitbcn.com\/wp-content\/uploads\/2024\/02\/insolit-imagen-696.jpg","contentUrl":"https:\/\/www.insolitbcn.com\/wp-content\/uploads\/2024\/02\/insolit-imagen-696.jpg","width":696,"height":696,"caption":"Insolit"},"image":{"@id":"https:\/\/www.insolitbcn.com\/fr\/#\/schema\/logo\/image\/"},"sameAs":["https:\/\/www.facebook.com\/insolitbcnlighting\/?locale=es_ES","https:\/\/www.instagram.com\/insolit_bcn_lighting\/?hl=es","https:\/\/www.linkedin.com\/company\/insolit-bcn-lighting\/posts\/?feedView=all","https:\/\/es.pinterest.com\/insolitbcn\/","https:\/\/www.youtube.com\/watch?v=1jz99K0VUKA"]}]}},"_links":{"self":[{"href":"https:\/\/www.insolitbcn.com\/fr\/wp-json\/wp\/v2\/product\/20725","targetHints":{"allow":["GET"]}}],"collection":[{"href":"https:\/\/www.insolitbcn.com\/fr\/wp-json\/wp\/v2\/product"}],"about":[{"href":"https:\/\/www.insolitbcn.com\/fr\/wp-json\/wp\/v2\/types\/product"}],"wp:featuredmedia":[{"embeddable":true,"href":"https:\/\/www.insolitbcn.com\/fr\/wp-json\/wp\/v2\/media\/27031"}],"wp:attachment":[{"href":"https:\/\/www.insolitbcn.com\/fr\/wp-json\/wp\/v2\/media?parent=20725"}],"wp:term":[{"taxonomy":"product_brand","embeddable":true,"href":"https:\/\/www.insolitbcn.com\/fr\/wp-json\/wp\/v2\/product_brand?post=20725"},{"taxonomy":"product_cat","embeddable":true,"href":"https:\/\/www.insolitbcn.com\/fr\/wp-json\/wp\/v2\/product_cat?post=20725"},{"taxonomy":"product_tag","embeddable":true,"href":"https:\/\/www.insolitbcn.com\/fr\/wp-json\/wp\/v2\/product_tag?post=20725"},{"taxonomy":"disenador","embeddable":true,"href":"https:\/\/www.insolitbcn.com\/fr\/wp-json\/wp\/v2\/disenador?post=20725"}],"curies":[{"name":"wp","href":"https:\/\/api.w.org\/{rel}","templated":true}]}}