{"id":21030,"date":"2023-11-23T13:47:33","date_gmt":"2023-11-23T13:47:33","guid":{"rendered":"https:\/\/www.insolitbcn.com\/producto\/glass-floor\/"},"modified":"2026-01-28T00:52:30","modified_gmt":"2026-01-27T23:52:30","slug":"glass-floor","status":"publish","type":"product","link":"https:\/\/www.insolitbcn.com\/fr\/produit\/glass-floor\/","title":{"rendered":"Glass Floor"},"content":{"rendered":"","protected":false},"excerpt":{"rendered":"<p>Pour voir et \u00eatre vu, le luminaire Glass Floor se distingue par sa lumi\u00e8re et sa pr\u00e9sence. Il est compos\u00e9 d&#8217;un tube de verre cannel\u00e9 qui cr\u00e9e un \u00e9l\u00e9ment lumineux flottant pour habiller n&#8217;importe quel espace de mani\u00e8re imposante et \u00e9l\u00e9gante. Corps en tube d&#8217;acier. LED sur PCB con\u00e7u par Insolit. Lumi\u00e8re r\u00e9glable avec gradateur \u00e0 pied. Enti\u00e8rement personnalisable.<\/p>\n","protected":false},"featured_media":29265,"template":"","meta":{"_acf_changed":false},"product_brand":[],"product_cat":[998,672,673],"product_tag":[1039],"disenador":[708],"class_list":{"0":"post-21030","1":"product","2":"type-product","3":"status-publish","4":"has-post-thumbnail","6":"product_cat-pied","7":"product_cat-glass-fr","8":"product_cat-pied-glass","9":"product_tag-glass","10":"disenador-josep-lluis-xucla-fr","12":"first","13":"instock","14":"taxable","15":"shipping-taxable","16":"purchasable","17":"product-type-variable","18":"has-default-attributes"},"acf":[],"yoast_head":"<!-- This site is optimized with the Yoast SEO plugin v26.3 - https:\/\/yoast.com\/wordpress\/plugins\/seo\/ -->\n<title>Lampe design Glass Floor par Insolit Barcelona Lighting<\/title>\n<meta name=\"robots\" content=\"index, follow, max-snippet:-1, max-image-preview:large, max-video-preview:-1\" \/>\n<link rel=\"canonical\" href=\"https:\/\/www.insolitbcn.com\/fr\/produit\/glass-floor\/\" \/>\n<meta property=\"og:locale\" content=\"fr_FR\" \/>\n<meta property=\"og:type\" content=\"article\" \/>\n<meta property=\"og:title\" content=\"Lampe design Glass Floor par Insolit Barcelona Lighting\" \/>\n<meta property=\"og:description\" content=\"Pour voir et \u00eatre vu, le luminaire Glass Floor se distingue par sa lumi\u00e8re et sa pr\u00e9sence. Il est compos\u00e9 d&#039;un tube de verre cannel\u00e9 qui cr\u00e9e un \u00e9l\u00e9ment lumineux flottant pour habiller n&#039;importe quel espace de mani\u00e8re imposante et \u00e9l\u00e9gante. Corps en tube d&#039;acier. LED sur PCB con\u00e7u par Insolit. Lumi\u00e8re r\u00e9glable avec gradateur \u00e0 pied. Enti\u00e8rement personnalisable.\" \/>\n<meta property=\"og:url\" content=\"https:\/\/www.insolitbcn.com\/fr\/produit\/glass-floor\/\" \/>\n<meta property=\"og:site_name\" content=\"Insolit Barcelona Lighting\" \/>\n<meta property=\"article:publisher\" content=\"https:\/\/www.facebook.com\/insolitbcnlighting\/?locale=es_ES\" \/>\n<meta property=\"article:modified_time\" content=\"2026-01-27T23:52:30+00:00\" \/>\n<meta property=\"og:image\" content=\"https:\/\/www.insolitbcn.com\/wp-content\/uploads\/2023\/11\/1253-Lampara-de-pie-cristal-Insolit.jpg\" \/>\n\t<meta property=\"og:image:width\" content=\"400\" \/>\n\t<meta property=\"og:image:height\" content=\"677\" \/>\n\t<meta property=\"og:image:type\" content=\"image\/jpeg\" \/>\n<meta name=\"twitter:card\" content=\"summary_large_image\" \/>\n<script type=\"application\/ld+json\" class=\"yoast-schema-graph\">{\"@context\":\"https:\/\/schema.org\",\"@graph\":[{\"@type\":\"WebPage\",\"@id\":\"https:\/\/www.insolitbcn.com\/fr\/produit\/glass-floor\/\",\"url\":\"https:\/\/www.insolitbcn.com\/fr\/produit\/glass-floor\/\",\"name\":\"Lampe design Glass Floor par Insolit Barcelona Lighting\",\"isPartOf\":{\"@id\":\"https:\/\/www.insolitbcn.com\/fr\/#website\"},\"primaryImageOfPage\":{\"@id\":\"https:\/\/www.insolitbcn.com\/fr\/produit\/glass-floor\/#primaryimage\"},\"image\":{\"@id\":\"https:\/\/www.insolitbcn.com\/fr\/produit\/glass-floor\/#primaryimage\"},\"thumbnailUrl\":\"https:\/\/www.insolitbcn.com\/wp-content\/uploads\/2023\/11\/1253-Lampara-de-pie-cristal-Insolit.jpg\",\"datePublished\":\"2023-11-23T13:47:33+00:00\",\"dateModified\":\"2026-01-27T23:52:30+00:00\",\"breadcrumb\":{\"@id\":\"https:\/\/www.insolitbcn.com\/fr\/produit\/glass-floor\/#breadcrumb\"},\"inLanguage\":\"fr-FR\",\"potentialAction\":[{\"@type\":\"ReadAction\",\"target\":[\"https:\/\/www.insolitbcn.com\/fr\/produit\/glass-floor\/\"]}]},{\"@type\":\"ImageObject\",\"inLanguage\":\"fr-FR\",\"@id\":\"https:\/\/www.insolitbcn.com\/fr\/produit\/glass-floor\/#primaryimage\",\"url\":\"https:\/\/www.insolitbcn.com\/wp-content\/uploads\/2023\/11\/1253-Lampara-de-pie-cristal-Insolit.jpg\",\"contentUrl\":\"https:\/\/www.insolitbcn.com\/wp-content\/uploads\/2023\/11\/1253-Lampara-de-pie-cristal-Insolit.jpg\",\"width\":400,\"height\":677,\"caption\":\"Lampara de dise\u00f1o de pie con cristal estriado design by Josep Llu\u00eds Xucl\u00e0 Insolit Glass Floor\"},{\"@type\":\"BreadcrumbList\",\"@id\":\"https:\/\/www.insolitbcn.com\/fr\/produit\/glass-floor\/#breadcrumb\",\"itemListElement\":[{\"@type\":\"ListItem\",\"position\":1,\"name\":\"Portada\",\"item\":\"https:\/\/www.insolitbcn.com\/fr\/\"},{\"@type\":\"ListItem\",\"position\":2,\"name\":\"Lampes\",\"item\":\"https:\/\/www.insolitbcn.com\/lamparas\/\"},{\"@type\":\"ListItem\",\"position\":3,\"name\":\"Glass Floor\"}]},{\"@type\":\"WebSite\",\"@id\":\"https:\/\/www.insolitbcn.com\/fr\/#website\",\"url\":\"https:\/\/www.insolitbcn.com\/fr\/\",\"name\":\"Insolit\",\"description\":\"We craft lighting pieces that shape ambiance and reveal identity\",\"publisher\":{\"@id\":\"https:\/\/www.insolitbcn.com\/fr\/#organization\"},\"alternateName\":\"L\u00e1mparas de Dise\u00f1o\",\"potentialAction\":[{\"@type\":\"SearchAction\",\"target\":{\"@type\":\"EntryPoint\",\"urlTemplate\":\"https:\/\/www.insolitbcn.com\/fr\/?s={search_term_string}\"},\"query-input\":{\"@type\":\"PropertyValueSpecification\",\"valueRequired\":true,\"valueName\":\"search_term_string\"}}],\"inLanguage\":\"fr-FR\"},{\"@type\":\"Organization\",\"@id\":\"https:\/\/www.insolitbcn.com\/fr\/#organization\",\"name\":\"Insolit\",\"alternateName\":\"L\u00e1mparas de Dise\u00f1o\",\"url\":\"https:\/\/www.insolitbcn.com\/fr\/\",\"logo\":{\"@type\":\"ImageObject\",\"inLanguage\":\"fr-FR\",\"@id\":\"https:\/\/www.insolitbcn.com\/fr\/#\/schema\/logo\/image\/\",\"url\":\"https:\/\/www.insolitbcn.com\/wp-content\/uploads\/2024\/02\/insolit-imagen-696.jpg\",\"contentUrl\":\"https:\/\/www.insolitbcn.com\/wp-content\/uploads\/2024\/02\/insolit-imagen-696.jpg\",\"width\":696,\"height\":696,\"caption\":\"Insolit\"},\"image\":{\"@id\":\"https:\/\/www.insolitbcn.com\/fr\/#\/schema\/logo\/image\/\"},\"sameAs\":[\"https:\/\/www.facebook.com\/insolitbcnlighting\/?locale=es_ES\",\"https:\/\/www.instagram.com\/insolit_bcn_lighting\/?hl=es\",\"https:\/\/www.linkedin.com\/company\/insolit-bcn-lighting\/posts\/?feedView=all\",\"https:\/\/es.pinterest.com\/insolitbcn\/\",\"https:\/\/www.youtube.com\/watch?v=1jz99K0VUKA\"]}]}<\/script>\n<!-- \/ Yoast SEO plugin. -->","yoast_head_json":{"title":"Lampe design Glass Floor par Insolit Barcelona Lighting","robots":{"index":"index","follow":"follow","max-snippet":"max-snippet:-1","max-image-preview":"max-image-preview:large","max-video-preview":"max-video-preview:-1"},"canonical":"https:\/\/www.insolitbcn.com\/fr\/produit\/glass-floor\/","og_locale":"fr_FR","og_type":"article","og_title":"Lampe design Glass Floor par Insolit Barcelona Lighting","og_description":"Pour voir et \u00eatre vu, le luminaire Glass Floor se distingue par sa lumi\u00e8re et sa pr\u00e9sence. Il est compos\u00e9 d'un tube de verre cannel\u00e9 qui cr\u00e9e un \u00e9l\u00e9ment lumineux flottant pour habiller n'importe quel espace de mani\u00e8re imposante et \u00e9l\u00e9gante. Corps en tube d'acier. LED sur PCB con\u00e7u par Insolit. Lumi\u00e8re r\u00e9glable avec gradateur \u00e0 pied. Enti\u00e8rement personnalisable.","og_url":"https:\/\/www.insolitbcn.com\/fr\/produit\/glass-floor\/","og_site_name":"Insolit Barcelona Lighting","article_publisher":"https:\/\/www.facebook.com\/insolitbcnlighting\/?locale=es_ES","article_modified_time":"2026-01-27T23:52:30+00:00","og_image":[{"width":400,"height":677,"url":"https:\/\/www.insolitbcn.com\/wp-content\/uploads\/2023\/11\/1253-Lampara-de-pie-cristal-Insolit.jpg","type":"image\/jpeg"}],"twitter_card":"summary_large_image","schema":{"@context":"https:\/\/schema.org","@graph":[{"@type":"WebPage","@id":"https:\/\/www.insolitbcn.com\/fr\/produit\/glass-floor\/","url":"https:\/\/www.insolitbcn.com\/fr\/produit\/glass-floor\/","name":"Lampe design Glass Floor par Insolit Barcelona Lighting","isPartOf":{"@id":"https:\/\/www.insolitbcn.com\/fr\/#website"},"primaryImageOfPage":{"@id":"https:\/\/www.insolitbcn.com\/fr\/produit\/glass-floor\/#primaryimage"},"image":{"@id":"https:\/\/www.insolitbcn.com\/fr\/produit\/glass-floor\/#primaryimage"},"thumbnailUrl":"https:\/\/www.insolitbcn.com\/wp-content\/uploads\/2023\/11\/1253-Lampara-de-pie-cristal-Insolit.jpg","datePublished":"2023-11-23T13:47:33+00:00","dateModified":"2026-01-27T23:52:30+00:00","breadcrumb":{"@id":"https:\/\/www.insolitbcn.com\/fr\/produit\/glass-floor\/#breadcrumb"},"inLanguage":"fr-FR","potentialAction":[{"@type":"ReadAction","target":["https:\/\/www.insolitbcn.com\/fr\/produit\/glass-floor\/"]}]},{"@type":"ImageObject","inLanguage":"fr-FR","@id":"https:\/\/www.insolitbcn.com\/fr\/produit\/glass-floor\/#primaryimage","url":"https:\/\/www.insolitbcn.com\/wp-content\/uploads\/2023\/11\/1253-Lampara-de-pie-cristal-Insolit.jpg","contentUrl":"https:\/\/www.insolitbcn.com\/wp-content\/uploads\/2023\/11\/1253-Lampara-de-pie-cristal-Insolit.jpg","width":400,"height":677,"caption":"Lampara de dise\u00f1o de pie con cristal estriado design by Josep Llu\u00eds Xucl\u00e0 Insolit Glass Floor"},{"@type":"BreadcrumbList","@id":"https:\/\/www.insolitbcn.com\/fr\/produit\/glass-floor\/#breadcrumb","itemListElement":[{"@type":"ListItem","position":1,"name":"Portada","item":"https:\/\/www.insolitbcn.com\/fr\/"},{"@type":"ListItem","position":2,"name":"Lampes","item":"https:\/\/www.insolitbcn.com\/lamparas\/"},{"@type":"ListItem","position":3,"name":"Glass Floor"}]},{"@type":"WebSite","@id":"https:\/\/www.insolitbcn.com\/fr\/#website","url":"https:\/\/www.insolitbcn.com\/fr\/","name":"Insolit","description":"We craft lighting pieces that shape ambiance and reveal identity","publisher":{"@id":"https:\/\/www.insolitbcn.com\/fr\/#organization"},"alternateName":"L\u00e1mparas de Dise\u00f1o","potentialAction":[{"@type":"SearchAction","target":{"@type":"EntryPoint","urlTemplate":"https:\/\/www.insolitbcn.com\/fr\/?s={search_term_string}"},"query-input":{"@type":"PropertyValueSpecification","valueRequired":true,"valueName":"search_term_string"}}],"inLanguage":"fr-FR"},{"@type":"Organization","@id":"https:\/\/www.insolitbcn.com\/fr\/#organization","name":"Insolit","alternateName":"L\u00e1mparas de Dise\u00f1o","url":"https:\/\/www.insolitbcn.com\/fr\/","logo":{"@type":"ImageObject","inLanguage":"fr-FR","@id":"https:\/\/www.insolitbcn.com\/fr\/#\/schema\/logo\/image\/","url":"https:\/\/www.insolitbcn.com\/wp-content\/uploads\/2024\/02\/insolit-imagen-696.jpg","contentUrl":"https:\/\/www.insolitbcn.com\/wp-content\/uploads\/2024\/02\/insolit-imagen-696.jpg","width":696,"height":696,"caption":"Insolit"},"image":{"@id":"https:\/\/www.insolitbcn.com\/fr\/#\/schema\/logo\/image\/"},"sameAs":["https:\/\/www.facebook.com\/insolitbcnlighting\/?locale=es_ES","https:\/\/www.instagram.com\/insolit_bcn_lighting\/?hl=es","https:\/\/www.linkedin.com\/company\/insolit-bcn-lighting\/posts\/?feedView=all","https:\/\/es.pinterest.com\/insolitbcn\/","https:\/\/www.youtube.com\/watch?v=1jz99K0VUKA"]}]}},"_links":{"self":[{"href":"https:\/\/www.insolitbcn.com\/fr\/wp-json\/wp\/v2\/product\/21030","targetHints":{"allow":["GET"]}}],"collection":[{"href":"https:\/\/www.insolitbcn.com\/fr\/wp-json\/wp\/v2\/product"}],"about":[{"href":"https:\/\/www.insolitbcn.com\/fr\/wp-json\/wp\/v2\/types\/product"}],"wp:featuredmedia":[{"embeddable":true,"href":"https:\/\/www.insolitbcn.com\/fr\/wp-json\/wp\/v2\/media\/29265"}],"wp:attachment":[{"href":"https:\/\/www.insolitbcn.com\/fr\/wp-json\/wp\/v2\/media?parent=21030"}],"wp:term":[{"taxonomy":"product_brand","embeddable":true,"href":"https:\/\/www.insolitbcn.com\/fr\/wp-json\/wp\/v2\/product_brand?post=21030"},{"taxonomy":"product_cat","embeddable":true,"href":"https:\/\/www.insolitbcn.com\/fr\/wp-json\/wp\/v2\/product_cat?post=21030"},{"taxonomy":"product_tag","embeddable":true,"href":"https:\/\/www.insolitbcn.com\/fr\/wp-json\/wp\/v2\/product_tag?post=21030"},{"taxonomy":"disenador","embeddable":true,"href":"https:\/\/www.insolitbcn.com\/fr\/wp-json\/wp\/v2\/disenador?post=21030"}],"curies":[{"name":"wp","href":"https:\/\/api.w.org\/{rel}","templated":true}]}}