{"id":24136,"date":"2024-10-10T17:44:08","date_gmt":"2024-10-10T15:44:08","guid":{"rendered":"https:\/\/www.insolitbcn.com\/?post_type=product&#038;p=24136"},"modified":"2025-12-30T10:01:53","modified_gmt":"2025-12-30T09:01:53","slug":"dew","status":"publish","type":"product","link":"https:\/\/www.insolitbcn.com\/fr\/produit\/dew\/","title":{"rendered":"Dew"},"content":{"rendered":"","protected":false},"excerpt":{"rendered":"<p>Dew, le nouveau luminaire d&#8217;Insolit, transforme n&#8217;importe quel espace en un oasis de lumi\u00e8re et de design. Dew est con\u00e7ue avec un tube courb\u00e9 de 20 mm qui int\u00e8gre des ensembles lumineux sophistiqu\u00e9s en pi\u00e8ces usin\u00e9es en aluminium et en tube de verre stri\u00e9, cr\u00e9ant ainsi une structure \u00e9l\u00e9gante et contemporaine. Le verre stri\u00e9 caract\u00e9ristique de 60 mm de diam\u00e8tre, combin\u00e9 \u00e0 une LED de 4W et une optique de 25\u00ba, produit un effet \u00e9blouissant qui \u00e9voque des gouttes d&#8217;eau scintillantes, apportant une atmosph\u00e8re chaleureuse et enveloppante. Disponible en diam\u00e8tres de 60 cm, 130 cm, 290 cm et 450 cm, Dew permet une infinit\u00e9 de compositions, s&#8217;adaptant aux besoins des grands espaces qui exigent une pi\u00e8ce unique et distinctive. Id\u00e9ale pour les salles d&#8217;\u00e9v\u00e9nements, les halls d&#8217;entr\u00e9e et tout environnement cherchant \u00e0 mettre en valeur le design, la luminaire Dew devient le point focal qui \u00e9l\u00e8vera l&#8217;esth\u00e9tique de votre projet. Laissez-vous inspirer par sa lumi\u00e8re et transformez vos espaces avec l&#8217;\u00e9l\u00e9gance et l&#8217;originalit\u00e9 de Dew.<\/p>\n","protected":false},"featured_media":24095,"template":"","meta":{"_acf_changed":false},"product_brand":[],"product_cat":[957],"product_tag":[1035],"disenador":[909],"class_list":{"0":"post-24136","1":"product","2":"type-product","3":"status-publish","4":"has-post-thumbnail","6":"product_cat-dew-fr","7":"product_tag-dew","8":"disenador-gca-architects-3","10":"first","11":"instock","12":"taxable","13":"shipping-taxable","14":"purchasable","15":"product-type-variable"},"acf":[],"yoast_head":"<!-- This site is optimized with the Yoast SEO plugin v27.5 - https:\/\/yoast.com\/product\/yoast-seo-wordpress\/ -->\n<title>Lampe design Dew par Insolit Barcelona Lighting<\/title>\n<meta name=\"robots\" content=\"index, follow, max-snippet:-1, max-image-preview:large, max-video-preview:-1\" \/>\n<link rel=\"canonical\" href=\"https:\/\/www.insolitbcn.com\/fr\/produit\/dew\/\" \/>\n<meta property=\"og:locale\" content=\"fr_FR\" \/>\n<meta property=\"og:type\" content=\"article\" \/>\n<meta property=\"og:title\" content=\"Lampe design Dew par Insolit Barcelona Lighting\" \/>\n<meta property=\"og:description\" content=\"Dew, le nouveau luminaire d&#039;Insolit, transforme n&#039;importe quel espace en un oasis de lumi\u00e8re et de design. Dew est con\u00e7ue avec un tube courb\u00e9 de 20 mm qui int\u00e8gre des ensembles lumineux sophistiqu\u00e9s en pi\u00e8ces usin\u00e9es en aluminium et en tube de verre stri\u00e9, cr\u00e9ant ainsi une structure \u00e9l\u00e9gante et contemporaine. Le verre stri\u00e9 caract\u00e9ristique de 60 mm de diam\u00e8tre, combin\u00e9 \u00e0 une LED de 4W et une optique de 25\u00ba, produit un effet \u00e9blouissant qui \u00e9voque des gouttes d&#039;eau scintillantes, apportant une atmosph\u00e8re chaleureuse et enveloppante. Disponible en diam\u00e8tres de 60 cm, 130 cm, 290 cm et 450 cm, Dew permet une infinit\u00e9 de compositions, s&#039;adaptant aux besoins des grands espaces qui exigent une pi\u00e8ce unique et distinctive. Id\u00e9ale pour les salles d&#039;\u00e9v\u00e9nements, les halls d&#039;entr\u00e9e et tout environnement cherchant \u00e0 mettre en valeur le design, la luminaire Dew devient le point focal qui \u00e9l\u00e8vera l&#039;esth\u00e9tique de votre projet. Laissez-vous inspirer par sa lumi\u00e8re et transformez vos espaces avec l&#039;\u00e9l\u00e9gance et l&#039;originalit\u00e9 de Dew.\" \/>\n<meta property=\"og:url\" content=\"https:\/\/www.insolitbcn.com\/fr\/produit\/dew\/\" \/>\n<meta property=\"og:site_name\" content=\"Insolit Barcelona Lighting\" \/>\n<meta property=\"article:publisher\" content=\"https:\/\/www.facebook.com\/insolitbcnlighting\/?locale=es_ES\" \/>\n<meta property=\"article:modified_time\" content=\"2025-12-30T09:01:53+00:00\" \/>\n<meta property=\"og:image\" content=\"https:\/\/www.insolitbcn.com\/wp-content\/uploads\/2024\/10\/DEW.jpg\" \/>\n\t<meta property=\"og:image:width\" content=\"400\" \/>\n\t<meta property=\"og:image:height\" content=\"677\" \/>\n\t<meta property=\"og:image:type\" content=\"image\/jpeg\" \/>\n<meta name=\"twitter:card\" content=\"summary_large_image\" \/>\n<meta name=\"twitter:label1\" content=\"Dur\u00e9e de lecture estim\u00e9e\" \/>\n\t<meta name=\"twitter:data1\" content=\"1 minute\" \/>\n<script type=\"application\/ld+json\" class=\"yoast-schema-graph\">{\"@context\":\"https:\\\/\\\/schema.org\",\"@graph\":[{\"@type\":\"WebPage\",\"@id\":\"https:\\\/\\\/www.insolitbcn.com\\\/fr\\\/produit\\\/dew\\\/\",\"url\":\"https:\\\/\\\/www.insolitbcn.com\\\/fr\\\/produit\\\/dew\\\/\",\"name\":\"Lampe design Dew par Insolit Barcelona Lighting\",\"isPartOf\":{\"@id\":\"https:\\\/\\\/www.insolitbcn.com\\\/fr\\\/#website\"},\"primaryImageOfPage\":{\"@id\":\"https:\\\/\\\/www.insolitbcn.com\\\/fr\\\/produit\\\/dew\\\/#primaryimage\"},\"image\":{\"@id\":\"https:\\\/\\\/www.insolitbcn.com\\\/fr\\\/produit\\\/dew\\\/#primaryimage\"},\"thumbnailUrl\":\"https:\\\/\\\/www.insolitbcn.com\\\/wp-content\\\/uploads\\\/2024\\\/10\\\/DEW.jpg\",\"datePublished\":\"2024-10-10T15:44:08+00:00\",\"dateModified\":\"2025-12-30T09:01:53+00:00\",\"breadcrumb\":{\"@id\":\"https:\\\/\\\/www.insolitbcn.com\\\/fr\\\/produit\\\/dew\\\/#breadcrumb\"},\"inLanguage\":\"fr-FR\",\"potentialAction\":[{\"@type\":\"ReadAction\",\"target\":[\"https:\\\/\\\/www.insolitbcn.com\\\/fr\\\/produit\\\/dew\\\/\"]}]},{\"@type\":\"ImageObject\",\"inLanguage\":\"fr-FR\",\"@id\":\"https:\\\/\\\/www.insolitbcn.com\\\/fr\\\/produit\\\/dew\\\/#primaryimage\",\"url\":\"https:\\\/\\\/www.insolitbcn.com\\\/wp-content\\\/uploads\\\/2024\\\/10\\\/DEW.jpg\",\"contentUrl\":\"https:\\\/\\\/www.insolitbcn.com\\\/wp-content\\\/uploads\\\/2024\\\/10\\\/DEW.jpg\",\"width\":400,\"height\":677,\"caption\":\"circular design suspension light\"},{\"@type\":\"BreadcrumbList\",\"@id\":\"https:\\\/\\\/www.insolitbcn.com\\\/fr\\\/produit\\\/dew\\\/#breadcrumb\",\"itemListElement\":[{\"@type\":\"ListItem\",\"position\":1,\"name\":\"Portada\",\"item\":\"https:\\\/\\\/www.insolitbcn.com\\\/fr\\\/\"},{\"@type\":\"ListItem\",\"position\":2,\"name\":\"Lampes\",\"item\":\"https:\\\/\\\/www.insolitbcn.com\\\/lamparas\\\/\"},{\"@type\":\"ListItem\",\"position\":3,\"name\":\"Dew\"}]},{\"@type\":\"WebSite\",\"@id\":\"https:\\\/\\\/www.insolitbcn.com\\\/fr\\\/#website\",\"url\":\"https:\\\/\\\/www.insolitbcn.com\\\/fr\\\/\",\"name\":\"Insolit\",\"description\":\"We craft lighting pieces that shape ambiance and reveal identity\",\"publisher\":{\"@id\":\"https:\\\/\\\/www.insolitbcn.com\\\/fr\\\/#organization\"},\"alternateName\":\"L\u00e1mparas de Dise\u00f1o\",\"potentialAction\":[{\"@type\":\"SearchAction\",\"target\":{\"@type\":\"EntryPoint\",\"urlTemplate\":\"https:\\\/\\\/www.insolitbcn.com\\\/fr\\\/?s={search_term_string}\"},\"query-input\":{\"@type\":\"PropertyValueSpecification\",\"valueRequired\":true,\"valueName\":\"search_term_string\"}}],\"inLanguage\":\"fr-FR\"},{\"@type\":\"Organization\",\"@id\":\"https:\\\/\\\/www.insolitbcn.com\\\/fr\\\/#organization\",\"name\":\"Insolit\",\"alternateName\":\"L\u00e1mparas de Dise\u00f1o\",\"url\":\"https:\\\/\\\/www.insolitbcn.com\\\/fr\\\/\",\"logo\":{\"@type\":\"ImageObject\",\"inLanguage\":\"fr-FR\",\"@id\":\"https:\\\/\\\/www.insolitbcn.com\\\/fr\\\/#\\\/schema\\\/logo\\\/image\\\/\",\"url\":\"https:\\\/\\\/www.insolitbcn.com\\\/wp-content\\\/uploads\\\/2024\\\/02\\\/insolit-imagen-696.jpg\",\"contentUrl\":\"https:\\\/\\\/www.insolitbcn.com\\\/wp-content\\\/uploads\\\/2024\\\/02\\\/insolit-imagen-696.jpg\",\"width\":696,\"height\":696,\"caption\":\"Insolit\"},\"image\":{\"@id\":\"https:\\\/\\\/www.insolitbcn.com\\\/fr\\\/#\\\/schema\\\/logo\\\/image\\\/\"},\"sameAs\":[\"https:\\\/\\\/www.facebook.com\\\/insolitbcnlighting\\\/?locale=es_ES\",\"https:\\\/\\\/www.instagram.com\\\/insolit_bcn_lighting\\\/?hl=es\",\"https:\\\/\\\/www.linkedin.com\\\/company\\\/insolit-bcn-lighting\\\/posts\\\/?feedView=all\",\"https:\\\/\\\/es.pinterest.com\\\/insolitbcn\\\/\",\"https:\\\/\\\/www.youtube.com\\\/watch?v=1jz99K0VUKA\"]}]}<\/script>\n<!-- \/ Yoast SEO plugin. -->","yoast_head_json":{"title":"Lampe design Dew par Insolit Barcelona Lighting","robots":{"index":"index","follow":"follow","max-snippet":"max-snippet:-1","max-image-preview":"max-image-preview:large","max-video-preview":"max-video-preview:-1"},"canonical":"https:\/\/www.insolitbcn.com\/fr\/produit\/dew\/","og_locale":"fr_FR","og_type":"article","og_title":"Lampe design Dew par Insolit Barcelona Lighting","og_description":"Dew, le nouveau luminaire d'Insolit, transforme n'importe quel espace en un oasis de lumi\u00e8re et de design. Dew est con\u00e7ue avec un tube courb\u00e9 de 20 mm qui int\u00e8gre des ensembles lumineux sophistiqu\u00e9s en pi\u00e8ces usin\u00e9es en aluminium et en tube de verre stri\u00e9, cr\u00e9ant ainsi une structure \u00e9l\u00e9gante et contemporaine. Le verre stri\u00e9 caract\u00e9ristique de 60 mm de diam\u00e8tre, combin\u00e9 \u00e0 une LED de 4W et une optique de 25\u00ba, produit un effet \u00e9blouissant qui \u00e9voque des gouttes d'eau scintillantes, apportant une atmosph\u00e8re chaleureuse et enveloppante. Disponible en diam\u00e8tres de 60 cm, 130 cm, 290 cm et 450 cm, Dew permet une infinit\u00e9 de compositions, s'adaptant aux besoins des grands espaces qui exigent une pi\u00e8ce unique et distinctive. Id\u00e9ale pour les salles d'\u00e9v\u00e9nements, les halls d'entr\u00e9e et tout environnement cherchant \u00e0 mettre en valeur le design, la luminaire Dew devient le point focal qui \u00e9l\u00e8vera l'esth\u00e9tique de votre projet. Laissez-vous inspirer par sa lumi\u00e8re et transformez vos espaces avec l'\u00e9l\u00e9gance et l'originalit\u00e9 de Dew.","og_url":"https:\/\/www.insolitbcn.com\/fr\/produit\/dew\/","og_site_name":"Insolit Barcelona Lighting","article_publisher":"https:\/\/www.facebook.com\/insolitbcnlighting\/?locale=es_ES","article_modified_time":"2025-12-30T09:01:53+00:00","og_image":[{"width":400,"height":677,"url":"https:\/\/www.insolitbcn.com\/wp-content\/uploads\/2024\/10\/DEW.jpg","type":"image\/jpeg"}],"twitter_card":"summary_large_image","twitter_misc":{"Dur\u00e9e de lecture estim\u00e9e":"1 minute"},"schema":{"@context":"https:\/\/schema.org","@graph":[{"@type":"WebPage","@id":"https:\/\/www.insolitbcn.com\/fr\/produit\/dew\/","url":"https:\/\/www.insolitbcn.com\/fr\/produit\/dew\/","name":"Lampe design Dew par Insolit Barcelona Lighting","isPartOf":{"@id":"https:\/\/www.insolitbcn.com\/fr\/#website"},"primaryImageOfPage":{"@id":"https:\/\/www.insolitbcn.com\/fr\/produit\/dew\/#primaryimage"},"image":{"@id":"https:\/\/www.insolitbcn.com\/fr\/produit\/dew\/#primaryimage"},"thumbnailUrl":"https:\/\/www.insolitbcn.com\/wp-content\/uploads\/2024\/10\/DEW.jpg","datePublished":"2024-10-10T15:44:08+00:00","dateModified":"2025-12-30T09:01:53+00:00","breadcrumb":{"@id":"https:\/\/www.insolitbcn.com\/fr\/produit\/dew\/#breadcrumb"},"inLanguage":"fr-FR","potentialAction":[{"@type":"ReadAction","target":["https:\/\/www.insolitbcn.com\/fr\/produit\/dew\/"]}]},{"@type":"ImageObject","inLanguage":"fr-FR","@id":"https:\/\/www.insolitbcn.com\/fr\/produit\/dew\/#primaryimage","url":"https:\/\/www.insolitbcn.com\/wp-content\/uploads\/2024\/10\/DEW.jpg","contentUrl":"https:\/\/www.insolitbcn.com\/wp-content\/uploads\/2024\/10\/DEW.jpg","width":400,"height":677,"caption":"circular design suspension light"},{"@type":"BreadcrumbList","@id":"https:\/\/www.insolitbcn.com\/fr\/produit\/dew\/#breadcrumb","itemListElement":[{"@type":"ListItem","position":1,"name":"Portada","item":"https:\/\/www.insolitbcn.com\/fr\/"},{"@type":"ListItem","position":2,"name":"Lampes","item":"https:\/\/www.insolitbcn.com\/lamparas\/"},{"@type":"ListItem","position":3,"name":"Dew"}]},{"@type":"WebSite","@id":"https:\/\/www.insolitbcn.com\/fr\/#website","url":"https:\/\/www.insolitbcn.com\/fr\/","name":"Insolit","description":"We craft lighting pieces that shape ambiance and reveal identity","publisher":{"@id":"https:\/\/www.insolitbcn.com\/fr\/#organization"},"alternateName":"L\u00e1mparas de Dise\u00f1o","potentialAction":[{"@type":"SearchAction","target":{"@type":"EntryPoint","urlTemplate":"https:\/\/www.insolitbcn.com\/fr\/?s={search_term_string}"},"query-input":{"@type":"PropertyValueSpecification","valueRequired":true,"valueName":"search_term_string"}}],"inLanguage":"fr-FR"},{"@type":"Organization","@id":"https:\/\/www.insolitbcn.com\/fr\/#organization","name":"Insolit","alternateName":"L\u00e1mparas de Dise\u00f1o","url":"https:\/\/www.insolitbcn.com\/fr\/","logo":{"@type":"ImageObject","inLanguage":"fr-FR","@id":"https:\/\/www.insolitbcn.com\/fr\/#\/schema\/logo\/image\/","url":"https:\/\/www.insolitbcn.com\/wp-content\/uploads\/2024\/02\/insolit-imagen-696.jpg","contentUrl":"https:\/\/www.insolitbcn.com\/wp-content\/uploads\/2024\/02\/insolit-imagen-696.jpg","width":696,"height":696,"caption":"Insolit"},"image":{"@id":"https:\/\/www.insolitbcn.com\/fr\/#\/schema\/logo\/image\/"},"sameAs":["https:\/\/www.facebook.com\/insolitbcnlighting\/?locale=es_ES","https:\/\/www.instagram.com\/insolit_bcn_lighting\/?hl=es","https:\/\/www.linkedin.com\/company\/insolit-bcn-lighting\/posts\/?feedView=all","https:\/\/es.pinterest.com\/insolitbcn\/","https:\/\/www.youtube.com\/watch?v=1jz99K0VUKA"]}]}},"_links":{"self":[{"href":"https:\/\/www.insolitbcn.com\/fr\/wp-json\/wp\/v2\/product\/24136","targetHints":{"allow":["GET"]}}],"collection":[{"href":"https:\/\/www.insolitbcn.com\/fr\/wp-json\/wp\/v2\/product"}],"about":[{"href":"https:\/\/www.insolitbcn.com\/fr\/wp-json\/wp\/v2\/types\/product"}],"wp:featuredmedia":[{"embeddable":true,"href":"https:\/\/www.insolitbcn.com\/fr\/wp-json\/wp\/v2\/media\/24095"}],"wp:attachment":[{"href":"https:\/\/www.insolitbcn.com\/fr\/wp-json\/wp\/v2\/media?parent=24136"}],"wp:term":[{"taxonomy":"product_brand","embeddable":true,"href":"https:\/\/www.insolitbcn.com\/fr\/wp-json\/wp\/v2\/product_brand?post=24136"},{"taxonomy":"product_cat","embeddable":true,"href":"https:\/\/www.insolitbcn.com\/fr\/wp-json\/wp\/v2\/product_cat?post=24136"},{"taxonomy":"product_tag","embeddable":true,"href":"https:\/\/www.insolitbcn.com\/fr\/wp-json\/wp\/v2\/product_tag?post=24136"},{"taxonomy":"disenador","embeddable":true,"href":"https:\/\/www.insolitbcn.com\/fr\/wp-json\/wp\/v2\/disenador?post=24136"}],"curies":[{"name":"wp","href":"https:\/\/api.w.org\/{rel}","templated":true}]}}