{"id":25743,"date":"2025-03-13T17:32:54","date_gmt":"2025-03-13T16:32:54","guid":{"rendered":"https:\/\/www.insolitbcn.com\/?post_type=product&#038;p=25743"},"modified":"2026-03-12T01:18:17","modified_gmt":"2026-03-12T00:18:17","slug":"25743","status":"publish","type":"product","link":"https:\/\/www.insolitbcn.com\/fr\/produit\/25743\/","title":{"rendered":"Glass Tensor"},"content":{"rendered":"","protected":false},"excerpt":{"rendered":"<p>Pour \u00e9clairer avec \u00e9l\u00e9gance et sophistication, le luminaire suspendu Glass Tensor allie la l\u00e9g\u00e8ret\u00e9 du design \u00e0 la fonctionnalit\u00e9. Fabriqu\u00e9e \u00e0 partir de tubes de verre cannel\u00e9s, sa structure est suspendue au plafond par un tenseur et se termine au sol par un autre tenseur et un poids qui assure sa stabilit\u00e9. Cette pi\u00e8ce cr\u00e9e un impact visuel impressionnant, tout en \u00e9clairant de mani\u00e8re subtile et enveloppante. Corps en tube d&#8217;acier. LED sur PCB con\u00e7u par Insolit. Lumi\u00e8re dimmable avec gradateur int\u00e9gr\u00e9. Enti\u00e8rement personnalisable.<\/p>\n","protected":false},"featured_media":25725,"template":"","meta":{"_acf_changed":false},"product_brand":[],"product_cat":[943,672],"product_tag":[1039],"disenador":[708],"class_list":{"0":"post-25743","1":"product","2":"type-product","3":"status-publish","4":"has-post-thumbnail","6":"product_cat-glass-tensor-fr","7":"product_cat-glass-fr","8":"product_tag-glass","9":"disenador-josep-lluis-xucla-fr","11":"first","12":"instock","13":"taxable","14":"shipping-taxable","15":"purchasable","16":"product-type-variable","17":"has-default-attributes"},"acf":[],"yoast_head":"<!-- This site is optimized with the Yoast SEO plugin v26.3 - https:\/\/yoast.com\/wordpress\/plugins\/seo\/ -->\n<title>Lampe design Glass Tensor par Insolit Barcelona Lighting<\/title>\n<meta name=\"robots\" content=\"index, follow, max-snippet:-1, max-image-preview:large, max-video-preview:-1\" \/>\n<link rel=\"canonical\" href=\"https:\/\/www.insolitbcn.com\/fr\/produit\/25743\/\" \/>\n<meta property=\"og:locale\" content=\"fr_FR\" \/>\n<meta property=\"og:type\" content=\"article\" \/>\n<meta property=\"og:title\" content=\"Lampe design Glass Tensor par Insolit Barcelona Lighting\" \/>\n<meta property=\"og:description\" content=\"Pour \u00e9clairer avec \u00e9l\u00e9gance et sophistication, le luminaire suspendu Glass Tensor allie la l\u00e9g\u00e8ret\u00e9 du design \u00e0 la fonctionnalit\u00e9. Fabriqu\u00e9e \u00e0 partir de tubes de verre cannel\u00e9s, sa structure est suspendue au plafond par un tenseur et se termine au sol par un autre tenseur et un poids qui assure sa stabilit\u00e9. Cette pi\u00e8ce cr\u00e9e un impact visuel impressionnant, tout en \u00e9clairant de mani\u00e8re subtile et enveloppante. Corps en tube d&#039;acier. LED sur PCB con\u00e7u par Insolit. Lumi\u00e8re dimmable avec gradateur int\u00e9gr\u00e9. Enti\u00e8rement personnalisable.\" \/>\n<meta property=\"og:url\" content=\"https:\/\/www.insolitbcn.com\/fr\/produit\/25743\/\" \/>\n<meta property=\"og:site_name\" content=\"Insolit Barcelona Lighting\" \/>\n<meta property=\"article:publisher\" content=\"https:\/\/www.facebook.com\/insolitbcnlighting\/?locale=es_ES\" \/>\n<meta property=\"article:modified_time\" content=\"2026-03-12T00:18:17+00:00\" \/>\n<meta property=\"og:image\" content=\"https:\/\/www.insolitbcn.com\/wp-content\/uploads\/2025\/03\/Insolit-1254-Glass-Tensor-cover.png\" \/>\n\t<meta property=\"og:image:width\" content=\"401\" \/>\n\t<meta property=\"og:image:height\" content=\"677\" \/>\n\t<meta property=\"og:image:type\" content=\"image\/png\" \/>\n<meta name=\"twitter:card\" content=\"summary_large_image\" \/>\n<meta name=\"twitter:label1\" content=\"Dur\u00e9e de lecture estim\u00e9e\" \/>\n\t<meta name=\"twitter:data1\" content=\"1 minute\" \/>\n<script type=\"application\/ld+json\" class=\"yoast-schema-graph\">{\"@context\":\"https:\/\/schema.org\",\"@graph\":[{\"@type\":\"WebPage\",\"@id\":\"https:\/\/www.insolitbcn.com\/fr\/produit\/25743\/\",\"url\":\"https:\/\/www.insolitbcn.com\/fr\/produit\/25743\/\",\"name\":\"Lampe design Glass Tensor par Insolit Barcelona Lighting\",\"isPartOf\":{\"@id\":\"https:\/\/www.insolitbcn.com\/fr\/#website\"},\"primaryImageOfPage\":{\"@id\":\"https:\/\/www.insolitbcn.com\/fr\/produit\/25743\/#primaryimage\"},\"image\":{\"@id\":\"https:\/\/www.insolitbcn.com\/fr\/produit\/25743\/#primaryimage\"},\"thumbnailUrl\":\"https:\/\/www.insolitbcn.com\/wp-content\/uploads\/2025\/03\/Insolit-1254-Glass-Tensor-cover.png\",\"datePublished\":\"2025-03-13T16:32:54+00:00\",\"dateModified\":\"2026-03-12T00:18:17+00:00\",\"breadcrumb\":{\"@id\":\"https:\/\/www.insolitbcn.com\/fr\/produit\/25743\/#breadcrumb\"},\"inLanguage\":\"fr-FR\",\"potentialAction\":[{\"@type\":\"ReadAction\",\"target\":[\"https:\/\/www.insolitbcn.com\/fr\/produit\/25743\/\"]}]},{\"@type\":\"ImageObject\",\"inLanguage\":\"fr-FR\",\"@id\":\"https:\/\/www.insolitbcn.com\/fr\/produit\/25743\/#primaryimage\",\"url\":\"https:\/\/www.insolitbcn.com\/wp-content\/uploads\/2025\/03\/Insolit-1254-Glass-Tensor-cover.png\",\"contentUrl\":\"https:\/\/www.insolitbcn.com\/wp-content\/uploads\/2025\/03\/Insolit-1254-Glass-Tensor-cover.png\",\"width\":401,\"height\":677,\"caption\":\"design suspension light\"},{\"@type\":\"BreadcrumbList\",\"@id\":\"https:\/\/www.insolitbcn.com\/fr\/produit\/25743\/#breadcrumb\",\"itemListElement\":[{\"@type\":\"ListItem\",\"position\":1,\"name\":\"Portada\",\"item\":\"https:\/\/www.insolitbcn.com\/fr\/\"},{\"@type\":\"ListItem\",\"position\":2,\"name\":\"Lampes\",\"item\":\"https:\/\/www.insolitbcn.com\/lamparas\/\"},{\"@type\":\"ListItem\",\"position\":3,\"name\":\"Glass Tensor\"}]},{\"@type\":\"WebSite\",\"@id\":\"https:\/\/www.insolitbcn.com\/fr\/#website\",\"url\":\"https:\/\/www.insolitbcn.com\/fr\/\",\"name\":\"Insolit\",\"description\":\"We craft lighting pieces that shape ambiance and reveal identity\",\"publisher\":{\"@id\":\"https:\/\/www.insolitbcn.com\/fr\/#organization\"},\"alternateName\":\"L\u00e1mparas de Dise\u00f1o\",\"potentialAction\":[{\"@type\":\"SearchAction\",\"target\":{\"@type\":\"EntryPoint\",\"urlTemplate\":\"https:\/\/www.insolitbcn.com\/fr\/?s={search_term_string}\"},\"query-input\":{\"@type\":\"PropertyValueSpecification\",\"valueRequired\":true,\"valueName\":\"search_term_string\"}}],\"inLanguage\":\"fr-FR\"},{\"@type\":\"Organization\",\"@id\":\"https:\/\/www.insolitbcn.com\/fr\/#organization\",\"name\":\"Insolit\",\"alternateName\":\"L\u00e1mparas de Dise\u00f1o\",\"url\":\"https:\/\/www.insolitbcn.com\/fr\/\",\"logo\":{\"@type\":\"ImageObject\",\"inLanguage\":\"fr-FR\",\"@id\":\"https:\/\/www.insolitbcn.com\/fr\/#\/schema\/logo\/image\/\",\"url\":\"https:\/\/www.insolitbcn.com\/wp-content\/uploads\/2024\/02\/insolit-imagen-696.jpg\",\"contentUrl\":\"https:\/\/www.insolitbcn.com\/wp-content\/uploads\/2024\/02\/insolit-imagen-696.jpg\",\"width\":696,\"height\":696,\"caption\":\"Insolit\"},\"image\":{\"@id\":\"https:\/\/www.insolitbcn.com\/fr\/#\/schema\/logo\/image\/\"},\"sameAs\":[\"https:\/\/www.facebook.com\/insolitbcnlighting\/?locale=es_ES\",\"https:\/\/www.instagram.com\/insolit_bcn_lighting\/?hl=es\",\"https:\/\/www.linkedin.com\/company\/insolit-bcn-lighting\/posts\/?feedView=all\",\"https:\/\/es.pinterest.com\/insolitbcn\/\",\"https:\/\/www.youtube.com\/watch?v=1jz99K0VUKA\"]}]}<\/script>\n<!-- \/ Yoast SEO plugin. -->","yoast_head_json":{"title":"Lampe design Glass Tensor par Insolit Barcelona Lighting","robots":{"index":"index","follow":"follow","max-snippet":"max-snippet:-1","max-image-preview":"max-image-preview:large","max-video-preview":"max-video-preview:-1"},"canonical":"https:\/\/www.insolitbcn.com\/fr\/produit\/25743\/","og_locale":"fr_FR","og_type":"article","og_title":"Lampe design Glass Tensor par Insolit Barcelona Lighting","og_description":"Pour \u00e9clairer avec \u00e9l\u00e9gance et sophistication, le luminaire suspendu Glass Tensor allie la l\u00e9g\u00e8ret\u00e9 du design \u00e0 la fonctionnalit\u00e9. Fabriqu\u00e9e \u00e0 partir de tubes de verre cannel\u00e9s, sa structure est suspendue au plafond par un tenseur et se termine au sol par un autre tenseur et un poids qui assure sa stabilit\u00e9. Cette pi\u00e8ce cr\u00e9e un impact visuel impressionnant, tout en \u00e9clairant de mani\u00e8re subtile et enveloppante. Corps en tube d'acier. LED sur PCB con\u00e7u par Insolit. Lumi\u00e8re dimmable avec gradateur int\u00e9gr\u00e9. Enti\u00e8rement personnalisable.","og_url":"https:\/\/www.insolitbcn.com\/fr\/produit\/25743\/","og_site_name":"Insolit Barcelona Lighting","article_publisher":"https:\/\/www.facebook.com\/insolitbcnlighting\/?locale=es_ES","article_modified_time":"2026-03-12T00:18:17+00:00","og_image":[{"width":401,"height":677,"url":"https:\/\/www.insolitbcn.com\/wp-content\/uploads\/2025\/03\/Insolit-1254-Glass-Tensor-cover.png","type":"image\/png"}],"twitter_card":"summary_large_image","twitter_misc":{"Dur\u00e9e de lecture estim\u00e9e":"1 minute"},"schema":{"@context":"https:\/\/schema.org","@graph":[{"@type":"WebPage","@id":"https:\/\/www.insolitbcn.com\/fr\/produit\/25743\/","url":"https:\/\/www.insolitbcn.com\/fr\/produit\/25743\/","name":"Lampe design Glass Tensor par Insolit Barcelona Lighting","isPartOf":{"@id":"https:\/\/www.insolitbcn.com\/fr\/#website"},"primaryImageOfPage":{"@id":"https:\/\/www.insolitbcn.com\/fr\/produit\/25743\/#primaryimage"},"image":{"@id":"https:\/\/www.insolitbcn.com\/fr\/produit\/25743\/#primaryimage"},"thumbnailUrl":"https:\/\/www.insolitbcn.com\/wp-content\/uploads\/2025\/03\/Insolit-1254-Glass-Tensor-cover.png","datePublished":"2025-03-13T16:32:54+00:00","dateModified":"2026-03-12T00:18:17+00:00","breadcrumb":{"@id":"https:\/\/www.insolitbcn.com\/fr\/produit\/25743\/#breadcrumb"},"inLanguage":"fr-FR","potentialAction":[{"@type":"ReadAction","target":["https:\/\/www.insolitbcn.com\/fr\/produit\/25743\/"]}]},{"@type":"ImageObject","inLanguage":"fr-FR","@id":"https:\/\/www.insolitbcn.com\/fr\/produit\/25743\/#primaryimage","url":"https:\/\/www.insolitbcn.com\/wp-content\/uploads\/2025\/03\/Insolit-1254-Glass-Tensor-cover.png","contentUrl":"https:\/\/www.insolitbcn.com\/wp-content\/uploads\/2025\/03\/Insolit-1254-Glass-Tensor-cover.png","width":401,"height":677,"caption":"design suspension light"},{"@type":"BreadcrumbList","@id":"https:\/\/www.insolitbcn.com\/fr\/produit\/25743\/#breadcrumb","itemListElement":[{"@type":"ListItem","position":1,"name":"Portada","item":"https:\/\/www.insolitbcn.com\/fr\/"},{"@type":"ListItem","position":2,"name":"Lampes","item":"https:\/\/www.insolitbcn.com\/lamparas\/"},{"@type":"ListItem","position":3,"name":"Glass Tensor"}]},{"@type":"WebSite","@id":"https:\/\/www.insolitbcn.com\/fr\/#website","url":"https:\/\/www.insolitbcn.com\/fr\/","name":"Insolit","description":"We craft lighting pieces that shape ambiance and reveal identity","publisher":{"@id":"https:\/\/www.insolitbcn.com\/fr\/#organization"},"alternateName":"L\u00e1mparas de Dise\u00f1o","potentialAction":[{"@type":"SearchAction","target":{"@type":"EntryPoint","urlTemplate":"https:\/\/www.insolitbcn.com\/fr\/?s={search_term_string}"},"query-input":{"@type":"PropertyValueSpecification","valueRequired":true,"valueName":"search_term_string"}}],"inLanguage":"fr-FR"},{"@type":"Organization","@id":"https:\/\/www.insolitbcn.com\/fr\/#organization","name":"Insolit","alternateName":"L\u00e1mparas de Dise\u00f1o","url":"https:\/\/www.insolitbcn.com\/fr\/","logo":{"@type":"ImageObject","inLanguage":"fr-FR","@id":"https:\/\/www.insolitbcn.com\/fr\/#\/schema\/logo\/image\/","url":"https:\/\/www.insolitbcn.com\/wp-content\/uploads\/2024\/02\/insolit-imagen-696.jpg","contentUrl":"https:\/\/www.insolitbcn.com\/wp-content\/uploads\/2024\/02\/insolit-imagen-696.jpg","width":696,"height":696,"caption":"Insolit"},"image":{"@id":"https:\/\/www.insolitbcn.com\/fr\/#\/schema\/logo\/image\/"},"sameAs":["https:\/\/www.facebook.com\/insolitbcnlighting\/?locale=es_ES","https:\/\/www.instagram.com\/insolit_bcn_lighting\/?hl=es","https:\/\/www.linkedin.com\/company\/insolit-bcn-lighting\/posts\/?feedView=all","https:\/\/es.pinterest.com\/insolitbcn\/","https:\/\/www.youtube.com\/watch?v=1jz99K0VUKA"]}]}},"_links":{"self":[{"href":"https:\/\/www.insolitbcn.com\/fr\/wp-json\/wp\/v2\/product\/25743","targetHints":{"allow":["GET"]}}],"collection":[{"href":"https:\/\/www.insolitbcn.com\/fr\/wp-json\/wp\/v2\/product"}],"about":[{"href":"https:\/\/www.insolitbcn.com\/fr\/wp-json\/wp\/v2\/types\/product"}],"wp:featuredmedia":[{"embeddable":true,"href":"https:\/\/www.insolitbcn.com\/fr\/wp-json\/wp\/v2\/media\/25725"}],"wp:attachment":[{"href":"https:\/\/www.insolitbcn.com\/fr\/wp-json\/wp\/v2\/media?parent=25743"}],"wp:term":[{"taxonomy":"product_brand","embeddable":true,"href":"https:\/\/www.insolitbcn.com\/fr\/wp-json\/wp\/v2\/product_brand?post=25743"},{"taxonomy":"product_cat","embeddable":true,"href":"https:\/\/www.insolitbcn.com\/fr\/wp-json\/wp\/v2\/product_cat?post=25743"},{"taxonomy":"product_tag","embeddable":true,"href":"https:\/\/www.insolitbcn.com\/fr\/wp-json\/wp\/v2\/product_tag?post=25743"},{"taxonomy":"disenador","embeddable":true,"href":"https:\/\/www.insolitbcn.com\/fr\/wp-json\/wp\/v2\/disenador?post=25743"}],"curies":[{"name":"wp","href":"https:\/\/api.w.org\/{rel}","templated":true}]}}