{"id":28228,"date":"2026-01-23T18:54:23","date_gmt":"2026-01-23T17:54:23","guid":{"rendered":"https:\/\/www.insolitbcn.com\/?post_type=product&#038;p=28228"},"modified":"2026-01-24T08:05:11","modified_gmt":"2026-01-24T07:05:11","slug":"suspension-lineaire-led-gravity","status":"publish","type":"product","link":"https:\/\/www.insolitbcn.com\/fr\/produit\/suspension-lineaire-led-gravity\/","title":{"rendered":"Gravity"},"content":{"rendered":"","protected":false},"excerpt":{"rendered":"<p>Luminaire suspendu lin\u00e9aire design avec profil tubulaire en aluminium extrud\u00e9 de 25 mm de diam\u00e8tre, int\u00e9grant des projecteurs focaux pour un \u00e9clairage direct et pr\u00e9cis. LED sur PCB con\u00e7u par Insolit. Hauteur r\u00e9glable gr\u00e2ce \u00e0 deux c\u00e2bles porteurs aliment\u00e9s sans fil apparent. Rosace de surface. Enti\u00e8rement personnalisable.<\/p>\n","protected":false},"featured_media":29607,"template":"","meta":{"_acf_changed":false},"product_brand":[],"product_cat":[1072,1052],"product_tag":[1068],"disenador":[1061],"class_list":{"0":"post-28228","1":"product","2":"type-product","3":"status-publish","4":"has-post-thumbnail","6":"product_cat-suspension","7":"product_cat-gravity-lampe-suspension","8":"product_tag-gravity","9":"disenador-cabinet-architecture","11":"first","12":"instock","13":"taxable","14":"shipping-taxable","15":"purchasable","16":"product-type-variable","17":"has-default-attributes"},"acf":[],"yoast_head":"<!-- This site is optimized with the Yoast SEO plugin v26.3 - https:\/\/yoast.com\/wordpress\/plugins\/seo\/ -->\n<title>Suspension Lineaire - Gravity du Insolit Barcelona Lighting<\/title>\n<meta name=\"description\" content=\"Lampe suspendue lin\u00e9aire avec un profil tubulaire de 25 mm et des spots int\u00e9gr\u00e9s pour offrir un \u00e9clairage focalis\u00e9. Disponible en deux longueurs: 160 et 300\" \/>\n<meta name=\"robots\" content=\"index, follow, max-snippet:-1, max-image-preview:large, max-video-preview:-1\" \/>\n<link rel=\"canonical\" href=\"https:\/\/www.insolitbcn.com\/fr\/produit\/suspension-lineaire-led-gravity\/\" \/>\n<meta property=\"og:locale\" content=\"fr_FR\" \/>\n<meta property=\"og:type\" content=\"article\" \/>\n<meta property=\"og:title\" content=\"Suspension Lineaire - Gravity du Insolit Barcelona Lighting\" \/>\n<meta property=\"og:description\" content=\"Lampe suspendue lin\u00e9aire avec un profil tubulaire de 25 mm et des spots int\u00e9gr\u00e9s pour offrir un \u00e9clairage focalis\u00e9. Disponible en deux longueurs: 160 et 300\" \/>\n<meta property=\"og:url\" content=\"https:\/\/www.insolitbcn.com\/fr\/produit\/suspension-lineaire-led-gravity\/\" \/>\n<meta property=\"og:site_name\" content=\"Insolit Barcelona Lighting\" \/>\n<meta property=\"article:publisher\" content=\"https:\/\/www.facebook.com\/insolitbcnlighting\/?locale=es_ES\" \/>\n<meta property=\"article:modified_time\" content=\"2026-01-24T07:05:11+00:00\" \/>\n<meta property=\"og:image\" content=\"https:\/\/www.insolitbcn.com\/wp-content\/uploads\/2026\/01\/Gravity-lampara-de-diseno-lineal-insolit-qart-studio-9.jpg\" \/>\n\t<meta property=\"og:image:width\" content=\"652\" \/>\n\t<meta property=\"og:image:height\" content=\"526\" \/>\n\t<meta property=\"og:image:type\" content=\"image\/jpeg\" \/>\n<meta name=\"twitter:card\" content=\"summary_large_image\" \/>\n<meta name=\"twitter:label1\" content=\"Dur\u00e9e de lecture estim\u00e9e\" \/>\n\t<meta name=\"twitter:data1\" content=\"1 minute\" \/>\n<script type=\"application\/ld+json\" class=\"yoast-schema-graph\">{\"@context\":\"https:\/\/schema.org\",\"@graph\":[{\"@type\":\"WebPage\",\"@id\":\"https:\/\/www.insolitbcn.com\/fr\/produit\/suspension-lineaire-led-gravity\/\",\"url\":\"https:\/\/www.insolitbcn.com\/fr\/produit\/suspension-lineaire-led-gravity\/\",\"name\":\"Suspension Lineaire - Gravity du Insolit Barcelona Lighting\",\"isPartOf\":{\"@id\":\"https:\/\/www.insolitbcn.com\/fr\/#website\"},\"primaryImageOfPage\":{\"@id\":\"https:\/\/www.insolitbcn.com\/fr\/produit\/suspension-lineaire-led-gravity\/#primaryimage\"},\"image\":{\"@id\":\"https:\/\/www.insolitbcn.com\/fr\/produit\/suspension-lineaire-led-gravity\/#primaryimage\"},\"thumbnailUrl\":\"https:\/\/www.insolitbcn.com\/wp-content\/uploads\/2026\/01\/Gravity-lampara-de-diseno-lineal-insolit-qart-studio-10.jpg\",\"datePublished\":\"2026-01-23T17:54:23+00:00\",\"dateModified\":\"2026-01-24T07:05:11+00:00\",\"description\":\"Lampe suspendue lin\u00e9aire avec un profil tubulaire de 25 mm et des spots int\u00e9gr\u00e9s pour offrir un \u00e9clairage focalis\u00e9. Disponible en deux longueurs: 160 et 300\",\"breadcrumb\":{\"@id\":\"https:\/\/www.insolitbcn.com\/fr\/produit\/suspension-lineaire-led-gravity\/#breadcrumb\"},\"inLanguage\":\"fr-FR\",\"potentialAction\":[{\"@type\":\"ReadAction\",\"target\":[\"https:\/\/www.insolitbcn.com\/fr\/produit\/suspension-lineaire-led-gravity\/\"]}]},{\"@type\":\"ImageObject\",\"inLanguage\":\"fr-FR\",\"@id\":\"https:\/\/www.insolitbcn.com\/fr\/produit\/suspension-lineaire-led-gravity\/#primaryimage\",\"url\":\"https:\/\/www.insolitbcn.com\/wp-content\/uploads\/2026\/01\/Gravity-lampara-de-diseno-lineal-insolit-qart-studio-10.jpg\",\"contentUrl\":\"https:\/\/www.insolitbcn.com\/wp-content\/uploads\/2026\/01\/Gravity-lampara-de-diseno-lineal-insolit-qart-studio-10.jpg\",\"width\":400,\"height\":677,\"caption\":\"Lampara de dise\u00f1o lineal Insolit QART Studio\"},{\"@type\":\"BreadcrumbList\",\"@id\":\"https:\/\/www.insolitbcn.com\/fr\/produit\/suspension-lineaire-led-gravity\/#breadcrumb\",\"itemListElement\":[{\"@type\":\"ListItem\",\"position\":1,\"name\":\"Portada\",\"item\":\"https:\/\/www.insolitbcn.com\/fr\/\"},{\"@type\":\"ListItem\",\"position\":2,\"name\":\"Lampes\",\"item\":\"https:\/\/www.insolitbcn.com\/lamparas\/\"},{\"@type\":\"ListItem\",\"position\":3,\"name\":\"Gravity\"}]},{\"@type\":\"WebSite\",\"@id\":\"https:\/\/www.insolitbcn.com\/fr\/#website\",\"url\":\"https:\/\/www.insolitbcn.com\/fr\/\",\"name\":\"Insolit\",\"description\":\"We craft lighting pieces that shape ambiance and reveal identity\",\"publisher\":{\"@id\":\"https:\/\/www.insolitbcn.com\/fr\/#organization\"},\"alternateName\":\"L\u00e1mparas de Dise\u00f1o\",\"potentialAction\":[{\"@type\":\"SearchAction\",\"target\":{\"@type\":\"EntryPoint\",\"urlTemplate\":\"https:\/\/www.insolitbcn.com\/fr\/?s={search_term_string}\"},\"query-input\":{\"@type\":\"PropertyValueSpecification\",\"valueRequired\":true,\"valueName\":\"search_term_string\"}}],\"inLanguage\":\"fr-FR\"},{\"@type\":\"Organization\",\"@id\":\"https:\/\/www.insolitbcn.com\/fr\/#organization\",\"name\":\"Insolit\",\"alternateName\":\"L\u00e1mparas de Dise\u00f1o\",\"url\":\"https:\/\/www.insolitbcn.com\/fr\/\",\"logo\":{\"@type\":\"ImageObject\",\"inLanguage\":\"fr-FR\",\"@id\":\"https:\/\/www.insolitbcn.com\/fr\/#\/schema\/logo\/image\/\",\"url\":\"https:\/\/www.insolitbcn.com\/wp-content\/uploads\/2024\/02\/insolit-imagen-696.jpg\",\"contentUrl\":\"https:\/\/www.insolitbcn.com\/wp-content\/uploads\/2024\/02\/insolit-imagen-696.jpg\",\"width\":696,\"height\":696,\"caption\":\"Insolit\"},\"image\":{\"@id\":\"https:\/\/www.insolitbcn.com\/fr\/#\/schema\/logo\/image\/\"},\"sameAs\":[\"https:\/\/www.facebook.com\/insolitbcnlighting\/?locale=es_ES\",\"https:\/\/www.instagram.com\/insolit_bcn_lighting\/?hl=es\",\"https:\/\/www.linkedin.com\/company\/insolit-bcn-lighting\/posts\/?feedView=all\",\"https:\/\/es.pinterest.com\/insolitbcn\/\",\"https:\/\/www.youtube.com\/watch?v=1jz99K0VUKA\"]}]}<\/script>\n<!-- \/ Yoast SEO plugin. -->","yoast_head_json":{"title":"Suspension Lineaire - Gravity du Insolit Barcelona Lighting","description":"Lampe suspendue lin\u00e9aire avec un profil tubulaire de 25 mm et des spots int\u00e9gr\u00e9s pour offrir un \u00e9clairage focalis\u00e9. Disponible en deux longueurs: 160 et 300","robots":{"index":"index","follow":"follow","max-snippet":"max-snippet:-1","max-image-preview":"max-image-preview:large","max-video-preview":"max-video-preview:-1"},"canonical":"https:\/\/www.insolitbcn.com\/fr\/produit\/suspension-lineaire-led-gravity\/","og_locale":"fr_FR","og_type":"article","og_title":"Suspension Lineaire - Gravity du Insolit Barcelona Lighting","og_description":"Lampe suspendue lin\u00e9aire avec un profil tubulaire de 25 mm et des spots int\u00e9gr\u00e9s pour offrir un \u00e9clairage focalis\u00e9. Disponible en deux longueurs: 160 et 300","og_url":"https:\/\/www.insolitbcn.com\/fr\/produit\/suspension-lineaire-led-gravity\/","og_site_name":"Insolit Barcelona Lighting","article_publisher":"https:\/\/www.facebook.com\/insolitbcnlighting\/?locale=es_ES","article_modified_time":"2026-01-24T07:05:11+00:00","og_image":[{"width":652,"height":526,"url":"https:\/\/www.insolitbcn.com\/wp-content\/uploads\/2026\/01\/Gravity-lampara-de-diseno-lineal-insolit-qart-studio-9.jpg","type":"image\/jpeg"}],"twitter_card":"summary_large_image","twitter_misc":{"Dur\u00e9e de lecture estim\u00e9e":"1 minute"},"schema":{"@context":"https:\/\/schema.org","@graph":[{"@type":"WebPage","@id":"https:\/\/www.insolitbcn.com\/fr\/produit\/suspension-lineaire-led-gravity\/","url":"https:\/\/www.insolitbcn.com\/fr\/produit\/suspension-lineaire-led-gravity\/","name":"Suspension Lineaire - Gravity du Insolit Barcelona Lighting","isPartOf":{"@id":"https:\/\/www.insolitbcn.com\/fr\/#website"},"primaryImageOfPage":{"@id":"https:\/\/www.insolitbcn.com\/fr\/produit\/suspension-lineaire-led-gravity\/#primaryimage"},"image":{"@id":"https:\/\/www.insolitbcn.com\/fr\/produit\/suspension-lineaire-led-gravity\/#primaryimage"},"thumbnailUrl":"https:\/\/www.insolitbcn.com\/wp-content\/uploads\/2026\/01\/Gravity-lampara-de-diseno-lineal-insolit-qart-studio-10.jpg","datePublished":"2026-01-23T17:54:23+00:00","dateModified":"2026-01-24T07:05:11+00:00","description":"Lampe suspendue lin\u00e9aire avec un profil tubulaire de 25 mm et des spots int\u00e9gr\u00e9s pour offrir un \u00e9clairage focalis\u00e9. Disponible en deux longueurs: 160 et 300","breadcrumb":{"@id":"https:\/\/www.insolitbcn.com\/fr\/produit\/suspension-lineaire-led-gravity\/#breadcrumb"},"inLanguage":"fr-FR","potentialAction":[{"@type":"ReadAction","target":["https:\/\/www.insolitbcn.com\/fr\/produit\/suspension-lineaire-led-gravity\/"]}]},{"@type":"ImageObject","inLanguage":"fr-FR","@id":"https:\/\/www.insolitbcn.com\/fr\/produit\/suspension-lineaire-led-gravity\/#primaryimage","url":"https:\/\/www.insolitbcn.com\/wp-content\/uploads\/2026\/01\/Gravity-lampara-de-diseno-lineal-insolit-qart-studio-10.jpg","contentUrl":"https:\/\/www.insolitbcn.com\/wp-content\/uploads\/2026\/01\/Gravity-lampara-de-diseno-lineal-insolit-qart-studio-10.jpg","width":400,"height":677,"caption":"Lampara de dise\u00f1o lineal Insolit QART Studio"},{"@type":"BreadcrumbList","@id":"https:\/\/www.insolitbcn.com\/fr\/produit\/suspension-lineaire-led-gravity\/#breadcrumb","itemListElement":[{"@type":"ListItem","position":1,"name":"Portada","item":"https:\/\/www.insolitbcn.com\/fr\/"},{"@type":"ListItem","position":2,"name":"Lampes","item":"https:\/\/www.insolitbcn.com\/lamparas\/"},{"@type":"ListItem","position":3,"name":"Gravity"}]},{"@type":"WebSite","@id":"https:\/\/www.insolitbcn.com\/fr\/#website","url":"https:\/\/www.insolitbcn.com\/fr\/","name":"Insolit","description":"We craft lighting pieces that shape ambiance and reveal identity","publisher":{"@id":"https:\/\/www.insolitbcn.com\/fr\/#organization"},"alternateName":"L\u00e1mparas de Dise\u00f1o","potentialAction":[{"@type":"SearchAction","target":{"@type":"EntryPoint","urlTemplate":"https:\/\/www.insolitbcn.com\/fr\/?s={search_term_string}"},"query-input":{"@type":"PropertyValueSpecification","valueRequired":true,"valueName":"search_term_string"}}],"inLanguage":"fr-FR"},{"@type":"Organization","@id":"https:\/\/www.insolitbcn.com\/fr\/#organization","name":"Insolit","alternateName":"L\u00e1mparas de Dise\u00f1o","url":"https:\/\/www.insolitbcn.com\/fr\/","logo":{"@type":"ImageObject","inLanguage":"fr-FR","@id":"https:\/\/www.insolitbcn.com\/fr\/#\/schema\/logo\/image\/","url":"https:\/\/www.insolitbcn.com\/wp-content\/uploads\/2024\/02\/insolit-imagen-696.jpg","contentUrl":"https:\/\/www.insolitbcn.com\/wp-content\/uploads\/2024\/02\/insolit-imagen-696.jpg","width":696,"height":696,"caption":"Insolit"},"image":{"@id":"https:\/\/www.insolitbcn.com\/fr\/#\/schema\/logo\/image\/"},"sameAs":["https:\/\/www.facebook.com\/insolitbcnlighting\/?locale=es_ES","https:\/\/www.instagram.com\/insolit_bcn_lighting\/?hl=es","https:\/\/www.linkedin.com\/company\/insolit-bcn-lighting\/posts\/?feedView=all","https:\/\/es.pinterest.com\/insolitbcn\/","https:\/\/www.youtube.com\/watch?v=1jz99K0VUKA"]}]}},"_links":{"self":[{"href":"https:\/\/www.insolitbcn.com\/fr\/wp-json\/wp\/v2\/product\/28228","targetHints":{"allow":["GET"]}}],"collection":[{"href":"https:\/\/www.insolitbcn.com\/fr\/wp-json\/wp\/v2\/product"}],"about":[{"href":"https:\/\/www.insolitbcn.com\/fr\/wp-json\/wp\/v2\/types\/product"}],"wp:featuredmedia":[{"embeddable":true,"href":"https:\/\/www.insolitbcn.com\/fr\/wp-json\/wp\/v2\/media\/29607"}],"wp:attachment":[{"href":"https:\/\/www.insolitbcn.com\/fr\/wp-json\/wp\/v2\/media?parent=28228"}],"wp:term":[{"taxonomy":"product_brand","embeddable":true,"href":"https:\/\/www.insolitbcn.com\/fr\/wp-json\/wp\/v2\/product_brand?post=28228"},{"taxonomy":"product_cat","embeddable":true,"href":"https:\/\/www.insolitbcn.com\/fr\/wp-json\/wp\/v2\/product_cat?post=28228"},{"taxonomy":"product_tag","embeddable":true,"href":"https:\/\/www.insolitbcn.com\/fr\/wp-json\/wp\/v2\/product_tag?post=28228"},{"taxonomy":"disenador","embeddable":true,"href":"https:\/\/www.insolitbcn.com\/fr\/wp-json\/wp\/v2\/disenador?post=28228"}],"curies":[{"name":"wp","href":"https:\/\/api.w.org\/{rel}","templated":true}]}}